{"id":1486,"date":"2026-01-20T12:11:11","date_gmt":"2026-01-20T12:11:11","guid":{"rendered":"https:\/\/bonuskongcasino.com\/login-and-registration\/"},"modified":"2026-03-02T12:15:31","modified_gmt":"2026-03-02T12:15:31","slug":"logowanie-i-rejestracja","status":"publish","type":"page","link":"https:\/\/thorfortuneonline.org\/pl\/logowanie-i-rejestracja\/","title":{"rendered":"Logowanie i rejestracja"},"content":{"rendered":"<h1>Logowanie i rejestracja konta Thorfortune<\/h1>\n<p>Odblokowanie wszystkich mo\u017cliwo\u015bci naszego kasyna jest zawsze \u0142atwe z Thorfortune login. Jest to nieograniczony dost\u0119p do naszej flagowej platformy kasyna online, kt\u00f3ra oferuje bezpieczne \u015brodowisko i \u0142atwy w obs\u0142udze interfejs. Thorfortune Casino oferuje solidne zabezpieczenia i kompleksowe zarz\u0105dzanie kontem, co czyni je niezawodnym i anga\u017cuj\u0105cym miejscem dla wszystkich polskich fan\u00f3w gier.<\/p>\n<p><div class=\"banner-wrap\" aria-label=\"Banner\"><img src=\"https:\/\/thorfortuneonline.org\/wp-content\/uploads\/2026\/03\/Thorfortune-bnr-pc.webp\" class=\"w-100 d-none d-lg-block img-pc main-banner-img\" alt=\"Thorfortune banner desktop\" fetchpriority=\"high\" decoding=\"async\"><img src=\"https:\/\/thorfortuneonline.org\/wp-content\/uploads\/2026\/03\/thorfortune-banner-mobile.webp\" class=\"w-100 d-none d-md-block d-lg-none main-banner-img\" alt=\"Thorfortune banner mobile\" fetchpriority=\"high\" decoding=\"async\"><img src=\"https:\/\/thorfortuneonline.org\/wp-content\/uploads\/2026\/03\/thorfortune-banner-mobile.webp\" class=\"w-100 d-md-none\" alt=\"Thorfortune banner mobile\" fetchpriority=\"high\" decoding=\"async\"><div class=\"banner-description\">\n<div class=\"banner-title\">Bonusy powitalne<\/div>\n<p class=\"banner-header-title\">1500 \u20ac<\/p>\n<div class=\"banner-header-AdditionalText\">+ 250 Darmowe spiny<\/div>\n<button data-item=\"homepage_banner_link\" class=\"goto m-button m-gradient-border m-button--primary m-button--large banner-button btn-orange\">\n            <div class=\"m-button-content\">\n                <span>Zarejestruj si\u0119 teraz<\/span>\n                <span><\/span>\n            <\/div>\n        <\/button>\n<\/div>\n<div class=\"WelcomePack\">\n<p><img loading=\"lazy\" decoding=\"async\" class=\"alignnone size-full wp-image-1848\" src=\"https:\/\/thor-fortune.org\/wp-content\/uploads\/2026\/03\/welcome-crown.png\" alt=\"welcome crown\" width=\"25\" height=\"26\" \/><\/p>\n<div class=\"WelcomePack-Info\">Cotygodniowy zwrot got\u00f3wki do 25%<\/div>\n<p><img loading=\"lazy\" decoding=\"async\" class=\"alignnone size-full wp-image-1848\" src=\"https:\/\/thor-fortune.org\/wp-content\/uploads\/2026\/03\/welcome-crown.png\" alt=\"welcome crown\" width=\"25\" height=\"26\" \/><\/p>\n<\/div>\n<\/div><div class=\"scrollable-content-wrap my-5\"><div class=\"scrollable-content-inner\"><h2>Rejestracja nowego u\u017cytkownika w Thor Fortune<\/h2>\n<p>Wiemy, \u017ce chcesz uzyska\u0107 ekskluzywny dost\u0119p do naszego kasyna Thorfortune. Utworzenie nowego konta w Thor Fortune daje dost\u0119p do ogromnych mo\u017cliwo\u015bci gry, specjalnych bonus\u00f3w i unikalnych funkcji. Nowi u\u017cytkownicy s\u0105 r\u00f3wnie\u017c bardzo mile widziani \u2014 ka\u017cda nowa rejestracja wi\u0105\u017ce si\u0119 z powitaln\u0105 niespodziank\u0105 \u2014 1500 \u20ac i 250 darmowych spin\u00f3w dla ka\u017cdego nowego cz\u0142onka!<\/p>\n<p>Dzi\u0119ki logowaniu do Thorfortune nigdy nie przegapisz bonus\u00f3w od depozytu i darmowych spin\u00f3w, kt\u00f3re poprawi\u0105 Twoje pierwsze wra\u017cenia. Ponadto rejestracja zapewni dost\u0119p do ci\u0105g\u0142ych promocji, turniej\u00f3w i korzy\u015bci lojalno\u015bciowych.<\/p>\n<p>W Thor Fortune uwielbiamy cz\u0119ste wizyty i umo\u017cliwiamy gromadzenie punkt\u00f3w, kt\u00f3re mo\u017cna zamieni\u0107 na got\u00f3wk\u0119 lub kredyty bonusowe.<\/p>\n<h3>Za\u0142\u00f3\u017c konto<\/h3>\n<p>Czy jeste\u015b podekscytowany do\u0142\u0105czeniem do Thorfortune Casino? Je\u015bli tak, oto jak mo\u017cesz to zrobi\u0107:<\/p>\n<ol>\n<li>Przyciski \u201eZarejestruj si\u0119\u201d i \u201eZaloguj si\u0119\u201d znajduj\u0105 si\u0119 tu\u017c obok siebie. Wybierz \u201eZarejestruj si\u0119\u201d, a nasz przyjazny baner z napisem \u201ePakiet powitalny do 1500 \u20ac + 250 darmowych spin\u00f3w\u201d wywo\u0142a u\u015bmiech na Twojej twarzy.<\/li>\n<li>Kliknij pole, aby wprowadzi\u0107 sw\u00f3j adres e-mail.<\/li>\n<li>Wprowad\u017a has\u0142o \u2014 unikalne i bezpieczne.<\/li>\n<li>Wprowad\u017a nasz kod promocyjny. Wiele os\u00f3b pyta nas, jak uzyska\u0107 kody promocyjne. Je\u015bli zapiszesz si\u0119 do naszego newslettera (mo\u017cesz to zrobi\u0107 w polu poni\u017cej w tym formularzu), czasami wysy\u0142amy kody promocyjne poczt\u0105 elektroniczn\u0105.<\/li>\n<li>Zaznacz, aby potwierdzi\u0107, \u017ce masz uko\u0144czone 18 lat.<\/li>\n<li>Kliknij \u201eZarejestruj si\u0119\u201d.<\/li>\n<li>Przejd\u017a do skrzynki odbiorczej poczty e-mail, znajd\u017a wiadomo\u015b\u0107 weryfikacyjn\u0105 i kliknij link, aby potwierdzi\u0107 konto.<\/li>\n<li>Po aktywacji b\u0119dziesz m\u00f3g\u0142 zalogowa\u0107 si\u0119 przy u\u017cyciu adresu e-mail i has\u0142a, aby uzyska\u0107 dost\u0119p do wszystkich funkcji i rozpocz\u0105\u0107 gr\u0119.<\/li>\n<li>Alternatywnie mo\u017cesz zarejestrowa\u0107 si\u0119 w Thorfortune Casino za pomoc\u0105 konta Google.<\/li>\n<\/ol>\n<p><img loading=\"lazy\" decoding=\"async\" class=\"alignnone size-full wp-image-2032\" src=\"https:\/\/thor-fortune.org\/wp-content\/uploads\/2026\/03\/Thorfortune-login-page.webp\" alt=\"Thorfortune login page\" width=\"1248\" height=\"536\" srcset=\"https:\/\/thorfortuneonline.org\/wp-content\/uploads\/2026\/03\/Thorfortune-login-page.webp 1248w, https:\/\/thorfortuneonline.org\/wp-content\/uploads\/2026\/03\/Thorfortune-login-page-300x129.webp 300w, https:\/\/thorfortuneonline.org\/wp-content\/uploads\/2026\/03\/Thorfortune-login-page-1024x440.webp 1024w, https:\/\/thorfortuneonline.org\/wp-content\/uploads\/2026\/03\/Thorfortune-login-page-768x330.webp 768w\" sizes=\"(max-width: 1248px) 100vw, 1248px\" \/><\/p>\n<h2>Korzystanie z konta Thorfortune Casino<\/h2>\n<p>Podobny proces ma miejsce podczas logowania si\u0119 do Thorfortune.<\/p>\n<ol>\n<li>Kliknij przycisk \u201eZaloguj si\u0119\u201d obok rejestracji.<\/li>\n<li>Wprowad\u017a sw\u00f3j adres e-mail i has\u0142o.<\/li>\n<li>Zaloguj si\u0119 (lub skorzystaj z opcji logowania do Thorfortune za pomoc\u0105 Google).<\/li>\n<\/ol>\n<p>Po zalogowaniu mo\u017cesz zrobi\u0107 wiele rzeczy. Przyjrzyjmy si\u0119 bli\u017cej mo\u017cliwo\u015bciom logowania do Thorfortune.<\/p>\n<p>Twoje konto i bezpiecze\u0144stwo:<\/p>\n<table>\n<tbody>\n<tr>\n<td>Funkcja<\/td>\n<td>Opis<\/td>\n<\/tr>\n<tr>\n<td>Wp\u0142aty i wyp\u0142aty \u015brodk\u00f3w<\/td>\n<td>\u0141atwo zarz\u0105dzaj swoim saldem dzi\u0119ki r\u00f3\u017cnorodnym bezpiecznym opcjom p\u0142atno\u015bci.<\/td>\n<\/tr>\n<tr>\n<td>Ustawienia bezpiecze\u0144stwa<\/td>\n<td>Zwi\u0119ksz bezpiecze\u0144stwo swojego konta dzi\u0119ki uwierzytelnianiu dwusk\u0142adnikowemu (2FA).<\/td>\n<\/tr>\n<\/tbody>\n<\/table>\n<p>R\u00f3\u017cnorodne bonusy w kasynie Thor Fortune:<\/p>\n<table>\n<tbody>\n<tr>\n<td>Funkcja<\/td>\n<td>Opis<\/td>\n<\/tr>\n<tr>\n<td>Wykorzystanie bonusu<\/td>\n<td>Odblokuj ekscytuj\u0105ce promocje i natychmiast popraw swoj\u0105 rozgrywk\u0119.<\/td>\n<\/tr>\n<tr>\n<td>Programy lojalno\u015bciowe i VIP<\/td>\n<td>Do\u0142\u0105cz do elitarnych klub\u00f3w lojalno\u015bciowych i zbieraj punkty, aby otrzyma\u0107 ekskluzywne bonusy i nagrody.<\/td>\n<\/tr>\n<\/tbody>\n<\/table>\n<p>Pulpit nawigacyjny:<\/p>\n<table>\n<tbody>\n<tr>\n<td>Funkcja<\/td>\n<td>Opis<\/td>\n<\/tr>\n<tr>\n<td>Historia transakcji<\/td>\n<td>\u015aled\u017a swoje wp\u0142aty, wyp\u0142aty i dzia\u0142ania zwi\u0105zane z zak\u0142adami.<\/td>\n<\/tr>\n<tr>\n<td>Zarz\u0105dzanie profilem<\/td>\n<td>Z \u0142atwo\u015bci\u0105 aktualizuj swoje dane osobowe, dane kontaktowe i metody p\u0142atno\u015bci.<\/td>\n<\/tr>\n<\/tbody>\n<\/table>\n<p>Interfejs konta Thorfortune jest tak przyjazny dla u\u017cytkownika, \u017ce \u0142atwo si\u0119 po nim porusza\u0107, co oznacza, \u017ce gracze mog\u0105 uzyska\u0107 dost\u0119p do funkcji i tworzy\u0107 w\u0142asne do\u015bwiadczenia.<\/p>\n<h3>Weryfikacja konta i bezpiecze\u0144stwo w kasynie Thorfortune<\/h3>\n<p>Ka\u017cdy gracz Thorfortune Casino powinien przej\u015b\u0107 proces weryfikacji KYC, aby m\u00f3c p\u0142ynnie przelewa\u0107 pieni\u0105dze, zdobywa\u0107 wygrane i swobodnie porusza\u0107 si\u0119 po platformie. Thor Fortune ceni sobie bezpieczne \u015brodowisko gry.<\/p>\n<p>Je\u015bli uwa\u017casz, \u017ce te warto\u015bci znajduj\u0105 odd\u017awi\u0119k w Twoim sercu, jak najszybciej dostarcz nam oficjalne dokumenty to\u017csamo\u015bci \u2014 dokumenty to\u017csamo\u015bci wydane przez rz\u0105d i dokumenty potwierdzaj\u0105ce adres \u2014 podczas procesu weryfikacji. \u015arodek ten jest zgodny z normami i przepisami bran\u017cowymi, kt\u00f3re przyczyniaj\u0105 si\u0119 do zapobiegania oszustwom i uczciwej grze.<\/p>\n<p>Thorfortune stosuje kilka \u015brodk\u00f3w bezpiecze\u0144stwa, takich jak szyfrowanie AES, protoko\u0142y TLS 1.2 i 1.3, zapory sieciowe oraz ca\u0142odobowy monitoring systemu. Chronimy dane osobowe i finansowe przed nieuprawnionym dost\u0119pem. Gracze mog\u0105 r\u00f3wnie\u017c w\u0142\u0105czy\u0107 2FA i regularnie aktualizowa\u0107 dane swojego konta, aby jeszcze bardziej zwi\u0119kszy\u0107 bezpiecze\u0144stwo. Regularne audyty przyspieszaj\u0105 proces wyp\u0142aty \u015brodk\u00f3w i, w razie potrzeby, odzyskiwania konta, je\u015bli gracze zostan\u0105 w pe\u0142ni sprawdzeni i zatwierdzeni przez nasz zesp\u00f3\u0142 pomocy technicznej.<\/p>\n<h3>Nie pami\u0119tasz has\u0142a?<\/h3>\n<p>A skoro mowa o zapomnieniu danych konta i procesie odzyskiwania, w Thor Fortune wiemy, jak przywr\u00f3ci\u0107 Ci dost\u0119p do konta.<\/p>\n<ol>\n<li>Po klikni\u0119ciu loginu Thorfortune zobaczysz baner \u201eNie pami\u0119tasz has\u0142a?\u201d. Po prostu go dotknij.<\/li>\n<li>Wprowad\u017a adres e-mail.<\/li>\n<li>Post\u0119puj zgodnie z instrukcjami wys\u0142anymi na Tw\u00f3j adres e-mail. Znajdziesz tam link do resetowania has\u0142a.<\/li>\n<li>Wymy\u015bl nowe has\u0142o i zweryfikuj je.<\/li>\n<\/ol>\n<p>Aby pom\u00f3c Ci pokona\u0107 wszelkie trudno\u015bci zwi\u0105zane z tym procesem, nasz zesp\u00f3\u0142 wsparcia technicznego jest dost\u0119pny na czacie na \u017cywo, gdzie pomo\u017ce Ci odzyska\u0107 i zweryfikowa\u0107 konto.<\/p>\n<h2>FAQ<\/h2>\n<h3>Jak zako\u0144czy\u0107 proces weryfikacji konta?<\/h3>\n<p>Aby potwierdzi\u0107 swoje konto w Thorfortune, prze\u015blij wyra\u017ane kopie oficjalnych dokument\u00f3w to\u017csamo\u015bci i potwierdzenia adresu za pomoc\u0105 bezpiecznego portalu przesy\u0142ania plik\u00f3w w ustawieniach konta. Proces weryfikacji jest zazwyczaj szybki, wi\u0119c nie musisz si\u0119 martwi\u0107, \u017ce przeszkodzi Ci to w zabawie.<\/p>\n<h3>Jak zaktualizowa\u0107 has\u0142o lub adres e-mail?<\/h3>\n<p>Po zalogowaniu si\u0119 do Thorfortune przejd\u017a do zarz\u0105dzania kontem i wybierz opcj\u0119 aktualizacji danych. Thorfortune stosuje \u015brodki bezpiecze\u0144stwa, kt\u00f3re nie pozwalaj\u0105 na wprowadzanie aktualizacji bez autoryzacji, a przed dokonaniem jakichkolwiek zmian nale\u017cy przeprowadzi\u0107 weryfikacj\u0119. Najpierw musisz wi\u0119c potwierdzi\u0107, \u017ce to rzeczywi\u015bcie Ty.<\/p>\n<h3>Co mam zrobi\u0107, je\u015bli moje konto jest zablokowane?<\/h3>\n<p>Je\u015bli Twoje konto jest niedost\u0119pne, skontaktuj si\u0119 z zespo\u0142em pomocy technicznej za po\u015brednictwem czatu na \u017cywo lub poczty elektronicznej. Na wszelki wypadek mo\u017ce by\u0107 konieczna weryfikacja. Nasze kasyno oferuje wieloj\u0119zyczn\u0105 obs\u0142ug\u0119, dlatego zapewniamy wsparcie w wielu j\u0119zykach. Prosimy wi\u0119c o jak najszybszy kontakt i poinformowanie nas o tym, co si\u0119 sta\u0142o, dlaczego nie mo\u017cesz zalogowa\u0107 si\u0119 do Thorfortune, a my Ci pomo\u017cemy.<\/p>\n<\/div><\/div><\/p>\n","protected":false},"excerpt":{"rendered":"<p>Logowanie i rejestracja konta Thorfortune Odblokowanie wszystkich mo\u017cliwo\u015bci naszego kasyna jest zawsze \u0142atwe z Thorfortune login. Jest to nieograniczony dost\u0119p do naszej flagowej platformy kasyna online, kt\u00f3ra oferuje bezpieczne \u015brodowisko i \u0142atwy w obs\u0142udze interfejs. Thorfortune Casino oferuje solidne zabezpieczenia i kompleksowe zarz\u0105dzanie kontem, co czyni je niezawodnym i anga\u017cuj\u0105cym miejscem dla wszystkich polskich fan\u00f3w [&hellip;]<\/p>\n","protected":false},"author":1,"featured_media":0,"parent":0,"menu_order":0,"comment_status":"closed","ping_status":"closed","template":"template-builder.php","meta":{"_acf_changed":false,"inline_featured_image":false,"footnotes":""},"class_list":["post-1486","page","type-page","status-publish","hentry"],"acf":[],"yoast_head":"<!-- This site is optimized with the Yoast SEO plugin v24.4 - https:\/\/yoast.com\/wordpress\/plugins\/seo\/ -->\n<title>Thorfortune Logowanie i rejestracja w serwisie<\/title>\n<meta name=\"description\" content=\"Bez wysi\u0142ku tw\u00f3rz, zarz\u0105dzaj i weryfikuj swoje konto w kasynie Thorfortune. Ciesz si\u0119 szybk\u0105 rejestracj\u0105, \u0142atwym odzyskiwaniem konta i bezpiecznym zamkni\u0119ciem dzi\u0119ki Thorfortune Login, zapewniaj\u0105cym ochron\u0119 Twojego konta przez ca\u0142\u0105 dob\u0119.\" \/>\n<meta name=\"robots\" content=\"index, follow, max-snippet:-1, max-image-preview:large, max-video-preview:-1\" \/>\n<link rel=\"canonical\" href=\"https:\/\/thorfortuneonline.org\/pl\/logowanie-i-rejestracja\/\" \/>\n<meta property=\"og:locale\" content=\"pl_PL\" \/>\n<meta property=\"og:type\" content=\"article\" \/>\n<meta property=\"og:title\" content=\"Thorfortune Logowanie i rejestracja w serwisie\" \/>\n<meta property=\"og:description\" content=\"Bez wysi\u0142ku tw\u00f3rz, zarz\u0105dzaj i weryfikuj swoje konto w kasynie Thorfortune. Ciesz si\u0119 szybk\u0105 rejestracj\u0105, \u0142atwym odzyskiwaniem konta i bezpiecznym zamkni\u0119ciem dzi\u0119ki Thorfortune Login, zapewniaj\u0105cym ochron\u0119 Twojego konta przez ca\u0142\u0105 dob\u0119.\" \/>\n<meta property=\"og:url\" content=\"https:\/\/thorfortuneonline.org\/pl\/logowanie-i-rejestracja\/\" \/>\n<meta property=\"og:site_name\" content=\"thorfortune\" \/>\n<meta property=\"article:modified_time\" content=\"2026-03-02T12:15:31+00:00\" \/>\n<meta name=\"twitter:card\" content=\"summary_large_image\" \/>\n<meta name=\"twitter:label1\" content=\"Est. reading time\" \/>\n\t<meta name=\"twitter:data1\" content=\"1 minute\" \/>\n<script type=\"application\/ld+json\" class=\"yoast-schema-graph\">{\"@context\":\"https:\/\/schema.org\",\"@graph\":[{\"@type\":\"WebPage\",\"@id\":\"https:\/\/thorfortuneonline.org\/pl\/logowanie-i-rejestracja\/\",\"url\":\"https:\/\/thorfortuneonline.org\/pl\/logowanie-i-rejestracja\/\",\"name\":\"Thorfortune Logowanie i rejestracja w serwisie\",\"isPartOf\":{\"@id\":\"https:\/\/thorfortuneonline.org\/pl\/#website\"},\"datePublished\":\"2026-01-20T12:11:11+00:00\",\"dateModified\":\"2026-03-02T12:15:31+00:00\",\"description\":\"Bez wysi\u0142ku tw\u00f3rz, zarz\u0105dzaj i weryfikuj swoje konto w kasynie Thorfortune. Ciesz si\u0119 szybk\u0105 rejestracj\u0105, \u0142atwym odzyskiwaniem konta i bezpiecznym zamkni\u0119ciem dzi\u0119ki Thorfortune Login, zapewniaj\u0105cym ochron\u0119 Twojego konta przez ca\u0142\u0105 dob\u0119.\",\"breadcrumb\":{\"@id\":\"https:\/\/thorfortuneonline.org\/pl\/logowanie-i-rejestracja\/#breadcrumb\"},\"inLanguage\":\"pl-PL\",\"potentialAction\":[{\"@type\":\"ReadAction\",\"target\":[\"https:\/\/thorfortuneonline.org\/pl\/logowanie-i-rejestracja\/\"]}]},{\"@type\":\"BreadcrumbList\",\"@id\":\"https:\/\/thorfortuneonline.org\/pl\/logowanie-i-rejestracja\/#breadcrumb\",\"itemListElement\":[{\"@type\":\"ListItem\",\"position\":1,\"name\":\"Thorfortune\",\"item\":\"https:\/\/thorfortuneonline.org\/pl\/\"},{\"@type\":\"ListItem\",\"position\":2,\"name\":\"Logowanie i rejestracja\"}]},{\"@type\":\"WebSite\",\"@id\":\"https:\/\/thorfortuneonline.org\/pl\/#website\",\"url\":\"https:\/\/thorfortuneonline.org\/pl\/\",\"name\":\"Thorfortune\",\"description\":\"\",\"publisher\":{\"@id\":\"https:\/\/thorfortuneonline.org\/pl\/#organization\"},\"potentialAction\":[{\"@type\":\"SearchAction\",\"target\":{\"@type\":\"EntryPoint\",\"urlTemplate\":\"https:\/\/thorfortuneonline.org\/pl\/?s={search_term_string}\"},\"query-input\":{\"@type\":\"PropertyValueSpecification\",\"valueRequired\":true,\"valueName\":\"search_term_string\"}}],\"inLanguage\":\"pl-PL\"},{\"@type\":\"Organization\",\"@id\":\"https:\/\/thorfortuneonline.org\/pl\/#organization\",\"name\":\"Thorfortune\",\"url\":\"https:\/\/thorfortuneonline.org\/pl\/\",\"logo\":{\"@type\":\"ImageObject\",\"inLanguage\":\"pl-PL\",\"@id\":\"https:\/\/thorfortuneonline.org\/pl\/#\/schema\/logo\/image\/\",\"url\":\"https:\/\/thorfortuneonline.org\/wp-content\/uploads\/2026\/03\/logo.png\",\"contentUrl\":\"https:\/\/thorfortuneonline.org\/wp-content\/uploads\/2026\/03\/logo.png\",\"width\":160,\"height\":37,\"caption\":\"Thorfortune\"},\"image\":{\"@id\":\"https:\/\/thorfortuneonline.org\/pl\/#\/schema\/logo\/image\/\"}}]}<\/script>\n<!-- \/ Yoast SEO plugin. -->","yoast_head_json":{"title":"Thorfortune Logowanie i rejestracja w serwisie","description":"Bez wysi\u0142ku tw\u00f3rz, zarz\u0105dzaj i weryfikuj swoje konto w kasynie Thorfortune. Ciesz si\u0119 szybk\u0105 rejestracj\u0105, \u0142atwym odzyskiwaniem konta i bezpiecznym zamkni\u0119ciem dzi\u0119ki Thorfortune Login, zapewniaj\u0105cym ochron\u0119 Twojego konta przez ca\u0142\u0105 dob\u0119.","robots":{"index":"index","follow":"follow","max-snippet":"max-snippet:-1","max-image-preview":"max-image-preview:large","max-video-preview":"max-video-preview:-1"},"canonical":"https:\/\/thorfortuneonline.org\/pl\/logowanie-i-rejestracja\/","og_locale":"pl_PL","og_type":"article","og_title":"Thorfortune Logowanie i rejestracja w serwisie","og_description":"Bez wysi\u0142ku tw\u00f3rz, zarz\u0105dzaj i weryfikuj swoje konto w kasynie Thorfortune. Ciesz si\u0119 szybk\u0105 rejestracj\u0105, \u0142atwym odzyskiwaniem konta i bezpiecznym zamkni\u0119ciem dzi\u0119ki Thorfortune Login, zapewniaj\u0105cym ochron\u0119 Twojego konta przez ca\u0142\u0105 dob\u0119.","og_url":"https:\/\/thorfortuneonline.org\/pl\/logowanie-i-rejestracja\/","og_site_name":"thorfortune","article_modified_time":"2026-03-02T12:15:31+00:00","twitter_card":"summary_large_image","twitter_misc":{"Est. reading time":"1 minute"},"schema":{"@context":"https:\/\/schema.org","@graph":[{"@type":"WebPage","@id":"https:\/\/thorfortuneonline.org\/pl\/logowanie-i-rejestracja\/","url":"https:\/\/thorfortuneonline.org\/pl\/logowanie-i-rejestracja\/","name":"Thorfortune Logowanie i rejestracja w serwisie","isPartOf":{"@id":"https:\/\/thorfortuneonline.org\/pl\/#website"},"datePublished":"2026-01-20T12:11:11+00:00","dateModified":"2026-03-02T12:15:31+00:00","description":"Bez wysi\u0142ku tw\u00f3rz, zarz\u0105dzaj i weryfikuj swoje konto w kasynie Thorfortune. Ciesz si\u0119 szybk\u0105 rejestracj\u0105, \u0142atwym odzyskiwaniem konta i bezpiecznym zamkni\u0119ciem dzi\u0119ki Thorfortune Login, zapewniaj\u0105cym ochron\u0119 Twojego konta przez ca\u0142\u0105 dob\u0119.","breadcrumb":{"@id":"https:\/\/thorfortuneonline.org\/pl\/logowanie-i-rejestracja\/#breadcrumb"},"inLanguage":"pl-PL","potentialAction":[{"@type":"ReadAction","target":["https:\/\/thorfortuneonline.org\/pl\/logowanie-i-rejestracja\/"]}]},{"@type":"BreadcrumbList","@id":"https:\/\/thorfortuneonline.org\/pl\/logowanie-i-rejestracja\/#breadcrumb","itemListElement":[{"@type":"ListItem","position":1,"name":"Thorfortune","item":"https:\/\/thorfortuneonline.org\/pl\/"},{"@type":"ListItem","position":2,"name":"Logowanie i rejestracja"}]},{"@type":"WebSite","@id":"https:\/\/thorfortuneonline.org\/pl\/#website","url":"https:\/\/thorfortuneonline.org\/pl\/","name":"Thorfortune","description":"","publisher":{"@id":"https:\/\/thorfortuneonline.org\/pl\/#organization"},"potentialAction":[{"@type":"SearchAction","target":{"@type":"EntryPoint","urlTemplate":"https:\/\/thorfortuneonline.org\/pl\/?s={search_term_string}"},"query-input":{"@type":"PropertyValueSpecification","valueRequired":true,"valueName":"search_term_string"}}],"inLanguage":"pl-PL"},{"@type":"Organization","@id":"https:\/\/thorfortuneonline.org\/pl\/#organization","name":"Thorfortune","url":"https:\/\/thorfortuneonline.org\/pl\/","logo":{"@type":"ImageObject","inLanguage":"pl-PL","@id":"https:\/\/thorfortuneonline.org\/pl\/#\/schema\/logo\/image\/","url":"https:\/\/thorfortuneonline.org\/wp-content\/uploads\/2026\/03\/logo.png","contentUrl":"https:\/\/thorfortuneonline.org\/wp-content\/uploads\/2026\/03\/logo.png","width":160,"height":37,"caption":"Thorfortune"},"image":{"@id":"https:\/\/thorfortuneonline.org\/pl\/#\/schema\/logo\/image\/"}}]}},"_links":{"self":[{"href":"https:\/\/thorfortuneonline.org\/pl\/wp-json\/wp\/v2\/pages\/1486"}],"collection":[{"href":"https:\/\/thorfortuneonline.org\/pl\/wp-json\/wp\/v2\/pages"}],"about":[{"href":"https:\/\/thorfortuneonline.org\/pl\/wp-json\/wp\/v2\/types\/page"}],"author":[{"embeddable":true,"href":"https:\/\/thorfortuneonline.org\/pl\/wp-json\/wp\/v2\/users\/1"}],"replies":[{"embeddable":true,"href":"https:\/\/thorfortuneonline.org\/pl\/wp-json\/wp\/v2\/comments?post=1486"}],"version-history":[{"count":3,"href":"https:\/\/thorfortuneonline.org\/pl\/wp-json\/wp\/v2\/pages\/1486\/revisions"}],"predecessor-version":[{"id":2097,"href":"https:\/\/thorfortuneonline.org\/pl\/wp-json\/wp\/v2\/pages\/1486\/revisions\/2097"}],"wp:attachment":[{"href":"https:\/\/thorfortuneonline.org\/pl\/wp-json\/wp\/v2\/media?parent=1486"}],"curies":[{"name":"wp","href":"https:\/\/api.w.org\/{rel}","templated":true}]}}