{"id":1447,"date":"2026-01-20T12:08:23","date_gmt":"2026-01-20T12:08:23","guid":{"rendered":"https:\/\/bonuskongcasino.com\/app\/"},"modified":"2026-03-02T12:14:05","modified_gmt":"2026-03-02T12:14:05","slug":"aplikacja","status":"publish","type":"page","link":"https:\/\/thorfortuneonline.org\/pl\/aplikacja\/","title":{"rendered":"Aplikacja"},"content":{"rendered":"<h1>Platforma mobilna Thor Fortune<\/h1>\n<p>Thorfortune app to wszechstronne mobile casino, kt\u00f3re pozwala polskim graczom cieszy\u0107 si\u0119 dowoln\u0105 gr\u0105 na swoich telefonach. Oprogramowanie naszej platformy posiada zaawansowane funkcje, wysok\u0105 wydajno\u015b\u0107 i \u0142atw\u0105 nawigacj\u0119. Mo\u017cesz by\u0107 pewien, \u017ce otrzymasz bezpieczn\u0105 i wydajn\u0105 aplikacj\u0119 PWA. R\u00f3\u017cnorodno\u015b\u0107 Thor Fortune w por\u00f3wnaniu z innymi urz\u0105dzeniami sprawia, \u017ce jest to jedna z preferowanych platform do gier mobilnych.<\/p>\n<div class=\"banner-wrap\" aria-label=\"Banner\"><img src=\"https:\/\/thorfortuneonline.org\/wp-content\/uploads\/2026\/03\/Thorfortune-bnr-pc.webp\" class=\"w-100 d-none d-lg-block img-pc main-banner-img\" alt=\"Thorfortune banner desktop\" fetchpriority=\"high\" decoding=\"async\"><img src=\"https:\/\/thorfortuneonline.org\/wp-content\/uploads\/2026\/03\/thorfortune-banner-mobile.webp\" class=\"w-100 d-none d-md-block d-lg-none main-banner-img\" alt=\"Thorfortune banner mobile\" fetchpriority=\"high\" decoding=\"async\"><img src=\"https:\/\/thorfortuneonline.org\/wp-content\/uploads\/2026\/03\/thorfortune-banner-mobile.webp\" class=\"w-100 d-md-none\" alt=\"Thorfortune banner mobile\" fetchpriority=\"high\" decoding=\"async\"><div class=\"banner-description\">\n<div class=\"banner-title\">Bonusy powitalne<\/div>\n<p class=\"banner-header-title\">1500 \u20ac<\/p>\n<div class=\"banner-header-AdditionalText\">+ 250 Darmowe spiny<\/div>\n<button data-item=\"homepage_banner_link\" class=\"goto m-button m-gradient-border m-button--primary m-button--large banner-button btn-orange\">\n            <div class=\"m-button-content\">\n                <span>Zarejestruj si\u0119 teraz<\/span>\n                <span><\/span>\n            <\/div>\n        <\/button>\n<\/div>\n<div class=\"WelcomePack\">\n<p><img loading=\"lazy\" decoding=\"async\" class=\"alignnone size-full wp-image-1848\" src=\"https:\/\/thor-fortune.org\/wp-content\/uploads\/2026\/03\/welcome-crown.png\" alt=\"welcome crown\" width=\"25\" height=\"26\" \/><\/p>\n<div class=\"WelcomePack-Info\">Cotygodniowy zwrot got\u00f3wki do 25%<\/div>\n<p><img loading=\"lazy\" decoding=\"async\" class=\"alignnone size-full wp-image-1848\" src=\"https:\/\/thor-fortune.org\/wp-content\/uploads\/2026\/03\/welcome-crown.png\" alt=\"welcome crown\" width=\"25\" height=\"26\" \/><\/p>\n<\/div>\n<\/div>\n<h2>Korzystanie z Thorfortune na urz\u0105dzeniach mobilnych<\/h2>\n<p>Mobilna gra kasynowa Thorfortune przenosi wra\u017cenia z gry na wy\u017cszy poziom i ma przewag\u0119 nad tradycyjnymi grami na komputery stacjonarne. Platforma mobilna jest naprawd\u0119 niesamowita. Wymienimy powody:<\/p>\n<ul>\n<li>Jest bardzo szybka w por\u00f3wnaniu z innymi us\u0142ugami mobilnymi;<\/li>\n<li>Jest \u0142atwo dost\u0119pna, poniewa\u017c nie ma potrzeby przeszukiwania sklep\u00f3w z aplikacjami;<\/li>\n<li>Jest bardzo responsywna, poniewa\u017c jest lekka i prawie nic nie wa\u017cy;<\/li>\n<li>Ka\u017cdy zarejestrowany gracz ma dost\u0119p do szerokiego wyboru automat\u00f3w online, gier z krupierem na \u017cywo i innych us\u0142ug Thorfortune Casino bez \u017cadnych problem\u00f3w.<\/li>\n<\/ul>\n<p>Aplikacja Thorfortune zosta\u0142a zaprojektowana do dzia\u0142ania na urz\u0105dzeniach przeno\u015bnych (Android i iPhone), w przeciwie\u0144stwie do wersji na komputery stacjonarne, i oferuje \u015brodowisko bez rozpraszaj\u0105cych element\u00f3w oraz \u0142atw\u0105 nawigacj\u0119.<\/p>\n<p>Projekt aplikacji koncentruje si\u0119 na szybkim czasie \u0142adowania i minimalnych ustawieniach. Nasi gracze mog\u0105 od razu przej\u015b\u0107 do swoich ulubionych gier. Aplikacja Thorfortune oferuje profesjonalne wra\u017cenia z gry, wysokiej jako\u015bci grafik\u0119 i responsywne sterowanie. Posiada r\u00f3wnie\u017c t\u0119 sam\u0105 szybk\u0105 funkcj\u0119 KYC, co wersja desktopowa Thor Fortune. Zapewniamy r\u00f3wnie\u017c bezpiecze\u0144stwo transakcji, co idzie w parze z naciskiem platformy na bezpiecze\u0144stwo.<\/p>\n<p><div class=\"scrollable-content-wrap my-5\"><div class=\"scrollable-content-inner\"><h2>Aplikacja mobilna Thorfortune na Androida<\/h2>\n<p>U\u017cytkownicy Androida mog\u0105 cieszy\u0107 si\u0119 uproszczon\u0105 i energooszcz\u0119dn\u0105 platform\u0105 do gier, kt\u00f3ra jest kompatybilna z szerok\u0105 gam\u0105 urz\u0105dze\u0144 z systemem Android. Jest to hybryda strony internetowej i aplikacji. Mo\u017cesz samemu wypr\u00f3bowa\u0107 wysok\u0105 pr\u0119dko\u015b\u0107 \u0142adowania i sta\u0142\u0105 wydajno\u015b\u0107. Interfejs aplikacji jest przyjazny dla u\u017cytkownika, a kategorie automat\u00f3w online, gier z krupierem na \u017cywo i promocji s\u0105 \u0142atwe do znalezienia.<\/p>\n<p>Automatyczne aktualizacje s\u0105 jedn\u0105 z g\u0142\u00f3wnych zalet aplikacji Thorfortune na Androida. Nie ma potrzeby r\u0119cznej reinstalacji ani aktualizacji. Aplikacja ma stabiln\u0105 i wysokiej jako\u015bci grafik\u0119, kt\u00f3ra poprawia wra\u017cenia z gry i zapewnia p\u0142ynn\u0105 rozgrywk\u0119 nawet na urz\u0105dzeniach z ni\u017cszej p\u00f3\u0142ki. Aplikacja ma r\u00f3wnie\u017c na celu dostarczanie wa\u017cnych informacji, takich jak powiadomienia push, dzi\u0119ki kt\u00f3rym gracze s\u0105 na bie\u017c\u0105co informowani o nowych grach i promocjach i nie przegapiaj\u0105 \u017cadnych informacji dotycz\u0105cych statusu swoich transakcji.<\/p>\n<h3>Dlaczego PWA zamiast APK?<\/h3>\n<p>PWA (Progressive Web App) ma kilka zalet w por\u00f3wnaniu z tradycyjnymi plikami APK. PWA nie wymagaj\u0105 pobierania ze sklep\u00f3w z aplikacjami, co zmniejsza problemy zwi\u0105zane z bezpiecze\u0144stwem i pami\u0119ci\u0105. \u0141aduj\u0105 si\u0119 one natychmiast w przegl\u0105darkach takich jak Chrome lub Firefox bez utraty wydajno\u015bci. Aplikacja jest automatycznie aktualizowana o nowe funkcje i zachowuje zgodno\u015b\u0107 z ewoluuj\u0105cymi standardami przegl\u0105darek i \u015brodkami bezpiecze\u0144stwa.<\/p>\n<p>Natomiast pliki APK wymagaj\u0105 r\u0119cznego pobierania i aktualizacji, co mo\u017ce by\u0107 k\u0142opotliwe pod wzgl\u0119dem bezpiecze\u0144stwa i kompatybilno\u015bci. Metoda PWA to najprostszy spos\u00f3b na dost\u0119p do Thorfortune Casino i gr\u0119 w nim. Zapewniamy prosty dost\u0119p poprzez bezpieczne, stabilne i szybkie \u015brodowisko gry, kt\u00f3re jest dostarczane bezpo\u015brednio do przegl\u0105darek urz\u0105dze\u0144 z systemem Android. Nie musisz martwi\u0107 si\u0119 o komplikacje, poniewa\u017c nasza aplikacja Thorfortune ma wszystko, czego potrzebuje Tw\u00f3j telefon kom\u00f3rkowy.<\/p>\n<p><img loading=\"lazy\" decoding=\"async\" class=\"alignnone size-full wp-image-2008\" src=\"https:\/\/thor-fortune.org\/wp-content\/uploads\/2026\/03\/Thorfortune-Android.webp\" alt=\"Thorfortune Android\" width=\"1248\" height=\"536\" srcset=\"https:\/\/thorfortuneonline.org\/wp-content\/uploads\/2026\/03\/Thorfortune-Android.webp 1248w, https:\/\/thorfortuneonline.org\/wp-content\/uploads\/2026\/03\/Thorfortune-Android-300x129.webp 300w, https:\/\/thorfortuneonline.org\/wp-content\/uploads\/2026\/03\/Thorfortune-Android-1024x440.webp 1024w, https:\/\/thorfortuneonline.org\/wp-content\/uploads\/2026\/03\/Thorfortune-Android-768x330.webp 768w\" sizes=\"(max-width: 1248px) 100vw, 1248px\" \/><\/p>\n<\/div><\/div><div style=\"clear: both\"><\/div><div class=\"d-flex justify-content-center\"><button data-item=\"decouvrez_link\" data-group=\"website_links\" class=\"goto fw-bold rounded-pill btn btn-orange\" aria-label=\"Pobierz aplikacj\u0119 Thorfortune\" >Pobierz aplikacj\u0119 Thorfortune<\/button><\/div><div class=\"scrollable-content-wrap my-5\"><div class=\"scrollable-content-inner\"><h2>Aplikacja mobilna Thorfortune na iOS<\/h2>\n<p>Aplikacja Thorfortune na iOS jest dostosowana do urz\u0105dze\u0144 Apple \u2014 iPad\u00f3w, iPhone&#8217;\u00f3w i MacBook\u00f3w. Nawet je\u015bli jeste\u015b przyzwyczajony do aplikacji natywnych, nasza PWA mile Ci\u0119 zaskoczy p\u0142ynno\u015bci\u0105 dzia\u0142ania, bez konieczno\u015bci instalacji lub wyszukiwania plik\u00f3w .exe w App Store. Z przyjemno\u015bci\u0105 odkryjesz wysokiej jako\u015bci grafik\u0119, szybkie \u0142adowanie i bezpieczn\u0105 platform\u0119 ze wszystkimi ulubionymi automatami online i grami z krupierem na \u017cywo, a tak\u017ce innymi udogodnieniami kasyna. Live Thorfortune r\u00f3wnie\u017c dzia\u0142a cuda \u2014 krupierzy nigdy si\u0119 nie zawieszaj\u0105, a proces jest tak samo realistyczny, jak w prawdziwym \u017cyciu. A to tylko skr\u00f3t, czy mo\u017cesz to sobie wyobrazi\u0107? Jak j\u0105 zainstalowa\u0107? To proste:<\/p>\n<ol>\n<li>Kliknij poni\u017csz\u0105 lini\u0119 wyszukiwania zawieraj\u0105c\u0105 nazw\u0119 naszej strony internetowej.<\/li>\n<li>Poni\u017cej zobaczysz kwadratowy symbol; kliknij go.<\/li>\n<li>Zostaniesz przekierowany do udost\u0119pnienia adresu URL Thorfortune Casino \u2014 nie r\u00f3b tego, zamiast tego wybierz opcj\u0119 \u201eDodaj do ekranu g\u0142\u00f3wnego\u201d z listy.<\/li>\n<li>To wszystko. Masz nasz skr\u00f3t do Thorfortune Casino w swoim menu g\u0142\u00f3wnym!<\/li>\n<\/ol>\n<p>Od teraz mo\u017cesz by\u0107 na bie\u017c\u0105co z naszymi nowo\u015bciami, grami i promocjami, zarz\u0105dza\u0107 kontem i oczywi\u015bcie gra\u0107 w gry Thor Fortune Casino. Nowe wersje sprawiaj\u0105, \u017ce platforma jest zgodna z najnowszymi standardami gier mobilnych, dodaj\u0105c nowe funkcje i poprawiaj\u0105c og\u00f3ln\u0105 stabilno\u015b\u0107, wi\u0119c sprawdzaj aplikacj\u0119.<\/p>\n<p><img loading=\"lazy\" decoding=\"async\" class=\"alignnone size-full wp-image-2024\" src=\"https:\/\/thor-fortune.org\/wp-content\/uploads\/2026\/03\/Thorfortune-iOS.webp\" alt=\"Thorfortune iOS\" width=\"1248\" height=\"536\" srcset=\"https:\/\/thorfortuneonline.org\/wp-content\/uploads\/2026\/03\/Thorfortune-iOS.webp 1248w, https:\/\/thorfortuneonline.org\/wp-content\/uploads\/2026\/03\/Thorfortune-iOS-300x129.webp 300w, https:\/\/thorfortuneonline.org\/wp-content\/uploads\/2026\/03\/Thorfortune-iOS-1024x440.webp 1024w, https:\/\/thorfortuneonline.org\/wp-content\/uploads\/2026\/03\/Thorfortune-iOS-768x330.webp 768w\" sizes=\"(max-width: 1248px) 100vw, 1248px\" \/><\/p>\n<\/div><\/div><div style=\"clear: both\"><\/div><div class=\"d-flex justify-content-center\"><button data-item=\"decouvrez_link\" data-group=\"website_links\" class=\"goto fw-bold rounded-pill btn btn-orange\" aria-label=\"Pobierz Thorfortune\" >Pobierz Thorfortune<\/button><\/div><div class=\"scrollable-content-wrap my-5\"><div class=\"scrollable-content-inner\"><h2>Aplikacje dla system\u00f3w Windows i macOS<\/h2>\n<p>Thorfortune Casino ma wersje dla Windows i Mac, kt\u00f3re s\u0105 dost\u0119pne dla graczy korzystaj\u0105cych z komputer\u00f3w stacjonarnych. Zapewniaj\u0105 one w pe\u0142ni wci\u0105gaj\u0105ce wra\u017cenia, maj\u0105 grafik\u0119 w wysokiej rozdzielczo\u015bci i szeroki wachlarz funkcji. Wersje na komputery stacjonarne najlepiej nadaj\u0105 si\u0119 do grania w gry Thor Fortune z krupierem na \u017cywo, poniewa\u017c mo\u017cna je znacznie powi\u0119ksza\u0107 lub rozci\u0105ga\u0107 do dowolnej rozdzielczo\u015bci, ale inne gry r\u00f3wnie\u017c dzia\u0142aj\u0105 dobrze. Wiemy, \u017ce tr\u00f3jwymiarowo\u015b\u0107, realizm i szczeg\u00f3\u0142owo\u015b\u0107 s\u0105 niezb\u0119dne, a gry s\u0105 podobne do tych rozgrywanych w prawdziwym kasynie.<\/p>\n<p>Skr\u00f3ty aplikacji Thorfortune dla system\u00f3w Windows i Mac s\u0105 wi\u0119ksze, oparte na ekranie i zapewniaj\u0105 zaawansowan\u0105 nawigacj\u0119, wydarzenia na koncie w czasie rzeczywistym \u2014 wszystko mo\u017cna sprawdzi\u0107 tak, jak jest \u2014 i nie mog\u0105 si\u0119 op\u00f3\u017ania\u0107, nawet je\u015bli wszyscy cz\u0142onkowie Thorfortune Casino zaloguj\u0105 si\u0119 w tym samym czasie.<\/p>\n<table>\n<tbody>\n<tr>\n<td>Spos\u00f3b dost\u0119pu<\/td>\n<td>Kompatybilno\u015b\u0107<\/td>\n<td>Wymagania dotycz\u0105ce pami\u0119ci<\/td>\n<td>Procedura aktualizacji<\/td>\n<td>G\u0142\u00f3wna zaleta<\/td>\n<\/tr>\n<tr>\n<td>PWA (iOS\/Android)<\/td>\n<td>Oparta na przegl\u0105darce<\/td>\n<td>Bardzo minimalne<\/td>\n<td>Automatyczna<\/td>\n<td>Szybki dost\u0119p, brak konieczno\u015bci pobierania, bezpiecze\u0144stwo<\/td>\n<\/tr>\n<tr>\n<td>Komputer stacjonarny (Windows\/macOS)<\/td>\n<td>System operacyjny komputera stacjonarnego<\/td>\n<td>R\u00f3\u017cne<\/td>\n<td>Automatyczne aktualizacje<\/td>\n<td>Wi\u0119ksze ekrany, ulepszone funkcje<\/td>\n<\/tr>\n<\/tbody>\n<\/table>\n<p>Zapraszamy do wypr\u00f3bowania profesjonalnego \u015brodowiska gry, kt\u00f3re jest atrakcyjne dla graczy o wysokich stawkach i os\u00f3b zainteresowanych bardziej rozbudowanym \u015brodowiskiem gry. Aplikacje zapewniaj\u0105 p\u0142ynn\u0105 rozgrywk\u0119, bezpieczne p\u0142atno\u015bci i szybki dost\u0119p do pe\u0142nego repertuaru funkcji kasyna.<\/p>\n<p><img loading=\"lazy\" decoding=\"async\" class=\"alignnone size-full wp-image-2016\" src=\"https:\/\/thor-fortune.org\/wp-content\/uploads\/2026\/03\/Thorfortune-Desktop.webp\" alt=\"Thorfortune Desktop\" width=\"1248\" height=\"536\" srcset=\"https:\/\/thorfortuneonline.org\/wp-content\/uploads\/2026\/03\/Thorfortune-Desktop.webp 1248w, https:\/\/thorfortuneonline.org\/wp-content\/uploads\/2026\/03\/Thorfortune-Desktop-300x129.webp 300w, https:\/\/thorfortuneonline.org\/wp-content\/uploads\/2026\/03\/Thorfortune-Desktop-1024x440.webp 1024w, https:\/\/thorfortuneonline.org\/wp-content\/uploads\/2026\/03\/Thorfortune-Desktop-768x330.webp 768w\" sizes=\"(max-width: 1248px) 100vw, 1248px\" \/><\/p>\n<\/div><\/div><div style=\"clear: both\"><\/div><div class=\"d-flex justify-content-center\"><button data-item=\"decouvrez_link\" data-group=\"website_links\" class=\"goto fw-bold rounded-pill btn btn-orange\" aria-label=\"Pobierz aplikacj\u0119 Thorfortune\" >Pobierz aplikacj\u0119 Thorfortune<\/button><\/div><div class=\"scrollable-content-wrap my-5\"><div class=\"scrollable-content-inner\"><h2>FAQ<\/h2>\n<h3>Czy do korzystania z aplikacji Thorfortune konieczne jest utworzenie konta?<\/h3>\n<p>Aby m\u00f3c korzysta\u0107 ze wszystkich funkcji oferowanych przez kasyno Thorfortune, konieczne jest posiadanie zweryfikowanego konta. Rejestracja gwarantuje bezpieczne transakcje, dost\u0119p do bonus\u00f3w i wsparcie na czacie na \u017cywo. Proces weryfikacji jest r\u00f3wnie\u017c uwzgl\u0119dniony w polityce odpowiedzialnej gry kasyna Thor Fortune oraz w zabezpieczeniach naszej platformy.<\/p>\n<h3>Czy aplikacja Thor Fortune Casino oferuje obs\u0142ug\u0119 klienta?<\/h3>\n<p>Aplikacja Thorfortune oferuje wsparcie poprzez czat na \u017cywo (przycisk na naszej stronie), e-mail i inne formy komunikacji. Zesp\u00f3\u0142 wsparcia zawsze koncentruje si\u0119 na udzielaniu natychmiastowej pomocy w przypadku problem\u00f3w technicznych, pyta\u0144 dotycz\u0105cych uprawnie\u0144 oraz og\u00f3lnego wsparcia dla graczy, aby zapewni\u0107 nieprzerwany proces gry.<\/p>\n<h3>Jak mog\u0119 zaktualizowa\u0107 aplikacj\u0119 Thorfortune Casino?<\/h3>\n<p>R\u0119czna aktualizacja nie jest ju\u017c potrzebna! Aplikacja Thorfortune jest aplikacj\u0105 PWA, dlatego aktualizuje si\u0119 automatycznie po otwarciu w obs\u0142ugiwanej przegl\u0105darce. Gracze nie musz\u0105 ju\u017c r\u0119cznie pobiera\u0107 i instalowa\u0107 aktualizacji, co dla wielu jest ogromn\u0105 ulg\u0105, dzi\u0119ki czemu nigdy nie przegapisz najnowszych funkcji i aktualizacji zabezpiecze\u0144. W przypadku aplikacji komputerowych aktualizacje s\u0105 obs\u0142ugiwane przez sam\u0105 aplikacj\u0119 i s\u0105 og\u0142aszane.<\/p>\n<\/div><\/div><\/p>\n","protected":false},"excerpt":{"rendered":"<p>Platforma mobilna Thor Fortune Thorfortune app to wszechstronne mobile casino, kt\u00f3re pozwala polskim graczom cieszy\u0107 si\u0119 dowoln\u0105 gr\u0105 na swoich telefonach. Oprogramowanie naszej platformy posiada zaawansowane funkcje, wysok\u0105 wydajno\u015b\u0107 i \u0142atw\u0105 nawigacj\u0119. Mo\u017cesz by\u0107 pewien, \u017ce otrzymasz bezpieczn\u0105 i wydajn\u0105 aplikacj\u0119 PWA. R\u00f3\u017cnorodno\u015b\u0107 Thor Fortune w por\u00f3wnaniu z innymi urz\u0105dzeniami sprawia, \u017ce jest to jedna [&hellip;]<\/p>\n","protected":false},"author":1,"featured_media":0,"parent":0,"menu_order":0,"comment_status":"closed","ping_status":"closed","template":"template-builder.php","meta":{"_acf_changed":false,"inline_featured_image":false,"footnotes":""},"class_list":["post-1447","page","type-page","status-publish","hentry"],"acf":[],"yoast_head":"<!-- This site is optimized with the Yoast SEO plugin v24.4 - https:\/\/yoast.com\/wordpress\/plugins\/seo\/ -->\n<title>Thorfortune App | Platformy iOS i Android<\/title>\n<meta name=\"description\" content=\"Aplikacja Thorfortune zapewnia p\u0142ynn\u0105 rozgrywk\u0119 w kasynie na systemach Android, iOS, Windows i macOS, oferuj\u0105c zsynchronizowane konta, regularne aktualizacje i wbudowan\u0105 obs\u0142ug\u0119 klienta, co zapewnia bezproblemowe korzystanie z aplikacji.\" \/>\n<meta name=\"robots\" content=\"index, follow, max-snippet:-1, max-image-preview:large, max-video-preview:-1\" \/>\n<link rel=\"canonical\" href=\"https:\/\/thorfortuneonline.org\/pl\/aplikacja\/\" \/>\n<meta property=\"og:locale\" content=\"pl_PL\" \/>\n<meta property=\"og:type\" content=\"article\" \/>\n<meta property=\"og:title\" content=\"Thorfortune App | Platformy iOS i Android\" \/>\n<meta property=\"og:description\" content=\"Aplikacja Thorfortune zapewnia p\u0142ynn\u0105 rozgrywk\u0119 w kasynie na systemach Android, iOS, Windows i macOS, oferuj\u0105c zsynchronizowane konta, regularne aktualizacje i wbudowan\u0105 obs\u0142ug\u0119 klienta, co zapewnia bezproblemowe korzystanie z aplikacji.\" \/>\n<meta property=\"og:url\" content=\"https:\/\/thorfortuneonline.org\/pl\/aplikacja\/\" \/>\n<meta property=\"og:site_name\" content=\"thorfortune\" \/>\n<meta property=\"article:modified_time\" content=\"2026-03-02T12:14:05+00:00\" \/>\n<meta name=\"twitter:card\" content=\"summary_large_image\" \/>\n<meta name=\"twitter:label1\" content=\"Est. reading time\" \/>\n\t<meta name=\"twitter:data1\" content=\"2 minutes\" \/>\n<script type=\"application\/ld+json\" class=\"yoast-schema-graph\">{\"@context\":\"https:\/\/schema.org\",\"@graph\":[{\"@type\":\"WebPage\",\"@id\":\"https:\/\/thorfortuneonline.org\/pl\/aplikacja\/\",\"url\":\"https:\/\/thorfortuneonline.org\/pl\/aplikacja\/\",\"name\":\"Thorfortune App | Platformy iOS i Android\",\"isPartOf\":{\"@id\":\"https:\/\/thorfortuneonline.org\/pl\/#website\"},\"datePublished\":\"2026-01-20T12:08:23+00:00\",\"dateModified\":\"2026-03-02T12:14:05+00:00\",\"description\":\"Aplikacja Thorfortune zapewnia p\u0142ynn\u0105 rozgrywk\u0119 w kasynie na systemach Android, iOS, Windows i macOS, oferuj\u0105c zsynchronizowane konta, regularne aktualizacje i wbudowan\u0105 obs\u0142ug\u0119 klienta, co zapewnia bezproblemowe korzystanie z aplikacji.\",\"breadcrumb\":{\"@id\":\"https:\/\/thorfortuneonline.org\/pl\/aplikacja\/#breadcrumb\"},\"inLanguage\":\"pl-PL\",\"potentialAction\":[{\"@type\":\"ReadAction\",\"target\":[\"https:\/\/thorfortuneonline.org\/pl\/aplikacja\/\"]}]},{\"@type\":\"BreadcrumbList\",\"@id\":\"https:\/\/thorfortuneonline.org\/pl\/aplikacja\/#breadcrumb\",\"itemListElement\":[{\"@type\":\"ListItem\",\"position\":1,\"name\":\"Thorfortune\",\"item\":\"https:\/\/thorfortuneonline.org\/pl\/\"},{\"@type\":\"ListItem\",\"position\":2,\"name\":\"Aplikacja\"}]},{\"@type\":\"WebSite\",\"@id\":\"https:\/\/thorfortuneonline.org\/pl\/#website\",\"url\":\"https:\/\/thorfortuneonline.org\/pl\/\",\"name\":\"Thorfortune\",\"description\":\"\",\"publisher\":{\"@id\":\"https:\/\/thorfortuneonline.org\/pl\/#organization\"},\"potentialAction\":[{\"@type\":\"SearchAction\",\"target\":{\"@type\":\"EntryPoint\",\"urlTemplate\":\"https:\/\/thorfortuneonline.org\/pl\/?s={search_term_string}\"},\"query-input\":{\"@type\":\"PropertyValueSpecification\",\"valueRequired\":true,\"valueName\":\"search_term_string\"}}],\"inLanguage\":\"pl-PL\"},{\"@type\":\"Organization\",\"@id\":\"https:\/\/thorfortuneonline.org\/pl\/#organization\",\"name\":\"Thorfortune\",\"url\":\"https:\/\/thorfortuneonline.org\/pl\/\",\"logo\":{\"@type\":\"ImageObject\",\"inLanguage\":\"pl-PL\",\"@id\":\"https:\/\/thorfortuneonline.org\/pl\/#\/schema\/logo\/image\/\",\"url\":\"https:\/\/thorfortuneonline.org\/wp-content\/uploads\/2026\/03\/logo.png\",\"contentUrl\":\"https:\/\/thorfortuneonline.org\/wp-content\/uploads\/2026\/03\/logo.png\",\"width\":160,\"height\":37,\"caption\":\"Thorfortune\"},\"image\":{\"@id\":\"https:\/\/thorfortuneonline.org\/pl\/#\/schema\/logo\/image\/\"}}]}<\/script>\n<!-- \/ Yoast SEO plugin. -->","yoast_head_json":{"title":"Thorfortune App | Platformy iOS i Android","description":"Aplikacja Thorfortune zapewnia p\u0142ynn\u0105 rozgrywk\u0119 w kasynie na systemach Android, iOS, Windows i macOS, oferuj\u0105c zsynchronizowane konta, regularne aktualizacje i wbudowan\u0105 obs\u0142ug\u0119 klienta, co zapewnia bezproblemowe korzystanie z aplikacji.","robots":{"index":"index","follow":"follow","max-snippet":"max-snippet:-1","max-image-preview":"max-image-preview:large","max-video-preview":"max-video-preview:-1"},"canonical":"https:\/\/thorfortuneonline.org\/pl\/aplikacja\/","og_locale":"pl_PL","og_type":"article","og_title":"Thorfortune App | Platformy iOS i Android","og_description":"Aplikacja Thorfortune zapewnia p\u0142ynn\u0105 rozgrywk\u0119 w kasynie na systemach Android, iOS, Windows i macOS, oferuj\u0105c zsynchronizowane konta, regularne aktualizacje i wbudowan\u0105 obs\u0142ug\u0119 klienta, co zapewnia bezproblemowe korzystanie z aplikacji.","og_url":"https:\/\/thorfortuneonline.org\/pl\/aplikacja\/","og_site_name":"thorfortune","article_modified_time":"2026-03-02T12:14:05+00:00","twitter_card":"summary_large_image","twitter_misc":{"Est. reading time":"2 minutes"},"schema":{"@context":"https:\/\/schema.org","@graph":[{"@type":"WebPage","@id":"https:\/\/thorfortuneonline.org\/pl\/aplikacja\/","url":"https:\/\/thorfortuneonline.org\/pl\/aplikacja\/","name":"Thorfortune App | Platformy iOS i Android","isPartOf":{"@id":"https:\/\/thorfortuneonline.org\/pl\/#website"},"datePublished":"2026-01-20T12:08:23+00:00","dateModified":"2026-03-02T12:14:05+00:00","description":"Aplikacja Thorfortune zapewnia p\u0142ynn\u0105 rozgrywk\u0119 w kasynie na systemach Android, iOS, Windows i macOS, oferuj\u0105c zsynchronizowane konta, regularne aktualizacje i wbudowan\u0105 obs\u0142ug\u0119 klienta, co zapewnia bezproblemowe korzystanie z aplikacji.","breadcrumb":{"@id":"https:\/\/thorfortuneonline.org\/pl\/aplikacja\/#breadcrumb"},"inLanguage":"pl-PL","potentialAction":[{"@type":"ReadAction","target":["https:\/\/thorfortuneonline.org\/pl\/aplikacja\/"]}]},{"@type":"BreadcrumbList","@id":"https:\/\/thorfortuneonline.org\/pl\/aplikacja\/#breadcrumb","itemListElement":[{"@type":"ListItem","position":1,"name":"Thorfortune","item":"https:\/\/thorfortuneonline.org\/pl\/"},{"@type":"ListItem","position":2,"name":"Aplikacja"}]},{"@type":"WebSite","@id":"https:\/\/thorfortuneonline.org\/pl\/#website","url":"https:\/\/thorfortuneonline.org\/pl\/","name":"Thorfortune","description":"","publisher":{"@id":"https:\/\/thorfortuneonline.org\/pl\/#organization"},"potentialAction":[{"@type":"SearchAction","target":{"@type":"EntryPoint","urlTemplate":"https:\/\/thorfortuneonline.org\/pl\/?s={search_term_string}"},"query-input":{"@type":"PropertyValueSpecification","valueRequired":true,"valueName":"search_term_string"}}],"inLanguage":"pl-PL"},{"@type":"Organization","@id":"https:\/\/thorfortuneonline.org\/pl\/#organization","name":"Thorfortune","url":"https:\/\/thorfortuneonline.org\/pl\/","logo":{"@type":"ImageObject","inLanguage":"pl-PL","@id":"https:\/\/thorfortuneonline.org\/pl\/#\/schema\/logo\/image\/","url":"https:\/\/thorfortuneonline.org\/wp-content\/uploads\/2026\/03\/logo.png","contentUrl":"https:\/\/thorfortuneonline.org\/wp-content\/uploads\/2026\/03\/logo.png","width":160,"height":37,"caption":"Thorfortune"},"image":{"@id":"https:\/\/thorfortuneonline.org\/pl\/#\/schema\/logo\/image\/"}}]}},"_links":{"self":[{"href":"https:\/\/thorfortuneonline.org\/pl\/wp-json\/wp\/v2\/pages\/1447"}],"collection":[{"href":"https:\/\/thorfortuneonline.org\/pl\/wp-json\/wp\/v2\/pages"}],"about":[{"href":"https:\/\/thorfortuneonline.org\/pl\/wp-json\/wp\/v2\/types\/page"}],"author":[{"embeddable":true,"href":"https:\/\/thorfortuneonline.org\/pl\/wp-json\/wp\/v2\/users\/1"}],"replies":[{"embeddable":true,"href":"https:\/\/thorfortuneonline.org\/pl\/wp-json\/wp\/v2\/comments?post=1447"}],"version-history":[{"count":3,"href":"https:\/\/thorfortuneonline.org\/pl\/wp-json\/wp\/v2\/pages\/1447\/revisions"}],"predecessor-version":[{"id":2095,"href":"https:\/\/thorfortuneonline.org\/pl\/wp-json\/wp\/v2\/pages\/1447\/revisions\/2095"}],"wp:attachment":[{"href":"https:\/\/thorfortuneonline.org\/pl\/wp-json\/wp\/v2\/media?parent=1447"}],"curies":[{"name":"wp","href":"https:\/\/api.w.org\/{rel}","templated":true}]}}