{"id":1445,"date":"2026-01-20T12:08:23","date_gmt":"2026-01-20T12:08:23","guid":{"rendered":"https:\/\/bonuskongcasino.com\/app\/"},"modified":"2026-03-02T11:52:17","modified_gmt":"2026-03-02T11:52:17","slug":"applicazione","status":"publish","type":"page","link":"https:\/\/thorfortuneonline.org\/it\/applicazione\/","title":{"rendered":"Applicazione"},"content":{"rendered":"<h1>Piattaforma mobile Thor Fortune<\/h1>\n<p>Thorfortune app \u00e8 un mobile casino all-in-one che consente ai giocatori italiani di divertirsi con qualsiasi gioco sui loro telefoni. Il software della nostra piattaforma ha caratteristiche avanzate, prestazioni elevate e una navigazione facile. Puoi essere sicuro di ricevere una PWA orientata alla sicurezza e alle prestazioni. La diversit\u00e0 di Thor Fortune rispetto ad altri dispositivi lo rende una delle piattaforme preferite per il gioco mobile.<\/p>\n<div class=\"banner-wrap\" aria-label=\"Banner\"><img src=\"https:\/\/thorfortuneonline.org\/wp-content\/uploads\/2026\/03\/Thorfortune-bnr-pc.webp\" class=\"w-100 d-none d-lg-block img-pc main-banner-img\" alt=\"Thorfortune banner desktop\" fetchpriority=\"high\" decoding=\"async\"><img src=\"https:\/\/thorfortuneonline.org\/wp-content\/uploads\/2026\/03\/thorfortune-banner-mobile.webp\" class=\"w-100 d-none d-md-block d-lg-none main-banner-img\" alt=\"Thorfortune banner mobile\" fetchpriority=\"high\" decoding=\"async\"><img src=\"https:\/\/thorfortuneonline.org\/wp-content\/uploads\/2026\/03\/thorfortune-banner-mobile.webp\" class=\"w-100 d-md-none\" alt=\"Thorfortune banner mobile\" fetchpriority=\"high\" decoding=\"async\"><div class=\"banner-description\">\n<div class=\"banner-title\">Bonus di benvenuto<\/div>\n<p class=\"banner-header-title\">1500 \u20ac<\/p>\n<div class=\"banner-header-AdditionalText\">+ 250 Giri gratuiti<\/div>\n<button data-item=\"homepage_banner_link\" class=\"goto m-button m-gradient-border m-button--primary m-button--large banner-button btn-orange\">\n            <div class=\"m-button-content\">\n                <span>Iscriviti ora<\/span>\n                <span><\/span>\n            <\/div>\n        <\/button>\n<\/div>\n<div class=\"WelcomePack\">\n<p><img loading=\"lazy\" decoding=\"async\" class=\"alignnone size-full wp-image-1847\" src=\"https:\/\/thor-fortune.org\/wp-content\/uploads\/2026\/03\/welcome-crown.png\" alt=\"welcome crown\" width=\"25\" height=\"26\" \/><\/p>\n<div class=\"WelcomePack-Info\">Cashback settimanale fino al 25%<\/div>\n<p><img loading=\"lazy\" decoding=\"async\" class=\"alignnone size-full wp-image-1847\" src=\"https:\/\/thor-fortune.org\/wp-content\/uploads\/2026\/03\/welcome-crown.png\" alt=\"welcome crown\" width=\"25\" height=\"26\" \/><\/p>\n<\/div>\n<\/div>\n<h2>Utilizzo di Thorfortune su dispositivi mobili<\/h2>\n<p>Il gioco da casin\u00f2 mobile Thorfortune porta l&#8217;esperienza di gioco a un livello superiore e presenta un vantaggio rispetto ai giochi desktop convenzionali. La piattaforma mobile \u00e8 davvero straordinaria. Ecco perch\u00e9:<\/p>\n<ul>\n<li>\u00c8 molto veloce rispetto ad altri servizi mobili;<\/li>\n<li>\u00c8 facilmente accessibile, poich\u00e9 non \u00e8 necessario cercare negli App Store;<\/li>\n<li>\u00c8 altamente reattiva in quanto \u00e8 leggera e pesa quasi nulla;<\/li>\n<li>Ogni giocatore registrato pu\u00f2 accedere senza problemi a un&#8217;ampia selezione di slot online, giochi con croupier dal vivo e altri servizi di Thorfortune Casino.<\/li>\n<\/ul>\n<p>L&#8217;app Thorfortune \u00e8 progettata per funzionare su dispositivi portatili (Android e iPhone), a differenza delle versioni desktop, e offre un ambiente privo di distrazioni con una navigazione facile.<\/p>\n<p>Il design dell&#8217;app \u00e8 incentrato su tempi di caricamento rapidi e impostazioni minime. I nostri giocatori possono passare direttamente ai loro giochi preferiti. L&#8217;app Thorfortune offre un&#8217;esperienza di gioco professionale, con una grafica di alta qualit\u00e0 e comandi reattivi. Offre anche lo stesso KYC veloce, proprio come sulla versione desktop di Thor Fortune. Inoltre, garantiamo la sicurezza delle transazioni, in linea con l&#8217;attenzione della piattaforma alla sicurezza.<\/p>\n<p><div class=\"scrollable-content-wrap my-5\"><div class=\"scrollable-content-inner\"><h2>App mobile Thorfortune per Android<\/h2>\n<p>I possessori di dispositivi Android possono godere di una piattaforma di gioco semplificata e a basso consumo energetico, compatibile con un&#8217;ampia variet\u00e0 di dispositivi Android. Si tratta di un ibrido tra un sito web e un&#8217;esperienza applicativa. Potete provare voi stessi l&#8217;elevata velocit\u00e0 di caricamento e le prestazioni costanti. L&#8217;interfaccia dell&#8217;app \u00e8 intuitiva e permette di trovare facilmente le categorie di slot online, giochi con croupier dal vivo e promozioni.<\/p>\n<p>Gli aggiornamenti automatici sono uno dei principali vantaggi dell&#8217;applicazione Thorfortune per Android. Non \u00e8 necessario reinstallarla o aggiornarla manualmente. Ha una grafica stabile e di alta qualit\u00e0 che migliora l&#8217;esperienza di gioco e offre un gameplay fluido anche su dispositivi di fascia bassa. L&#8217;applicazione mira anche a fornire informazioni importanti come le notifiche push, grazie alle quali i giocatori vengono aggiornati tempestivamente sui nuovi giochi e sulle promozioni e non perdono nulla sullo stato delle loro transazioni.<\/p>\n<h3>Perch\u00e9 PWA invece di APK?<\/h3>\n<p>Ci sono diversi vantaggi della PWA (Progressive Web App) rispetto ai tradizionali file APK. Le PWA non richiedono il download dagli app store, il che riduce i problemi di sicurezza e archiviazione. Caricano immediatamente Thor Fortune Casino in browser come Chrome o Firefox senza comprometterne le prestazioni. L&#8217;app viene aggiornata automaticamente per includere nuove funzionalit\u00e0 e mantiene la compatibilit\u00e0 con gli standard dei browser e le misure di sicurezza in continua evoluzione.<\/p>\n<p>Al contrario, i file APK richiedono il download e l&#8217;aggiornamento manuale, il che potrebbe essere problematico in termini di sicurezza e compatibilit\u00e0. Il metodo PWA \u00e8 il modo pi\u00f9 semplice per accedere e giocare su Thorfortune Casino. Ti offriamo un accesso semplice attraverso un ambiente di gioco sicuro, stabile e veloce, che viene fornito direttamente nei browser dei dispositivi Android. Non devi preoccuparti di complicazioni perch\u00e9 la nostra app Thorfortune ha tutto ci\u00f2 di cui il tuo cellulare ha bisogno.<\/p>\n<p><img loading=\"lazy\" decoding=\"async\" class=\"alignnone size-full wp-image-2007\" src=\"https:\/\/thor-fortune.org\/wp-content\/uploads\/2026\/03\/Thorfortune-Android.webp\" alt=\"Thorfortune Android\" width=\"1248\" height=\"536\" srcset=\"https:\/\/thorfortuneonline.org\/wp-content\/uploads\/2026\/03\/Thorfortune-Android.webp 1248w, https:\/\/thorfortuneonline.org\/wp-content\/uploads\/2026\/03\/Thorfortune-Android-300x129.webp 300w, https:\/\/thorfortuneonline.org\/wp-content\/uploads\/2026\/03\/Thorfortune-Android-1024x440.webp 1024w, https:\/\/thorfortuneonline.org\/wp-content\/uploads\/2026\/03\/Thorfortune-Android-768x330.webp 768w\" sizes=\"(max-width: 1248px) 100vw, 1248px\" \/><\/p>\n<\/div><\/div><div style=\"clear: both\"><\/div><div class=\"d-flex justify-content-center\"><button data-item=\"decouvrez_link\" data-group=\"website_links\" class=\"goto fw-bold rounded-pill btn btn-orange\" aria-label=\"Scarica l&#039;app Thorfortune\" >Scarica l&#039;app Thorfortune<\/button><\/div><div class=\"scrollable-content-wrap my-5\"><div class=\"scrollable-content-inner\"><h2>App mobile Thorfortune per iOS<\/h2>\n<p>L&#8217;applicazione Thorfortune per iOS \u00e8 pensata su misura per i dispositivi Apple: iPad, iPhone e MacBook. Anche se sei abituato alle applicazioni native, la nostra PWA ti sorprender\u00e0 piacevolmente per la fluidit\u00e0 con cui funziona, senza bisogno di installazioni o ricerche di file .exe nell&#8217;App Store. Sarai felice di scoprire una grafica di qualit\u00e0, una velocit\u00e0 di caricamento elevata e una piattaforma sicura con tutte le tue slot online preferite e i giochi con croupier dal vivo, oltre ad altre funzionalit\u00e0 del casin\u00f2. Anche Thorfortune Live funziona a meraviglia: i croupier non si bloccano mai e il processo \u00e8 reale come nella vita reale. E si tratta solo di una scorciatoia, ci credi? Come installarla? \u00c8 facile:<\/p>\n<ol>\n<li>Clicca sulla barra di ricerca sottostante che contiene il nome del nostro sito web.<\/li>\n<li>Vedrai il simbolo quadrato qui sotto; cliccaci sopra.<\/li>\n<li>Verrai reindirizzato alla condivisione dell&#8217;URL di Thorfortune Casino: non farlo, ma scegli invece l&#8217;opzione &#8220;Aggiungi alla schermata iniziale&#8221; nell&#8217;elenco.<\/li>\n<li>Questo \u00e8 tutto. Ora hai la nostra scorciatoia per Thorfortune Casino nel tuo menu principale!<\/li>\n<\/ol>\n<p>D&#8217;ora in poi potrai conoscere tutte le nostre novit\u00e0, i giochi e le promozioni, gestire un account e, naturalmente, giocare ai giochi di Thor Fortune Casino. Le nuove versioni mantengono la piattaforma in linea con i recenti standard dei giochi per dispositivi mobili, aggiungendo nuove funzionalit\u00e0 e migliorando la stabilit\u00e0 complessiva, quindi continua a controllare l&#8217;app.<\/p>\n<p><img loading=\"lazy\" decoding=\"async\" class=\"alignnone size-full wp-image-2023\" src=\"https:\/\/thor-fortune.org\/wp-content\/uploads\/2026\/03\/Thorfortune-iOS.webp\" alt=\"Thorfortune iOS\" width=\"1248\" height=\"536\" srcset=\"https:\/\/thorfortuneonline.org\/wp-content\/uploads\/2026\/03\/Thorfortune-iOS.webp 1248w, https:\/\/thorfortuneonline.org\/wp-content\/uploads\/2026\/03\/Thorfortune-iOS-300x129.webp 300w, https:\/\/thorfortuneonline.org\/wp-content\/uploads\/2026\/03\/Thorfortune-iOS-1024x440.webp 1024w, https:\/\/thorfortuneonline.org\/wp-content\/uploads\/2026\/03\/Thorfortune-iOS-768x330.webp 768w\" sizes=\"(max-width: 1248px) 100vw, 1248px\" \/><\/p>\n<\/div><\/div><div style=\"clear: both\"><\/div><div class=\"d-flex justify-content-center\"><button data-item=\"decouvrez_link\" data-group=\"website_links\" class=\"goto fw-bold rounded-pill btn btn-orange\" aria-label=\"Scarica Thorfortune\" >Scarica Thorfortune<\/button><\/div><div class=\"scrollable-content-wrap my-5\"><div class=\"scrollable-content-inner\"><h2>Applicazioni Windows e macOS<\/h2>\n<p>Thorfortune Casino ha versioni per Windows e Mac, disponibili per i giocatori che utilizzano un computer desktop. Offrono un&#8217;esperienza completamente immersiva e dispongono di una grafica ad alta risoluzione e di un&#8217;ampia variet\u00e0 di funzionalit\u00e0. Le versioni desktop sono pi\u00f9 adatte per giocare ai titoli con croupier dal vivo di Thor Fortune perch\u00e9 \u00e8 possibile ingrandire molto o allungare a qualsiasi risoluzione, ma anche gli altri giochi vanno bene. Sappiamo che il 3D, il realismo e i dettagli sono essenziali e che i giochi sono simili a quelli giocati in un casin\u00f2 reale.<\/p>\n<p>Le scorciatoie dell&#8217;app Thorfortune per Windows e Mac sono pi\u00f9 grandi, basate sullo schermo e offrono una navigazione sofisticata, eventi in tempo reale sull&#8217;account (puoi controllare tutto cos\u00ec com&#8217;\u00e8) e non possono subire ritardi anche se tutti i membri di Thorfortune Casino effettuano l&#8217;accesso contemporaneamente.<\/p>\n<table>\n<tbody>\n<tr>\n<td>Metodo di accesso<\/td>\n<td>Compatibilit\u00e0<\/td>\n<td>Requisiti di archiviazione<\/td>\n<td>Procedura di aggiornamento<\/td>\n<td>Vantaggio principale<\/td>\n<\/tr>\n<tr>\n<td>PWA (iOS\/Android)<\/td>\n<td>Basata su browser<\/td>\n<td>Minimi<\/td>\n<td>Automatico<\/td>\n<td>Accesso rapido, nessun download, sicuro<\/td>\n<\/tr>\n<tr>\n<td>Desktop (Windows\/macOS)<\/td>\n<td>Sistema operativo desktop<\/td>\n<td>Varia<\/td>\n<td>Aggiornamenti automatici<\/td>\n<td>Schermi pi\u00f9 grandi, funzionalit\u00e0 avanzate<\/td>\n<\/tr>\n<\/tbody>\n<\/table>\n<p>Ti invitiamo a provare un ambiente di gioco professionale che attira i giocatori che puntano forte e le persone interessate a un ambiente di gioco pi\u00f9 sostanziale. Le app facilitano un gameplay fluido, pagamenti sicuri e un accesso rapido al repertorio completo delle funzionalit\u00e0 del casin\u00f2.<\/p>\n<p><img loading=\"lazy\" decoding=\"async\" class=\"alignnone size-full wp-image-2015\" src=\"https:\/\/thor-fortune.org\/wp-content\/uploads\/2026\/03\/Thorfortune-Desktop.webp\" alt=\"Thorfortune Desktop\" width=\"1248\" height=\"536\" srcset=\"https:\/\/thorfortuneonline.org\/wp-content\/uploads\/2026\/03\/Thorfortune-Desktop.webp 1248w, https:\/\/thorfortuneonline.org\/wp-content\/uploads\/2026\/03\/Thorfortune-Desktop-300x129.webp 300w, https:\/\/thorfortuneonline.org\/wp-content\/uploads\/2026\/03\/Thorfortune-Desktop-1024x440.webp 1024w, https:\/\/thorfortuneonline.org\/wp-content\/uploads\/2026\/03\/Thorfortune-Desktop-768x330.webp 768w\" sizes=\"(max-width: 1248px) 100vw, 1248px\" \/><\/p>\n<\/div><\/div><div style=\"clear: both\"><\/div><div class=\"d-flex justify-content-center\"><button data-item=\"decouvrez_link\" data-group=\"website_links\" class=\"goto fw-bold rounded-pill btn btn-orange\" aria-label=\"Scarica l&#039;app Thorfortune\" >Scarica l&#039;app Thorfortune<\/button><\/div><div class=\"scrollable-content-wrap my-5\"><div class=\"scrollable-content-inner\"><h2>Domande frequenti<\/h2>\n<h3>\u00c8 necessario creare un account per utilizzare l&#8217;app Thorfortune?<\/h3>\n<p>Per poter utilizzare tutte le funzionalit\u00e0 offerte da Thorfortune Casino, \u00e8 fondamentale disporre di un account verificato. La registrazione garantisce transazioni sicure, accesso ai bonus e assistenza tramite live chat. Il processo di verifica \u00e8 incluso anche nella politica di gioco responsabile di Thor Fortune Casino e nella sicurezza della nostra piattaforma.<\/p>\n<h3>L&#8217;app Thor Fortune Casino offre assistenza clienti?<\/h3>\n<p>L&#8217;app Thorfortune offre assistenza tramite chat live (pulsante banner sul nostro sito), e-mail e altre forme di comunicazione. Il team di assistenza \u00e8 sempre pronto a fornire aiuto immediato per problemi tecnici, domande sull&#8217;idoneit\u00e0 e supporto generale ai giocatori, affinch\u00e9 possano giocare senza interruzioni.<\/p>\n<h3>Come posso aggiornare l&#8217;app Thorfortune Casino?<\/h3>\n<p>L&#8217;aggiornamento manuale non \u00e8 pi\u00f9 necessario! L&#8217;app Thorfortune \u00e8 una PWA, quindi si aggiorna automaticamente quando viene aperta in un browser supportato. I giocatori non sono pi\u00f9 tenuti a scaricare e installare manualmente gli aggiornamenti, il che \u00e8 un grande sollievo per molti, in modo da non perdere mai le ultime funzionalit\u00e0 e gli aggiornamenti di sicurezza. Nel caso delle applicazioni desktop, gli aggiornamenti sono gestiti dall&#8217;applicazione stessa e vengono annunciati.<\/p>\n<\/div><\/div><\/p>\n","protected":false},"excerpt":{"rendered":"<p>Piattaforma mobile Thor Fortune Thorfortune app \u00e8 un mobile casino all-in-one che consente ai giocatori italiani di divertirsi con qualsiasi gioco sui loro telefoni. Il software della nostra piattaforma ha caratteristiche avanzate, prestazioni elevate e una navigazione facile. Puoi essere sicuro di ricevere una PWA orientata alla sicurezza e alle prestazioni. La diversit\u00e0 di Thor [&hellip;]<\/p>\n","protected":false},"author":1,"featured_media":0,"parent":0,"menu_order":0,"comment_status":"closed","ping_status":"closed","template":"template-builder.php","meta":{"_acf_changed":false,"inline_featured_image":false,"footnotes":""},"class_list":["post-1445","page","type-page","status-publish","hentry"],"acf":[],"yoast_head":"<!-- This site is optimized with the Yoast SEO plugin v24.4 - https:\/\/yoast.com\/wordpress\/plugins\/seo\/ -->\n<title>Thorfortune App | Piattaforme iOS e Android<\/title>\n<meta name=\"description\" content=\"L&#039;app Thorfortune offre un&#039;esperienza di gioco fluida su Android, iOS, Windows e macOS, con account sincronizzati, aggiornamenti regolari e assistenza clienti integrata per un&#039;esperienza senza intoppi.\" \/>\n<meta name=\"robots\" content=\"index, follow, max-snippet:-1, max-image-preview:large, max-video-preview:-1\" \/>\n<link rel=\"canonical\" href=\"https:\/\/thorfortuneonline.org\/it\/applicazione\/\" \/>\n<meta property=\"og:locale\" content=\"it_IT\" \/>\n<meta property=\"og:type\" content=\"article\" \/>\n<meta property=\"og:title\" content=\"Thorfortune App | Piattaforme iOS e Android\" \/>\n<meta property=\"og:description\" content=\"L&#039;app Thorfortune offre un&#039;esperienza di gioco fluida su Android, iOS, Windows e macOS, con account sincronizzati, aggiornamenti regolari e assistenza clienti integrata per un&#039;esperienza senza intoppi.\" \/>\n<meta property=\"og:url\" content=\"https:\/\/thorfortuneonline.org\/it\/applicazione\/\" \/>\n<meta property=\"og:site_name\" content=\"thorfortune\" \/>\n<meta property=\"article:modified_time\" content=\"2026-03-02T11:52:17+00:00\" \/>\n<meta name=\"twitter:card\" content=\"summary_large_image\" \/>\n<meta name=\"twitter:label1\" content=\"Est. reading time\" \/>\n\t<meta name=\"twitter:data1\" content=\"2 minutes\" \/>\n<script type=\"application\/ld+json\" class=\"yoast-schema-graph\">{\"@context\":\"https:\/\/schema.org\",\"@graph\":[{\"@type\":\"WebPage\",\"@id\":\"https:\/\/thorfortuneonline.org\/it\/applicazione\/\",\"url\":\"https:\/\/thorfortuneonline.org\/it\/applicazione\/\",\"name\":\"Thorfortune App | Piattaforme iOS e Android\",\"isPartOf\":{\"@id\":\"https:\/\/thorfortuneonline.org\/it\/#website\"},\"datePublished\":\"2026-01-20T12:08:23+00:00\",\"dateModified\":\"2026-03-02T11:52:17+00:00\",\"description\":\"L'app Thorfortune offre un'esperienza di gioco fluida su Android, iOS, Windows e macOS, con account sincronizzati, aggiornamenti regolari e assistenza clienti integrata per un'esperienza senza intoppi.\",\"breadcrumb\":{\"@id\":\"https:\/\/thorfortuneonline.org\/it\/applicazione\/#breadcrumb\"},\"inLanguage\":\"it-IT\",\"potentialAction\":[{\"@type\":\"ReadAction\",\"target\":[\"https:\/\/thorfortuneonline.org\/it\/applicazione\/\"]}]},{\"@type\":\"BreadcrumbList\",\"@id\":\"https:\/\/thorfortuneonline.org\/it\/applicazione\/#breadcrumb\",\"itemListElement\":[{\"@type\":\"ListItem\",\"position\":1,\"name\":\"Thorfortune\",\"item\":\"https:\/\/thorfortuneonline.org\/it\/\"},{\"@type\":\"ListItem\",\"position\":2,\"name\":\"Applicazione\"}]},{\"@type\":\"WebSite\",\"@id\":\"https:\/\/thorfortuneonline.org\/it\/#website\",\"url\":\"https:\/\/thorfortuneonline.org\/it\/\",\"name\":\"Thorfortune\",\"description\":\"\",\"publisher\":{\"@id\":\"https:\/\/thorfortuneonline.org\/it\/#organization\"},\"potentialAction\":[{\"@type\":\"SearchAction\",\"target\":{\"@type\":\"EntryPoint\",\"urlTemplate\":\"https:\/\/thorfortuneonline.org\/it\/?s={search_term_string}\"},\"query-input\":{\"@type\":\"PropertyValueSpecification\",\"valueRequired\":true,\"valueName\":\"search_term_string\"}}],\"inLanguage\":\"it-IT\"},{\"@type\":\"Organization\",\"@id\":\"https:\/\/thorfortuneonline.org\/it\/#organization\",\"name\":\"Thorfortune\",\"url\":\"https:\/\/thorfortuneonline.org\/it\/\",\"logo\":{\"@type\":\"ImageObject\",\"inLanguage\":\"it-IT\",\"@id\":\"https:\/\/thorfortuneonline.org\/it\/#\/schema\/logo\/image\/\",\"url\":\"https:\/\/thorfortuneonline.org\/wp-content\/uploads\/2026\/03\/logo.png\",\"contentUrl\":\"https:\/\/thorfortuneonline.org\/wp-content\/uploads\/2026\/03\/logo.png\",\"width\":160,\"height\":37,\"caption\":\"Thorfortune\"},\"image\":{\"@id\":\"https:\/\/thorfortuneonline.org\/it\/#\/schema\/logo\/image\/\"}}]}<\/script>\n<!-- \/ Yoast SEO plugin. -->","yoast_head_json":{"title":"Thorfortune App | Piattaforme iOS e Android","description":"L'app Thorfortune offre un'esperienza di gioco fluida su Android, iOS, Windows e macOS, con account sincronizzati, aggiornamenti regolari e assistenza clienti integrata per un'esperienza senza intoppi.","robots":{"index":"index","follow":"follow","max-snippet":"max-snippet:-1","max-image-preview":"max-image-preview:large","max-video-preview":"max-video-preview:-1"},"canonical":"https:\/\/thorfortuneonline.org\/it\/applicazione\/","og_locale":"it_IT","og_type":"article","og_title":"Thorfortune App | Piattaforme iOS e Android","og_description":"L'app Thorfortune offre un'esperienza di gioco fluida su Android, iOS, Windows e macOS, con account sincronizzati, aggiornamenti regolari e assistenza clienti integrata per un'esperienza senza intoppi.","og_url":"https:\/\/thorfortuneonline.org\/it\/applicazione\/","og_site_name":"thorfortune","article_modified_time":"2026-03-02T11:52:17+00:00","twitter_card":"summary_large_image","twitter_misc":{"Est. reading time":"2 minutes"},"schema":{"@context":"https:\/\/schema.org","@graph":[{"@type":"WebPage","@id":"https:\/\/thorfortuneonline.org\/it\/applicazione\/","url":"https:\/\/thorfortuneonline.org\/it\/applicazione\/","name":"Thorfortune App | Piattaforme iOS e Android","isPartOf":{"@id":"https:\/\/thorfortuneonline.org\/it\/#website"},"datePublished":"2026-01-20T12:08:23+00:00","dateModified":"2026-03-02T11:52:17+00:00","description":"L'app Thorfortune offre un'esperienza di gioco fluida su Android, iOS, Windows e macOS, con account sincronizzati, aggiornamenti regolari e assistenza clienti integrata per un'esperienza senza intoppi.","breadcrumb":{"@id":"https:\/\/thorfortuneonline.org\/it\/applicazione\/#breadcrumb"},"inLanguage":"it-IT","potentialAction":[{"@type":"ReadAction","target":["https:\/\/thorfortuneonline.org\/it\/applicazione\/"]}]},{"@type":"BreadcrumbList","@id":"https:\/\/thorfortuneonline.org\/it\/applicazione\/#breadcrumb","itemListElement":[{"@type":"ListItem","position":1,"name":"Thorfortune","item":"https:\/\/thorfortuneonline.org\/it\/"},{"@type":"ListItem","position":2,"name":"Applicazione"}]},{"@type":"WebSite","@id":"https:\/\/thorfortuneonline.org\/it\/#website","url":"https:\/\/thorfortuneonline.org\/it\/","name":"Thorfortune","description":"","publisher":{"@id":"https:\/\/thorfortuneonline.org\/it\/#organization"},"potentialAction":[{"@type":"SearchAction","target":{"@type":"EntryPoint","urlTemplate":"https:\/\/thorfortuneonline.org\/it\/?s={search_term_string}"},"query-input":{"@type":"PropertyValueSpecification","valueRequired":true,"valueName":"search_term_string"}}],"inLanguage":"it-IT"},{"@type":"Organization","@id":"https:\/\/thorfortuneonline.org\/it\/#organization","name":"Thorfortune","url":"https:\/\/thorfortuneonline.org\/it\/","logo":{"@type":"ImageObject","inLanguage":"it-IT","@id":"https:\/\/thorfortuneonline.org\/it\/#\/schema\/logo\/image\/","url":"https:\/\/thorfortuneonline.org\/wp-content\/uploads\/2026\/03\/logo.png","contentUrl":"https:\/\/thorfortuneonline.org\/wp-content\/uploads\/2026\/03\/logo.png","width":160,"height":37,"caption":"Thorfortune"},"image":{"@id":"https:\/\/thorfortuneonline.org\/it\/#\/schema\/logo\/image\/"}}]}},"_links":{"self":[{"href":"https:\/\/thorfortuneonline.org\/it\/wp-json\/wp\/v2\/pages\/1445"}],"collection":[{"href":"https:\/\/thorfortuneonline.org\/it\/wp-json\/wp\/v2\/pages"}],"about":[{"href":"https:\/\/thorfortuneonline.org\/it\/wp-json\/wp\/v2\/types\/page"}],"author":[{"embeddable":true,"href":"https:\/\/thorfortuneonline.org\/it\/wp-json\/wp\/v2\/users\/1"}],"replies":[{"embeddable":true,"href":"https:\/\/thorfortuneonline.org\/it\/wp-json\/wp\/v2\/comments?post=1445"}],"version-history":[{"count":3,"href":"https:\/\/thorfortuneonline.org\/it\/wp-json\/wp\/v2\/pages\/1445\/revisions"}],"predecessor-version":[{"id":2087,"href":"https:\/\/thorfortuneonline.org\/it\/wp-json\/wp\/v2\/pages\/1445\/revisions\/2087"}],"wp:attachment":[{"href":"https:\/\/thorfortuneonline.org\/it\/wp-json\/wp\/v2\/media?parent=1445"}],"curies":[{"name":"wp","href":"https:\/\/api.w.org\/{rel}","templated":true}]}}