{"id":1482,"date":"2026-01-20T12:11:11","date_gmt":"2026-01-20T12:11:11","guid":{"rendered":"https:\/\/bonuskongcasino.com\/login-and-registration\/"},"modified":"2026-03-02T10:21:50","modified_gmt":"2026-03-02T10:21:50","slug":"connexion-et-inscription","status":"publish","type":"page","link":"https:\/\/thorfortuneonline.org\/fr\/connexion-et-inscription\/","title":{"rendered":"Connexion et inscription"},"content":{"rendered":"<h1>Connexion et inscription \u00e0 un compte Thorfortune<\/h1>\n<p>Il est toujours facile de d\u00e9bloquer toutes les opportunit\u00e9s de notre casino avec Thorfortune login. Il s&rsquo;agit d&rsquo;un acc\u00e8s sans entrave \u00e0 notre plateforme de casino en ligne phare, qui offre un environnement s\u00fbr et s\u00e9curis\u00e9 et une interface facile \u00e0 utiliser. Thorfortune Casino offre une s\u00e9curit\u00e9 robuste et une gestion compl\u00e8te des comptes, ce qui en fait une escapade de jeu fiable et attrayante pour tous les fans.<\/p>\n<p><div class=\"banner-wrap\" aria-label=\"Banner\"><img src=\"https:\/\/thorfortuneonline.org\/wp-content\/uploads\/2026\/03\/Thorfortune-bnr-pc.webp\" class=\"w-100 d-none d-lg-block img-pc main-banner-img\" alt=\"Thorfortune banner desktop\" fetchpriority=\"high\" decoding=\"async\"><img src=\"https:\/\/thorfortuneonline.org\/wp-content\/uploads\/2026\/03\/thorfortune-banner-mobile.webp\" class=\"w-100 d-none d-md-block d-lg-none main-banner-img\" alt=\"Thorfortune banner mobile\" fetchpriority=\"high\" decoding=\"async\"><img src=\"https:\/\/thorfortuneonline.org\/wp-content\/uploads\/2026\/03\/thorfortune-banner-mobile.webp\" class=\"w-100 d-md-none\" alt=\"Thorfortune banner mobile\" fetchpriority=\"high\" decoding=\"async\"><div class=\"banner-description\">\n<div class=\"banner-title\">Bonus de bienvenue<\/div>\n<p class=\"banner-header-title\">1500 \u20ac<\/p>\n<div class=\"banner-header-AdditionalText\">+ 250 Tours gratuits<\/div>\n<button data-item=\"homepage_banner_link\" class=\"goto m-button m-gradient-border m-button--primary m-button--large banner-button btn-orange\">\n            <div class=\"m-button-content\">\n                <span>Inscrivez-vous d\u00e8s maintenant<\/span>\n                <span><\/span>\n            <\/div>\n        <\/button>\n<\/div>\n<div class=\"WelcomePack\">\n<p><img loading=\"lazy\" decoding=\"async\" class=\"alignnone size-full wp-image-1844\" src=\"https:\/\/thor-fortune.org\/wp-content\/uploads\/2026\/03\/welcome-crown.png\" alt=\"welcome crown\" width=\"25\" height=\"26\" \/><\/p>\n<div class=\"WelcomePack-Info\">Cashback hebdomadaire jusqu&rsquo;\u00e0 25 %<\/div>\n<p><img loading=\"lazy\" decoding=\"async\" class=\"alignnone size-full wp-image-1844\" src=\"https:\/\/thor-fortune.org\/wp-content\/uploads\/2026\/03\/welcome-crown.png\" alt=\"welcome crown\" width=\"25\" height=\"26\" \/><\/p>\n<\/div>\n<\/div><div class=\"scrollable-content-wrap my-5\"><div class=\"scrollable-content-inner\"><h2>Inscription d&rsquo;un nouvel utilisateur sur Thor Fortune<\/h2>\n<p>Nous savons que vous souhaitez b\u00e9n\u00e9ficier d&rsquo;un acc\u00e8s exclusif \u00e0 notre casino Thorfortune. La cr\u00e9ation d&rsquo;un nouveau compte sur Thor Fortune vous donne acc\u00e8s \u00e0 de nombreuses possibilit\u00e9s de jeux, \u00e0 des bonus sp\u00e9ciaux et \u00e0 des fonctionnalit\u00e9s uniques. Les nouveaux utilisateurs sont \u00e9galement les bienvenus : chaque nouvelle inscription donne droit \u00e0 une surprise de bienvenue, \u00e0 savoir 1 500 \u20ac et 250 tours gratuits pour chaque nouveau membre !<\/p>\n<p>Avec la connexion \u00e0 Thorfortune, vous ne manquerez jamais les bonus de d\u00e9p\u00f4t et les tours gratuits, qui am\u00e9lioreront votre premi\u00e8re exp\u00e9rience. De plus, l&rsquo;inscription vous donnera acc\u00e8s \u00e0 des promotions continues, des tournois et des avantages de fid\u00e9lit\u00e9.<\/p>\n<p>Chez Thor Fortune, nous appr\u00e9cions les visites fr\u00e9quentes et nous vous permettons d&rsquo;accumuler des points qui peuvent \u00eatre convertis en argent ou en cr\u00e9dits bonus.<\/p>\n<h3>Cr\u00e9ez votre compte<\/h3>\n<p>Vous avez h\u00e2te de rejoindre Thorfortune Casino ? Si oui, voici comment faire :<\/p>\n<ol>\n<li>Les boutons \u00ab S&rsquo;inscrire \u00bb et \u00ab Se connecter \u00bb sont situ\u00e9s l&rsquo;un \u00e0 c\u00f4t\u00e9 de l&rsquo;autre. Vous pouvez choisir \u00ab S&rsquo;inscrire \u00bb et notre banni\u00e8re conviviale \u00ab Offre de bienvenue jusqu&rsquo;\u00e0 1 500 \u20ac + 250 tours gratuits \u00bb vous fera sourire.<\/li>\n<li>Cliquez sur le champ pour saisir votre adresse e-mail.<\/li>\n<li>Saisissez un mot de passe unique et s\u00e9curis\u00e9.<\/li>\n<li>Entrez notre code promotionnel. Beaucoup de gens nous demandent comment obtenir des codes promotionnels. Si vous vous inscrivez \u00e0 notre newsletter (ce que vous pouvez faire dans le champ ci-dessous dans ce formulaire), nous envoyons parfois des codes promotionnels par e-mail.<\/li>\n<li>Cochez la case pour prouver que vous avez 18 ans ou plus.<\/li>\n<li>Cliquez sur \u00ab S&rsquo;inscrire \u00bb.<\/li>\n<li>Acc\u00e9dez \u00e0 votre bo\u00eete de r\u00e9ception, trouvez l&rsquo;e-mail de v\u00e9rification et cliquez sur le lien fourni pour valider votre compte.<\/li>\n<li>Une fois votre compte activ\u00e9, vous pourrez vous connecter \u00e0 l&rsquo;aide de votre adresse e-mail et de votre mot de passe pour acc\u00e9der \u00e0 toutes les fonctionnalit\u00e9s et commencer \u00e0 jouer.<\/li>\n<li>Vous pouvez \u00e9galement vous inscrire sur Thorfortune Casino via votre compte Google.<\/li>\n<\/ol>\n<p><img loading=\"lazy\" decoding=\"async\" class=\"alignnone size-full wp-image-2028\" src=\"https:\/\/thor-fortune.org\/wp-content\/uploads\/2026\/03\/Thorfortune-login-page.webp\" alt=\"Thorfortune login page\" width=\"1248\" height=\"536\" srcset=\"https:\/\/thorfortuneonline.org\/wp-content\/uploads\/2026\/03\/Thorfortune-login-page.webp 1248w, https:\/\/thorfortuneonline.org\/wp-content\/uploads\/2026\/03\/Thorfortune-login-page-300x129.webp 300w, https:\/\/thorfortuneonline.org\/wp-content\/uploads\/2026\/03\/Thorfortune-login-page-1024x440.webp 1024w, https:\/\/thorfortuneonline.org\/wp-content\/uploads\/2026\/03\/Thorfortune-login-page-768x330.webp 768w\" sizes=\"(max-width: 1248px) 100vw, 1248px\" \/><\/p>\n<h2>Utilisation d&rsquo;un compte Thorfortune Casino<\/h2>\n<p>Une proc\u00e9dure similaire s&rsquo;applique lorsque vous vous connectez \u00e0 Thorfortune.<\/p>\n<ol>\n<li>Cliquez sur le bouton \u00ab Connexion \u00bb \u00e0 c\u00f4t\u00e9 de l&rsquo;inscription.<\/li>\n<li>Saisissez votre adresse e-mail et votre mot de passe.<\/li>\n<li>Connectez-vous (ou utilisez l&rsquo;option de connexion Thorfortune avec Google).<\/li>\n<\/ol>\n<p>Une fois connect\u00e9, vous pouvez effectuer de nombreuses op\u00e9rations. Examinons de plus pr\u00e8s les possibilit\u00e9s offertes par la connexion \u00e0 Thorfortune.<\/p>\n<p>Votre compte et votre s\u00e9curit\u00e9 :<\/p>\n<table>\n<tbody>\n<tr>\n<td>Fonctionnalit\u00e9<\/td>\n<td>Description<\/td>\n<\/tr>\n<tr>\n<td>D\u00e9p\u00f4t et retrait de fonds<\/td>\n<td>G\u00e9rez facilement votre solde gr\u00e2ce \u00e0 diverses options de paiement s\u00e9curis\u00e9es.<\/td>\n<\/tr>\n<tr>\n<td>Param\u00e8tres de s\u00e9curit\u00e9<\/td>\n<td>Renforcez la s\u00e9curit\u00e9 de votre compte gr\u00e2ce \u00e0 l&rsquo;authentification \u00e0 deux facteurs (2FA).<\/td>\n<\/tr>\n<\/tbody>\n<\/table>\n<p>Divers bonus Thor Fortune Casino :<\/p>\n<table>\n<tbody>\n<tr>\n<td>Fonction<\/td>\n<td>Description<\/td>\n<\/tr>\n<tr>\n<td>Utilisation des bonus<\/td>\n<td>D\u00e9bloquez des promotions passionnantes et am\u00e9liorez instantan\u00e9ment votre exp\u00e9rience de jeu.<\/td>\n<\/tr>\n<tr>\n<td>Programmes de fid\u00e9lit\u00e9 et VIP<\/td>\n<td>Rejoignez des clubs de r\u00e9compenses d&rsquo;\u00e9lite et gagnez des points pour obtenir des bonus et des prix exclusifs.<\/td>\n<\/tr>\n<\/tbody>\n<\/table>\n<p>Tableau de bord :<\/p>\n<table>\n<tbody>\n<tr>\n<td>Fonctionnalit\u00e9<\/td>\n<td>Description<\/td>\n<\/tr>\n<tr>\n<td>Historique des transactions<\/td>\n<td>Suivez vos d\u00e9p\u00f4ts, retraits et activit\u00e9s de pari.<\/td>\n<\/tr>\n<tr>\n<td>Gestion du profil<\/td>\n<td>Mettez facilement \u00e0 jour vos informations personnelles, vos coordonn\u00e9es et vos modes de paiement.<\/td>\n<\/tr>\n<\/tbody>\n<\/table>\n<p>L&rsquo;interface du compte Thorfortune est si conviviale qu&rsquo;elle est facile \u00e0 naviguer, ce qui signifie que les joueurs peuvent acc\u00e9der aux fonctionnalit\u00e9s et cr\u00e9er leur propre exp\u00e9rience.<\/p>\n<h3>V\u00e9rification et s\u00e9curit\u00e9 du compte Thorfortune Casino<\/h3>\n<p>Tous les joueurs de Thorfortune Casino doivent passer par le processus de v\u00e9rification KYC pour pouvoir transf\u00e9rer de l&rsquo;argent, gagner des gains et se d\u00e9placer librement sur la plateforme. Thor Fortune accorde une grande importance \u00e0 la s\u00e9curit\u00e9 de l&rsquo;environnement de jeu.<\/p>\n<p>Si vous pensez que ces valeurs trouvent un \u00e9cho dans votre c\u0153ur, fournissez-nous d\u00e8s que possible des documents d&rsquo;identit\u00e9 officiels (pi\u00e8ces d&rsquo;identit\u00e9 d\u00e9livr\u00e9es par le gouvernement et justificatifs de domicile) lors du processus de v\u00e9rification. Cette mesure est conforme aux normes et r\u00e9glementations du secteur, qui contribuent \u00e0 la pr\u00e9vention de la fraude et au fair-play.<\/p>\n<p>Thorfortune dispose de plusieurs mesures de s\u00e9curit\u00e9, telles que le cryptage AES, les protocoles TLS 1.2 et 1.3, des pare-feu et une surveillance du syst\u00e8me 24 heures sur 24, 7 jours sur 7. Nous prot\u00e9geons les informations personnelles et financi\u00e8res contre tout acc\u00e8s non autoris\u00e9. Les joueurs peuvent \u00e9galement activer l&rsquo;authentification \u00e0 deux facteurs (2FA) et mettre \u00e0 jour r\u00e9guli\u00e8rement les informations de leur compte afin d&rsquo;am\u00e9liorer encore davantage la s\u00e9curit\u00e9. Des audits r\u00e9guliers permettent d&rsquo;acc\u00e9l\u00e9rer les retraits et, le cas \u00e9ch\u00e9ant, la r\u00e9cup\u00e9ration du compte si les joueurs ont \u00e9t\u00e9 enti\u00e8rement v\u00e9rifi\u00e9s et approuv\u00e9s par notre \u00e9quipe d&rsquo;assistance.<\/p>\n<h3>Vous avez oubli\u00e9 votre mot de passe ?<\/h3>\n<p>En ce qui concerne l&rsquo;oubli des d\u00e9tails de votre compte et le processus de r\u00e9cup\u00e9ration, chez Thor Fortune, nous savons comment vous rendre votre compte.<\/p>\n<ol>\n<li>Si vous cliquez sur la connexion Thorfortune, vous verrez appara\u00eetre la banni\u00e8re \u00ab Mot de passe oubli\u00e9 ? \u00bb. Il vous suffit de cliquer dessus.<\/li>\n<li>Entrez votre adresse e-mail.<\/li>\n<li>Suivez les instructions qui vous ont \u00e9t\u00e9 envoy\u00e9es par e-mail. Vous y trouverez un lien de r\u00e9initialisation.<\/li>\n<li>Cr\u00e9ez un nouveau mot de passe et v\u00e9rifiez-le.<\/li>\n<\/ol>\n<p>Pour vous aider \u00e0 surmonter les difficult\u00e9s rencontr\u00e9es au cours de ce processus, l&rsquo;\u00e9quipe d&rsquo;assistance est \u00e0 votre disposition via le chat en direct pour vous aider \u00e0 r\u00e9cup\u00e9rer et \u00e0 v\u00e9rifier votre compte.<\/p>\n<h2>FAQ<\/h2>\n<h3>Comment puis-je terminer le processus de v\u00e9rification de mon compte ?<\/h3>\n<p>Pour confirmer votre compte chez Thorfortune, t\u00e9l\u00e9chargez des copies lisibles de vos documents d&rsquo;identit\u00e9 officiels et de vos justificatifs de domicile \u00e0 l&rsquo;aide d&rsquo;un portail de t\u00e9l\u00e9chargement s\u00e9curis\u00e9 dans les param\u00e8tres de votre compte. Le processus de v\u00e9rification est g\u00e9n\u00e9ralement rapide, vous n&rsquo;avez donc pas \u00e0 vous inqui\u00e9ter qu&rsquo;il vienne interrompre votre plaisir.<\/p>\n<h3>Comment mettre \u00e0 jour mon mot de passe ou mon adresse e-mail ?<\/h3>\n<p>Acc\u00e9dez \u00e0 la gestion de votre compte apr\u00e8s vous \u00eatre connect\u00e9 \u00e0 Thorfortune et choisissez de mettre \u00e0 jour vos informations. Thorfortune dispose de mesures de s\u00e9curit\u00e9 qui ne permettent pas d&rsquo;effectuer des mises \u00e0 jour sans autorisation, et des mesures de v\u00e9rification doivent \u00eatre prises avant toute modification. Vous devez donc d&rsquo;abord v\u00e9rifier que c&rsquo;est bien vous.<\/p>\n<h3>Que dois-je faire si mon compte est bloqu\u00e9 ?<\/h3>\n<p>Si votre compte n&rsquo;est pas disponible, veuillez contacter l&rsquo;\u00e9quipe d&rsquo;assistance par chat en direct ou par e-mail. Vous devrez peut-\u00eatre \u00eatre v\u00e9rifi\u00e9, au cas o\u00f9. Notre casino dispose d&rsquo;une assistance multilingue et nous proposons donc plusieurs langues. Veuillez donc nous \u00e9crire d\u00e8s que possible pour nous expliquer ce qui s&rsquo;est pass\u00e9 et pourquoi vous ne pouvez pas vous connecter \u00e0 Thorfortune, et nous vous aiderons.<\/p>\n<\/div><\/div><\/p>\n","protected":false},"excerpt":{"rendered":"<p>Connexion et inscription \u00e0 un compte Thorfortune Il est toujours facile de d\u00e9bloquer toutes les opportunit\u00e9s de notre casino avec Thorfortune login. Il s&rsquo;agit d&rsquo;un acc\u00e8s sans entrave \u00e0 notre plateforme de casino en ligne phare, qui offre un environnement s\u00fbr et s\u00e9curis\u00e9 et une interface facile \u00e0 utiliser. Thorfortune Casino offre une s\u00e9curit\u00e9 robuste [&hellip;]<\/p>\n","protected":false},"author":1,"featured_media":0,"parent":0,"menu_order":0,"comment_status":"closed","ping_status":"closed","template":"template-builder.php","meta":{"_acf_changed":false,"inline_featured_image":false,"footnotes":""},"class_list":["post-1482","page","type-page","status-publish","hentry"],"acf":[],"yoast_head":"<!-- This site is optimized with the Yoast SEO plugin v24.4 - https:\/\/yoast.com\/wordpress\/plugins\/seo\/ -->\n<title>Thorfortune Connexion et inscription<\/title>\n<meta name=\"description\" content=\"Cr\u00e9ez, g\u00e9rez et v\u00e9rifiez votre compte Thorfortune Casino en toute simplicit\u00e9. Profitez d&#039;une inscription rapide, d&#039;une r\u00e9cup\u00e9ration facile de votre compte et d&#039;une fermeture s\u00e9curis\u00e9e gr\u00e2ce \u00e0 Thorfortune Login, qui prot\u00e8ge votre compte 24 heures sur 24.\" \/>\n<meta name=\"robots\" content=\"index, follow, max-snippet:-1, max-image-preview:large, max-video-preview:-1\" \/>\n<link rel=\"canonical\" href=\"https:\/\/thorfortuneonline.org\/fr\/connexion-et-inscription\/\" \/>\n<meta property=\"og:locale\" content=\"fr_FR\" \/>\n<meta property=\"og:type\" content=\"article\" \/>\n<meta property=\"og:title\" content=\"Thorfortune Connexion et inscription\" \/>\n<meta property=\"og:description\" content=\"Cr\u00e9ez, g\u00e9rez et v\u00e9rifiez votre compte Thorfortune Casino en toute simplicit\u00e9. Profitez d&#039;une inscription rapide, d&#039;une r\u00e9cup\u00e9ration facile de votre compte et d&#039;une fermeture s\u00e9curis\u00e9e gr\u00e2ce \u00e0 Thorfortune Login, qui prot\u00e8ge votre compte 24 heures sur 24.\" \/>\n<meta property=\"og:url\" content=\"https:\/\/thorfortuneonline.org\/fr\/connexion-et-inscription\/\" \/>\n<meta property=\"og:site_name\" content=\"thorfortune\" \/>\n<meta property=\"article:modified_time\" content=\"2026-03-02T10:21:50+00:00\" \/>\n<meta name=\"twitter:card\" content=\"summary_large_image\" \/>\n<meta name=\"twitter:label1\" content=\"Dur\u00e9e de lecture estim\u00e9e\" \/>\n\t<meta name=\"twitter:data1\" content=\"1 minute\" \/>\n<script type=\"application\/ld+json\" class=\"yoast-schema-graph\">{\"@context\":\"https:\/\/schema.org\",\"@graph\":[{\"@type\":\"WebPage\",\"@id\":\"https:\/\/thorfortuneonline.org\/fr\/connexion-et-inscription\/\",\"url\":\"https:\/\/thorfortuneonline.org\/fr\/connexion-et-inscription\/\",\"name\":\"Thorfortune Connexion et inscription\",\"isPartOf\":{\"@id\":\"https:\/\/thorfortuneonline.org\/fr\/#website\"},\"datePublished\":\"2026-01-20T12:11:11+00:00\",\"dateModified\":\"2026-03-02T10:21:50+00:00\",\"description\":\"Cr\u00e9ez, g\u00e9rez et v\u00e9rifiez votre compte Thorfortune Casino en toute simplicit\u00e9. Profitez d'une inscription rapide, d'une r\u00e9cup\u00e9ration facile de votre compte et d'une fermeture s\u00e9curis\u00e9e gr\u00e2ce \u00e0 Thorfortune Login, qui prot\u00e8ge votre compte 24 heures sur 24.\",\"breadcrumb\":{\"@id\":\"https:\/\/thorfortuneonline.org\/fr\/connexion-et-inscription\/#breadcrumb\"},\"inLanguage\":\"fr-FR\",\"potentialAction\":[{\"@type\":\"ReadAction\",\"target\":[\"https:\/\/thorfortuneonline.org\/fr\/connexion-et-inscription\/\"]}]},{\"@type\":\"BreadcrumbList\",\"@id\":\"https:\/\/thorfortuneonline.org\/fr\/connexion-et-inscription\/#breadcrumb\",\"itemListElement\":[{\"@type\":\"ListItem\",\"position\":1,\"name\":\"Thorfortune\",\"item\":\"https:\/\/thorfortuneonline.org\/fr\/\"},{\"@type\":\"ListItem\",\"position\":2,\"name\":\"Connexion et inscription\"}]},{\"@type\":\"WebSite\",\"@id\":\"https:\/\/thorfortuneonline.org\/fr\/#website\",\"url\":\"https:\/\/thorfortuneonline.org\/fr\/\",\"name\":\"Thorfortune\",\"description\":\"\",\"publisher\":{\"@id\":\"https:\/\/thorfortuneonline.org\/fr\/#organization\"},\"potentialAction\":[{\"@type\":\"SearchAction\",\"target\":{\"@type\":\"EntryPoint\",\"urlTemplate\":\"https:\/\/thorfortuneonline.org\/fr\/?s={search_term_string}\"},\"query-input\":{\"@type\":\"PropertyValueSpecification\",\"valueRequired\":true,\"valueName\":\"search_term_string\"}}],\"inLanguage\":\"fr-FR\"},{\"@type\":\"Organization\",\"@id\":\"https:\/\/thorfortuneonline.org\/fr\/#organization\",\"name\":\"Thorfortune\",\"url\":\"https:\/\/thorfortuneonline.org\/fr\/\",\"logo\":{\"@type\":\"ImageObject\",\"inLanguage\":\"fr-FR\",\"@id\":\"https:\/\/thorfortuneonline.org\/fr\/#\/schema\/logo\/image\/\",\"url\":\"https:\/\/thorfortuneonline.org\/wp-content\/uploads\/2026\/03\/logo.png\",\"contentUrl\":\"https:\/\/thorfortuneonline.org\/wp-content\/uploads\/2026\/03\/logo.png\",\"width\":160,\"height\":37,\"caption\":\"Thorfortune\"},\"image\":{\"@id\":\"https:\/\/thorfortuneonline.org\/fr\/#\/schema\/logo\/image\/\"}}]}<\/script>\n<!-- \/ Yoast SEO plugin. -->","yoast_head_json":{"title":"Thorfortune Connexion et inscription","description":"Cr\u00e9ez, g\u00e9rez et v\u00e9rifiez votre compte Thorfortune Casino en toute simplicit\u00e9. Profitez d'une inscription rapide, d'une r\u00e9cup\u00e9ration facile de votre compte et d'une fermeture s\u00e9curis\u00e9e gr\u00e2ce \u00e0 Thorfortune Login, qui prot\u00e8ge votre compte 24 heures sur 24.","robots":{"index":"index","follow":"follow","max-snippet":"max-snippet:-1","max-image-preview":"max-image-preview:large","max-video-preview":"max-video-preview:-1"},"canonical":"https:\/\/thorfortuneonline.org\/fr\/connexion-et-inscription\/","og_locale":"fr_FR","og_type":"article","og_title":"Thorfortune Connexion et inscription","og_description":"Cr\u00e9ez, g\u00e9rez et v\u00e9rifiez votre compte Thorfortune Casino en toute simplicit\u00e9. Profitez d'une inscription rapide, d'une r\u00e9cup\u00e9ration facile de votre compte et d'une fermeture s\u00e9curis\u00e9e gr\u00e2ce \u00e0 Thorfortune Login, qui prot\u00e8ge votre compte 24 heures sur 24.","og_url":"https:\/\/thorfortuneonline.org\/fr\/connexion-et-inscription\/","og_site_name":"thorfortune","article_modified_time":"2026-03-02T10:21:50+00:00","twitter_card":"summary_large_image","twitter_misc":{"Dur\u00e9e de lecture estim\u00e9e":"1 minute"},"schema":{"@context":"https:\/\/schema.org","@graph":[{"@type":"WebPage","@id":"https:\/\/thorfortuneonline.org\/fr\/connexion-et-inscription\/","url":"https:\/\/thorfortuneonline.org\/fr\/connexion-et-inscription\/","name":"Thorfortune Connexion et inscription","isPartOf":{"@id":"https:\/\/thorfortuneonline.org\/fr\/#website"},"datePublished":"2026-01-20T12:11:11+00:00","dateModified":"2026-03-02T10:21:50+00:00","description":"Cr\u00e9ez, g\u00e9rez et v\u00e9rifiez votre compte Thorfortune Casino en toute simplicit\u00e9. Profitez d'une inscription rapide, d'une r\u00e9cup\u00e9ration facile de votre compte et d'une fermeture s\u00e9curis\u00e9e gr\u00e2ce \u00e0 Thorfortune Login, qui prot\u00e8ge votre compte 24 heures sur 24.","breadcrumb":{"@id":"https:\/\/thorfortuneonline.org\/fr\/connexion-et-inscription\/#breadcrumb"},"inLanguage":"fr-FR","potentialAction":[{"@type":"ReadAction","target":["https:\/\/thorfortuneonline.org\/fr\/connexion-et-inscription\/"]}]},{"@type":"BreadcrumbList","@id":"https:\/\/thorfortuneonline.org\/fr\/connexion-et-inscription\/#breadcrumb","itemListElement":[{"@type":"ListItem","position":1,"name":"Thorfortune","item":"https:\/\/thorfortuneonline.org\/fr\/"},{"@type":"ListItem","position":2,"name":"Connexion et inscription"}]},{"@type":"WebSite","@id":"https:\/\/thorfortuneonline.org\/fr\/#website","url":"https:\/\/thorfortuneonline.org\/fr\/","name":"Thorfortune","description":"","publisher":{"@id":"https:\/\/thorfortuneonline.org\/fr\/#organization"},"potentialAction":[{"@type":"SearchAction","target":{"@type":"EntryPoint","urlTemplate":"https:\/\/thorfortuneonline.org\/fr\/?s={search_term_string}"},"query-input":{"@type":"PropertyValueSpecification","valueRequired":true,"valueName":"search_term_string"}}],"inLanguage":"fr-FR"},{"@type":"Organization","@id":"https:\/\/thorfortuneonline.org\/fr\/#organization","name":"Thorfortune","url":"https:\/\/thorfortuneonline.org\/fr\/","logo":{"@type":"ImageObject","inLanguage":"fr-FR","@id":"https:\/\/thorfortuneonline.org\/fr\/#\/schema\/logo\/image\/","url":"https:\/\/thorfortuneonline.org\/wp-content\/uploads\/2026\/03\/logo.png","contentUrl":"https:\/\/thorfortuneonline.org\/wp-content\/uploads\/2026\/03\/logo.png","width":160,"height":37,"caption":"Thorfortune"},"image":{"@id":"https:\/\/thorfortuneonline.org\/fr\/#\/schema\/logo\/image\/"}}]}},"_links":{"self":[{"href":"https:\/\/thorfortuneonline.org\/fr\/wp-json\/wp\/v2\/pages\/1482"}],"collection":[{"href":"https:\/\/thorfortuneonline.org\/fr\/wp-json\/wp\/v2\/pages"}],"about":[{"href":"https:\/\/thorfortuneonline.org\/fr\/wp-json\/wp\/v2\/types\/page"}],"author":[{"embeddable":true,"href":"https:\/\/thorfortuneonline.org\/fr\/wp-json\/wp\/v2\/users\/1"}],"replies":[{"embeddable":true,"href":"https:\/\/thorfortuneonline.org\/fr\/wp-json\/wp\/v2\/comments?post=1482"}],"version-history":[{"count":3,"href":"https:\/\/thorfortuneonline.org\/fr\/wp-json\/wp\/v2\/pages\/1482\/revisions"}],"predecessor-version":[{"id":2064,"href":"https:\/\/thorfortuneonline.org\/fr\/wp-json\/wp\/v2\/pages\/1482\/revisions\/2064"}],"wp:attachment":[{"href":"https:\/\/thorfortuneonline.org\/fr\/wp-json\/wp\/v2\/media?parent=1482"}],"curies":[{"name":"wp","href":"https:\/\/api.w.org\/{rel}","templated":true}]}}