{"id":1440,"date":"2026-01-20T12:08:23","date_gmt":"2026-01-20T12:08:23","guid":{"rendered":"https:\/\/bonuskongcasino.com\/app\/"},"modified":"2026-03-02T10:18:58","modified_gmt":"2026-03-02T10:18:58","slug":"app","status":"publish","type":"page","link":"https:\/\/thorfortuneonline.org\/fr\/app\/","title":{"rendered":"App"},"content":{"rendered":"<h1>Plateforme mobile Thor Fortune<\/h1>\n<p>Thorfortune app est un mobile casino tout-en-un qui permet aux utilisateurs de jouer \u00e0 n&rsquo;importe quel jeu sur leur t\u00e9l\u00e9phone. Le logiciel de notre plateforme dispose de fonctionnalit\u00e9s avanc\u00e9es, de hautes performances et d&rsquo;une navigation facile. Vous pouvez \u00eatre s\u00fbr de b\u00e9n\u00e9ficier d&rsquo;une PWA ax\u00e9e sur la s\u00e9curit\u00e9 et les performances. La diversit\u00e9 de Thor Fortune par rapport \u00e0 d&rsquo;autres appareils en fait l&rsquo;une des plateformes de choix pour les jeux mobiles.<\/p>\n<div class=\"banner-wrap\" aria-label=\"Banner\"><img src=\"https:\/\/thorfortuneonline.org\/wp-content\/uploads\/2026\/03\/Thorfortune-bnr-pc.webp\" class=\"w-100 d-none d-lg-block img-pc main-banner-img\" alt=\"Thorfortune banner desktop\" fetchpriority=\"high\" decoding=\"async\"><img src=\"https:\/\/thorfortuneonline.org\/wp-content\/uploads\/2026\/03\/thorfortune-banner-mobile.webp\" class=\"w-100 d-none d-md-block d-lg-none main-banner-img\" alt=\"Thorfortune banner mobile\" fetchpriority=\"high\" decoding=\"async\"><img src=\"https:\/\/thorfortuneonline.org\/wp-content\/uploads\/2026\/03\/thorfortune-banner-mobile.webp\" class=\"w-100 d-md-none\" alt=\"Thorfortune banner mobile\" fetchpriority=\"high\" decoding=\"async\"><div class=\"banner-description\">\n<div class=\"banner-title\">Bonus de bienvenue<\/div>\n<p class=\"banner-header-title\">1500 \u20ac<\/p>\n<div class=\"banner-header-AdditionalText\">+ 250 Tours gratuits<\/div>\n<button data-item=\"homepage_banner_link\" class=\"goto m-button m-gradient-border m-button--primary m-button--large banner-button btn-orange\">\n            <div class=\"m-button-content\">\n                <span>Inscrivez-vous d\u00e8s maintenant<\/span>\n                <span><\/span>\n            <\/div>\n        <\/button>\n<\/div>\n<div class=\"WelcomePack\">\n<p><img loading=\"lazy\" decoding=\"async\" class=\"alignnone size-full wp-image-1844\" src=\"https:\/\/thor-fortune.org\/wp-content\/uploads\/2026\/03\/welcome-crown.png\" alt=\"welcome crown\" width=\"25\" height=\"26\" \/><\/p>\n<div class=\"WelcomePack-Info\">Cashback hebdomadaire jusqu&rsquo;\u00e0 25 %<\/div>\n<p><img loading=\"lazy\" decoding=\"async\" class=\"alignnone size-full wp-image-1844\" src=\"https:\/\/thor-fortune.org\/wp-content\/uploads\/2026\/03\/welcome-crown.png\" alt=\"welcome crown\" width=\"25\" height=\"26\" \/><\/p>\n<\/div>\n<\/div>\n<h2>Utilisation de Thorfortune sur mobile<\/h2>\n<p>Le jeu de casino mobile Thorfortune \u00e9l\u00e8ve l&rsquo;exp\u00e9rience de jeu \u00e0 un niveau sup\u00e9rieur et pr\u00e9sente un avantage par rapport aux jeux de bureau classiques. La plateforme mobile est vraiment incroyable. Voici pourquoi :<\/p>\n<ul>\n<li>Il est tr\u00e8s rapide par rapport aux autres services mobiles ;<\/li>\n<li>Elle est facilement accessible, car il n&rsquo;est pas n\u00e9cessaire de parcourir les boutiques d&rsquo;applications ;<\/li>\n<li>Elle est tr\u00e8s r\u00e9active, car elle est l\u00e9g\u00e8re et ne p\u00e8se presque rien ;<\/li>\n<li>Chaque joueur inscrit peut acc\u00e9der sans aucun probl\u00e8me \u00e0 une large s\u00e9lection de machines \u00e0 sous en ligne, de jeux avec croupier en direct et d&rsquo;autres services du casino Thorfortune.<\/li>\n<\/ul>\n<p>L&rsquo;application Thorfortune est con\u00e7ue pour fonctionner sur des appareils portables (Android et iPhone), contrairement aux versions de bureau, et offre un environnement sans distraction avec une navigation facile.<\/p>\n<p>La conception de l&rsquo;application met l&rsquo;accent sur un temps de chargement rapide et des param\u00e8tres minimaux. Nos joueurs peuvent se lancer directement dans leurs jeux pr\u00e9f\u00e9r\u00e9s. L&rsquo;application Thorfortune offre une exp\u00e9rience de jeu professionnelle, avec des graphismes de haute qualit\u00e9 et des commandes r\u00e9actives. Elle propose \u00e9galement le m\u00eame KYC rapide que sur le bureau Thor Fortune. Et nous s\u00e9curisons \u00e9galement les transactions, ce qui va de pair avec l&rsquo;accent mis par la plateforme sur la s\u00e9curit\u00e9.<\/p>\n<p><div class=\"scrollable-content-wrap my-5\"><div class=\"scrollable-content-inner\"><h2>Application mobile Android Thorfortune<\/h2>\n<p>Les utilisateurs d&rsquo;Android peuvent profiter d&rsquo;une plateforme de jeu simplifi\u00e9e et peu gourmande en \u00e9nergie, compatible avec une grande vari\u00e9t\u00e9 d&rsquo;appareils Android. Il s&rsquo;agit d&rsquo;un hybride entre un site web et une application. Vous pouvez essayer par vous-m\u00eame sa vitesse de chargement \u00e9lev\u00e9e et ses performances constantes. L&rsquo;interface de l&rsquo;application est conviviale et permet de trouver facilement les cat\u00e9gories de machines \u00e0 sous en ligne, de jeux avec croupier en direct et de promotions.<\/p>\n<p>Les mises \u00e0 jour automatiques sont l&rsquo;un des principaux avantages de l&rsquo;application Android Thorfortune. Il n&rsquo;est pas n\u00e9cessaire de la r\u00e9installer ou de la mettre \u00e0 jour manuellement. Elle offre des graphismes stables et de haute qualit\u00e9 qui am\u00e9liorent l&rsquo;exp\u00e9rience de jeu et permettent un gameplay fluide, m\u00eame sur des appareils bas de gamme. L&rsquo;application vise \u00e9galement \u00e0 fournir des informations importantes telles que des notifications push, gr\u00e2ce auxquelles les joueurs sont inform\u00e9s en temps r\u00e9el des nouveaux jeux et promotions et ne manquent aucune information sur l&rsquo;\u00e9tat de leurs transactions.<\/p>\n<h3>Pourquoi pr\u00e9f\u00e9rer une PWA \u00e0 un APK ?<\/h3>\n<p>La PWA (Progressive Web App) pr\u00e9sente plusieurs avantages par rapport aux fichiers APK traditionnels. Les PWA ne n\u00e9cessitent pas de t\u00e9l\u00e9chargement dans les boutiques d&rsquo;applications, ce qui r\u00e9duit les probl\u00e8mes de s\u00e9curit\u00e9 et de stockage. Elles chargent imm\u00e9diatement Thor Fortune Casino dans des navigateurs tels que Chrome ou Firefox sans compromettre les performances. L&rsquo;application est automatiquement mise \u00e0 jour pour inclure de nouvelles fonctionnalit\u00e9s et reste compatible avec les normes et les mesures de s\u00e9curit\u00e9 en constante \u00e9volution des navigateurs.<\/p>\n<p>Au contraire, les fichiers APK n\u00e9cessitent un t\u00e9l\u00e9chargement et une mise \u00e0 jour manuels, ce qui peut \u00eatre probl\u00e9matique en termes de s\u00e9curit\u00e9 et de compatibilit\u00e9. La m\u00e9thode PWA est le moyen le plus simple d&rsquo;acc\u00e9der et de jouer sur Thorfortune Casino. Nous vous offrons un acc\u00e8s simple gr\u00e2ce \u00e0 un environnement de jeu s\u00e9curis\u00e9, stable et rapide, directement accessible depuis les navigateurs des appareils Android. Pas besoin de vous inqui\u00e9ter des complications, car notre application Thorfortune a tout ce dont votre mobile a besoin.<\/p>\n<p><img loading=\"lazy\" decoding=\"async\" class=\"alignnone size-full wp-image-2004\" src=\"https:\/\/thor-fortune.org\/wp-content\/uploads\/2026\/03\/Thorfortune-Android.webp\" alt=\"Thorfortune Android\" width=\"1248\" height=\"536\" srcset=\"https:\/\/thorfortuneonline.org\/wp-content\/uploads\/2026\/03\/Thorfortune-Android.webp 1248w, https:\/\/thorfortuneonline.org\/wp-content\/uploads\/2026\/03\/Thorfortune-Android-300x129.webp 300w, https:\/\/thorfortuneonline.org\/wp-content\/uploads\/2026\/03\/Thorfortune-Android-1024x440.webp 1024w, https:\/\/thorfortuneonline.org\/wp-content\/uploads\/2026\/03\/Thorfortune-Android-768x330.webp 768w\" sizes=\"(max-width: 1248px) 100vw, 1248px\" \/><\/p>\n<\/div><\/div><div style=\"clear: both\"><\/div><div class=\"d-flex justify-content-center\"><button data-item=\"decouvrez_link\" data-group=\"website_links\" class=\"goto fw-bold rounded-pill btn btn-orange\" aria-label=\"T\u00e9l\u00e9chargez l&#039;application Thorfortune\" >T\u00e9l\u00e9chargez l&#039;application Thorfortune<\/button><\/div><div class=\"scrollable-content-wrap my-5\"><div class=\"scrollable-content-inner\"><h2>Application mobile Thorfortune pour iOS<\/h2>\n<p>L&rsquo;application Thorfortune iOS est adapt\u00e9e aux appareils Apple : iPad, iPhone et MacBook. M\u00eame si vous \u00eates habitu\u00e9 aux applications natives, notre PWA vous surprendra agr\u00e9ablement par son fonctionnement fluide, sans installation ni recherche de fichiers .exe dans l&rsquo;App Store. Vous serez ravi de d\u00e9couvrir des graphismes de qualit\u00e9, un chargement rapide et une plateforme s\u00e9curis\u00e9e avec toutes vos machines \u00e0 sous en ligne et vos jeux avec croupier en direct pr\u00e9f\u00e9r\u00e9s, entre autres fonctionnalit\u00e9s du casino. Live Thorfortune fait \u00e9galement des merveilles : les croupiers ne se figent jamais, le processus est aussi vivant que dans la vie r\u00e9elle. Et ce n&rsquo;est qu&rsquo;un raccourci, vous imaginez ? Comment l&rsquo;installer ? C&rsquo;est facile :<\/p>\n<ol>\n<li>Cliquez sur la ligne de recherche ci-dessous qui contient le nom de notre site web.<\/li>\n<li>Vous verrez le symbole carr\u00e9 ci-dessous ; cliquez dessus.<\/li>\n<li>Vous serez redirig\u00e9 vers le partage de l&rsquo;URL du casino Thorfortune. Ne le faites pas, mais choisissez plut\u00f4t l&rsquo;option \u00ab Ajouter \u00e0 l&rsquo;\u00e9cran d&rsquo;accueil \u00bb dans la liste.<\/li>\n<li>C&rsquo;est tout. Vous disposez d\u00e9sormais d&rsquo;un raccourci vers Thorfortune Casino dans votre menu principal !<\/li>\n<\/ol>\n<p>D\u00e9sormais, vous pouvez tout savoir sur nos actualit\u00e9s, nos jeux et nos promotions, g\u00e9rer votre compte et, bien s\u00fbr, jouer aux jeux Thor Fortune Casino. Les nouvelles versions permettent \u00e0 la plateforme de rester en phase avec les normes r\u00e9centes en mati\u00e8re de jeux mobiles, en ajoutant de nouvelles fonctionnalit\u00e9s et en am\u00e9liorant la stabilit\u00e9 globale. N&rsquo;h\u00e9sitez donc pas \u00e0 consulter r\u00e9guli\u00e8rement l&rsquo;application.<\/p>\n<p><img loading=\"lazy\" decoding=\"async\" class=\"alignnone size-full wp-image-2020\" src=\"https:\/\/thor-fortune.org\/wp-content\/uploads\/2026\/03\/Thorfortune-iOS.webp\" alt=\"Thorfortune iOS\" width=\"1248\" height=\"536\" srcset=\"https:\/\/thorfortuneonline.org\/wp-content\/uploads\/2026\/03\/Thorfortune-iOS.webp 1248w, https:\/\/thorfortuneonline.org\/wp-content\/uploads\/2026\/03\/Thorfortune-iOS-300x129.webp 300w, https:\/\/thorfortuneonline.org\/wp-content\/uploads\/2026\/03\/Thorfortune-iOS-1024x440.webp 1024w, https:\/\/thorfortuneonline.org\/wp-content\/uploads\/2026\/03\/Thorfortune-iOS-768x330.webp 768w\" sizes=\"(max-width: 1248px) 100vw, 1248px\" \/><\/p>\n<\/div><\/div><div style=\"clear: both\"><\/div><div class=\"d-flex justify-content-center\"><button data-item=\"decouvrez_link\" data-group=\"website_links\" class=\"goto fw-bold rounded-pill btn btn-orange\" aria-label=\"T\u00e9l\u00e9charger Thorfortune\" >T\u00e9l\u00e9charger Thorfortune<\/button><\/div><div class=\"scrollable-content-wrap my-5\"><div class=\"scrollable-content-inner\"><h2>Applications Windows et macOS<\/h2>\n<p>Thorfortune Casino propose des versions Windows et Mac, disponibles pour les joueurs qui utilisent un ordinateur de bureau. Elles offrent une exp\u00e9rience totalement immersive et disposent de graphismes haute r\u00e9solution et d&rsquo;une grande vari\u00e9t\u00e9 de fonctionnalit\u00e9s. Les versions de bureau sont les mieux adapt\u00e9es pour jouer aux titres avec croupier en direct de Thor Fortune, car vous pouvez zoomer beaucoup ou \u00e9tirer l&rsquo;image \u00e0 n&rsquo;importe quelle r\u00e9solution, mais les autres jeux fonctionnent \u00e9galement tr\u00e8s bien. Nous savons que la 3D, le r\u00e9alisme et les d\u00e9tails sont essentiels et que les jeux sont similaires \u00e0 ceux jou\u00e9s dans un casino r\u00e9el.<\/p>\n<p>Les raccourcis de l&rsquo;application Thorfortune pour Windows et Mac sont plus grands, bas\u00e9s sur l&rsquo;\u00e9cran et offrent une navigation sophistiqu\u00e9e, des informations en temps r\u00e9el sur votre compte (vous pouvez tout v\u00e9rifier tel quel) et ils ne peuvent pas \u00eatre ralentis, m\u00eame si tous les membres de Thorfortune Casino se connectent en m\u00eame temps.<\/p>\n<table>\n<tbody>\n<tr>\n<td>M\u00e9thode d&rsquo;acc\u00e8s<\/td>\n<td>Compatibilit\u00e9<\/td>\n<td>Exigences de stockage<\/td>\n<td>Proc\u00e9dure de mise \u00e0 jour<\/td>\n<td>Principal avantage<\/td>\n<\/tr>\n<tr>\n<td>PWA (iOS\/Android)<\/td>\n<td>Bas\u00e9e sur un navigateur<\/td>\n<td>Tr\u00e8s minimes<\/td>\n<td>Automatique<\/td>\n<td>Acc\u00e8s rapide, aucun t\u00e9l\u00e9chargement, s\u00e9curis\u00e9<\/td>\n<\/tr>\n<tr>\n<td>Ordinateur de bureau (Windows\/macOS)<\/td>\n<td>Syst\u00e8me d&rsquo;exploitation de bureau<\/td>\n<td>Variable<\/td>\n<td>Mises \u00e0 jour automatiques<\/td>\n<td>\u00c9crans plus grands, fonctionnalit\u00e9s am\u00e9lior\u00e9es<\/td>\n<\/tr>\n<\/tbody>\n<\/table>\n<p>Nous vous invitons \u00e0 essayer un environnement de jeu professionnel qui s\u00e9duit les joueurs qui misent gros et les personnes int\u00e9ress\u00e9es par un environnement de jeu plus complet. Les applications facilitent le bon d\u00e9roulement des jeux, la s\u00e9curit\u00e9 des paiements et l&rsquo;acc\u00e8s rapide \u00e0 l&rsquo;ensemble des fonctionnalit\u00e9s du casino.<\/p>\n<p><img loading=\"lazy\" decoding=\"async\" class=\"alignnone size-full wp-image-2012\" src=\"https:\/\/thor-fortune.org\/wp-content\/uploads\/2026\/03\/Thorfortune-Desktop.webp\" alt=\"Thorfortune Desktop\" width=\"1248\" height=\"536\" srcset=\"https:\/\/thorfortuneonline.org\/wp-content\/uploads\/2026\/03\/Thorfortune-Desktop.webp 1248w, https:\/\/thorfortuneonline.org\/wp-content\/uploads\/2026\/03\/Thorfortune-Desktop-300x129.webp 300w, https:\/\/thorfortuneonline.org\/wp-content\/uploads\/2026\/03\/Thorfortune-Desktop-1024x440.webp 1024w, https:\/\/thorfortuneonline.org\/wp-content\/uploads\/2026\/03\/Thorfortune-Desktop-768x330.webp 768w\" sizes=\"(max-width: 1248px) 100vw, 1248px\" \/><\/p>\n<\/div><\/div><div style=\"clear: both\"><\/div><div class=\"d-flex justify-content-center\"><button data-item=\"decouvrez_link\" data-group=\"website_links\" class=\"goto fw-bold rounded-pill btn btn-orange\" aria-label=\"T\u00e9l\u00e9chargez l&#039;application Thorfortune\" >T\u00e9l\u00e9chargez l&#039;application Thorfortune<\/button><\/div><div class=\"scrollable-content-wrap my-5\"><div class=\"scrollable-content-inner\"><h2>FAQ<\/h2>\n<h3>Faut-il cr\u00e9er un compte pour utiliser l&rsquo;application Thorfortune ?<\/h3>\n<p>Pour pouvoir utiliser toutes les fonctionnalit\u00e9s offertes par Thorfortune Casino, il est essentiel de disposer d&rsquo;un compte v\u00e9rifi\u00e9. L&rsquo;inscription garantit des transactions s\u00e9curis\u00e9es, l&rsquo;acc\u00e8s aux bonus et l&rsquo;assistance par chat en direct. Le processus de v\u00e9rification fait \u00e9galement partie de la politique de jeu responsable de Thor Fortune Casino et de la s\u00e9curit\u00e9 de notre plateforme.<\/p>\n<h3>L&rsquo;application Thor Fortune Casino offre-t-elle un service d&rsquo;assistance \u00e0 la client\u00e8le ?<\/h3>\n<p>L&rsquo;application Thorfortune propose une assistance par chat en direct (bouton sur notre site), par e-mail et par d&rsquo;autres moyens de communication. L&rsquo;\u00e9quipe d&rsquo;assistance s&rsquo;efforce toujours d&rsquo;apporter une aide imm\u00e9diate en cas de probl\u00e8mes techniques, de questions d&rsquo;\u00e9ligibilit\u00e9 et d&rsquo;assistance g\u00e9n\u00e9rale aux joueurs afin qu&rsquo;ils puissent jouer sans interruption.<\/p>\n<h3>Comment mettre \u00e0 jour l&rsquo;application Thorfortune Casino ?<\/h3>\n<p>La mise \u00e0 jour manuelle n&rsquo;est plus n\u00e9cessaire ! L&rsquo;application Thorfortune est une PWA ; elle se met donc \u00e0 jour automatiquement lorsqu&rsquo;elle est ouverte dans un navigateur pris en charge. Les joueurs n&rsquo;ont plus besoin de t\u00e9l\u00e9charger et d&rsquo;installer les mises \u00e0 jour manuellement, ce qui est un soulagement pour beaucoup, et vous ne manquerez ainsi jamais les derni\u00e8res fonctionnalit\u00e9s et mises \u00e0 jour de s\u00e9curit\u00e9. Dans le cas des applications de bureau, les mises \u00e0 jour sont g\u00e9r\u00e9es par l&rsquo;application elle-m\u00eame et sont annonc\u00e9es.<\/p>\n<\/div><\/div><\/p>\n","protected":false},"excerpt":{"rendered":"<p>Plateforme mobile Thor Fortune Thorfortune app est un mobile casino tout-en-un qui permet aux utilisateurs de jouer \u00e0 n&rsquo;importe quel jeu sur leur t\u00e9l\u00e9phone. Le logiciel de notre plateforme dispose de fonctionnalit\u00e9s avanc\u00e9es, de hautes performances et d&rsquo;une navigation facile. Vous pouvez \u00eatre s\u00fbr de b\u00e9n\u00e9ficier d&rsquo;une PWA ax\u00e9e sur la s\u00e9curit\u00e9 et les performances. [&hellip;]<\/p>\n","protected":false},"author":1,"featured_media":0,"parent":0,"menu_order":0,"comment_status":"closed","ping_status":"closed","template":"template-builder.php","meta":{"_acf_changed":false,"inline_featured_image":false,"footnotes":""},"class_list":["post-1440","page","type-page","status-publish","hentry"],"acf":[],"yoast_head":"<!-- This site is optimized with the Yoast SEO plugin v24.4 - https:\/\/yoast.com\/wordpress\/plugins\/seo\/ -->\n<title>Thorfortune App | Plateformes iOS et Android<\/title>\n<meta name=\"description\" content=\"L&#039;application Thorfortune offre une exp\u00e9rience de jeu fluide sur Android, iOS, Windows et macOS, avec des comptes synchronis\u00e9s, des mises \u00e0 jour r\u00e9guli\u00e8res et un service client int\u00e9gr\u00e9 pour une exp\u00e9rience sans souci.\" \/>\n<meta name=\"robots\" content=\"index, follow, max-snippet:-1, max-image-preview:large, max-video-preview:-1\" \/>\n<link rel=\"canonical\" href=\"https:\/\/thorfortuneonline.org\/fr\/app\/\" \/>\n<meta property=\"og:locale\" content=\"fr_FR\" \/>\n<meta property=\"og:type\" content=\"article\" \/>\n<meta property=\"og:title\" content=\"Thorfortune App | Plateformes iOS et Android\" \/>\n<meta property=\"og:description\" content=\"L&#039;application Thorfortune offre une exp\u00e9rience de jeu fluide sur Android, iOS, Windows et macOS, avec des comptes synchronis\u00e9s, des mises \u00e0 jour r\u00e9guli\u00e8res et un service client int\u00e9gr\u00e9 pour une exp\u00e9rience sans souci.\" \/>\n<meta property=\"og:url\" content=\"https:\/\/thorfortuneonline.org\/fr\/app\/\" \/>\n<meta property=\"og:site_name\" content=\"thorfortune\" \/>\n<meta property=\"article:modified_time\" content=\"2026-03-02T10:18:58+00:00\" \/>\n<meta name=\"twitter:card\" content=\"summary_large_image\" \/>\n<meta name=\"twitter:label1\" content=\"Dur\u00e9e de lecture estim\u00e9e\" \/>\n\t<meta name=\"twitter:data1\" content=\"2 minutes\" \/>\n<script type=\"application\/ld+json\" class=\"yoast-schema-graph\">{\"@context\":\"https:\/\/schema.org\",\"@graph\":[{\"@type\":\"WebPage\",\"@id\":\"https:\/\/thorfortuneonline.org\/fr\/app\/\",\"url\":\"https:\/\/thorfortuneonline.org\/fr\/app\/\",\"name\":\"Thorfortune App | Plateformes iOS et Android\",\"isPartOf\":{\"@id\":\"https:\/\/thorfortuneonline.org\/fr\/#website\"},\"datePublished\":\"2026-01-20T12:08:23+00:00\",\"dateModified\":\"2026-03-02T10:18:58+00:00\",\"description\":\"L'application Thorfortune offre une exp\u00e9rience de jeu fluide sur Android, iOS, Windows et macOS, avec des comptes synchronis\u00e9s, des mises \u00e0 jour r\u00e9guli\u00e8res et un service client int\u00e9gr\u00e9 pour une exp\u00e9rience sans souci.\",\"breadcrumb\":{\"@id\":\"https:\/\/thorfortuneonline.org\/fr\/app\/#breadcrumb\"},\"inLanguage\":\"fr-FR\",\"potentialAction\":[{\"@type\":\"ReadAction\",\"target\":[\"https:\/\/thorfortuneonline.org\/fr\/app\/\"]}]},{\"@type\":\"BreadcrumbList\",\"@id\":\"https:\/\/thorfortuneonline.org\/fr\/app\/#breadcrumb\",\"itemListElement\":[{\"@type\":\"ListItem\",\"position\":1,\"name\":\"Thorfortune\",\"item\":\"https:\/\/thorfortuneonline.org\/fr\/\"},{\"@type\":\"ListItem\",\"position\":2,\"name\":\"App\"}]},{\"@type\":\"WebSite\",\"@id\":\"https:\/\/thorfortuneonline.org\/fr\/#website\",\"url\":\"https:\/\/thorfortuneonline.org\/fr\/\",\"name\":\"Thorfortune\",\"description\":\"\",\"publisher\":{\"@id\":\"https:\/\/thorfortuneonline.org\/fr\/#organization\"},\"potentialAction\":[{\"@type\":\"SearchAction\",\"target\":{\"@type\":\"EntryPoint\",\"urlTemplate\":\"https:\/\/thorfortuneonline.org\/fr\/?s={search_term_string}\"},\"query-input\":{\"@type\":\"PropertyValueSpecification\",\"valueRequired\":true,\"valueName\":\"search_term_string\"}}],\"inLanguage\":\"fr-FR\"},{\"@type\":\"Organization\",\"@id\":\"https:\/\/thorfortuneonline.org\/fr\/#organization\",\"name\":\"Thorfortune\",\"url\":\"https:\/\/thorfortuneonline.org\/fr\/\",\"logo\":{\"@type\":\"ImageObject\",\"inLanguage\":\"fr-FR\",\"@id\":\"https:\/\/thorfortuneonline.org\/fr\/#\/schema\/logo\/image\/\",\"url\":\"https:\/\/thorfortuneonline.org\/wp-content\/uploads\/2026\/03\/logo.png\",\"contentUrl\":\"https:\/\/thorfortuneonline.org\/wp-content\/uploads\/2026\/03\/logo.png\",\"width\":160,\"height\":37,\"caption\":\"Thorfortune\"},\"image\":{\"@id\":\"https:\/\/thorfortuneonline.org\/fr\/#\/schema\/logo\/image\/\"}}]}<\/script>\n<!-- \/ Yoast SEO plugin. -->","yoast_head_json":{"title":"Thorfortune App | Plateformes iOS et Android","description":"L'application Thorfortune offre une exp\u00e9rience de jeu fluide sur Android, iOS, Windows et macOS, avec des comptes synchronis\u00e9s, des mises \u00e0 jour r\u00e9guli\u00e8res et un service client int\u00e9gr\u00e9 pour une exp\u00e9rience sans souci.","robots":{"index":"index","follow":"follow","max-snippet":"max-snippet:-1","max-image-preview":"max-image-preview:large","max-video-preview":"max-video-preview:-1"},"canonical":"https:\/\/thorfortuneonline.org\/fr\/app\/","og_locale":"fr_FR","og_type":"article","og_title":"Thorfortune App | Plateformes iOS et Android","og_description":"L'application Thorfortune offre une exp\u00e9rience de jeu fluide sur Android, iOS, Windows et macOS, avec des comptes synchronis\u00e9s, des mises \u00e0 jour r\u00e9guli\u00e8res et un service client int\u00e9gr\u00e9 pour une exp\u00e9rience sans souci.","og_url":"https:\/\/thorfortuneonline.org\/fr\/app\/","og_site_name":"thorfortune","article_modified_time":"2026-03-02T10:18:58+00:00","twitter_card":"summary_large_image","twitter_misc":{"Dur\u00e9e de lecture estim\u00e9e":"2 minutes"},"schema":{"@context":"https:\/\/schema.org","@graph":[{"@type":"WebPage","@id":"https:\/\/thorfortuneonline.org\/fr\/app\/","url":"https:\/\/thorfortuneonline.org\/fr\/app\/","name":"Thorfortune App | Plateformes iOS et Android","isPartOf":{"@id":"https:\/\/thorfortuneonline.org\/fr\/#website"},"datePublished":"2026-01-20T12:08:23+00:00","dateModified":"2026-03-02T10:18:58+00:00","description":"L'application Thorfortune offre une exp\u00e9rience de jeu fluide sur Android, iOS, Windows et macOS, avec des comptes synchronis\u00e9s, des mises \u00e0 jour r\u00e9guli\u00e8res et un service client int\u00e9gr\u00e9 pour une exp\u00e9rience sans souci.","breadcrumb":{"@id":"https:\/\/thorfortuneonline.org\/fr\/app\/#breadcrumb"},"inLanguage":"fr-FR","potentialAction":[{"@type":"ReadAction","target":["https:\/\/thorfortuneonline.org\/fr\/app\/"]}]},{"@type":"BreadcrumbList","@id":"https:\/\/thorfortuneonline.org\/fr\/app\/#breadcrumb","itemListElement":[{"@type":"ListItem","position":1,"name":"Thorfortune","item":"https:\/\/thorfortuneonline.org\/fr\/"},{"@type":"ListItem","position":2,"name":"App"}]},{"@type":"WebSite","@id":"https:\/\/thorfortuneonline.org\/fr\/#website","url":"https:\/\/thorfortuneonline.org\/fr\/","name":"Thorfortune","description":"","publisher":{"@id":"https:\/\/thorfortuneonline.org\/fr\/#organization"},"potentialAction":[{"@type":"SearchAction","target":{"@type":"EntryPoint","urlTemplate":"https:\/\/thorfortuneonline.org\/fr\/?s={search_term_string}"},"query-input":{"@type":"PropertyValueSpecification","valueRequired":true,"valueName":"search_term_string"}}],"inLanguage":"fr-FR"},{"@type":"Organization","@id":"https:\/\/thorfortuneonline.org\/fr\/#organization","name":"Thorfortune","url":"https:\/\/thorfortuneonline.org\/fr\/","logo":{"@type":"ImageObject","inLanguage":"fr-FR","@id":"https:\/\/thorfortuneonline.org\/fr\/#\/schema\/logo\/image\/","url":"https:\/\/thorfortuneonline.org\/wp-content\/uploads\/2026\/03\/logo.png","contentUrl":"https:\/\/thorfortuneonline.org\/wp-content\/uploads\/2026\/03\/logo.png","width":160,"height":37,"caption":"Thorfortune"},"image":{"@id":"https:\/\/thorfortuneonline.org\/fr\/#\/schema\/logo\/image\/"}}]}},"_links":{"self":[{"href":"https:\/\/thorfortuneonline.org\/fr\/wp-json\/wp\/v2\/pages\/1440"}],"collection":[{"href":"https:\/\/thorfortuneonline.org\/fr\/wp-json\/wp\/v2\/pages"}],"about":[{"href":"https:\/\/thorfortuneonline.org\/fr\/wp-json\/wp\/v2\/types\/page"}],"author":[{"embeddable":true,"href":"https:\/\/thorfortuneonline.org\/fr\/wp-json\/wp\/v2\/users\/1"}],"replies":[{"embeddable":true,"href":"https:\/\/thorfortuneonline.org\/fr\/wp-json\/wp\/v2\/comments?post=1440"}],"version-history":[{"count":3,"href":"https:\/\/thorfortuneonline.org\/fr\/wp-json\/wp\/v2\/pages\/1440\/revisions"}],"predecessor-version":[{"id":2062,"href":"https:\/\/thorfortuneonline.org\/fr\/wp-json\/wp\/v2\/pages\/1440\/revisions\/2062"}],"wp:attachment":[{"href":"https:\/\/thorfortuneonline.org\/fr\/wp-json\/wp\/v2\/media?parent=1440"}],"curies":[{"name":"wp","href":"https:\/\/api.w.org\/{rel}","templated":true}]}}