{"id":1487,"date":"2026-01-20T12:11:11","date_gmt":"2026-01-20T12:11:11","guid":{"rendered":"https:\/\/bonuskongcasino.com\/login-and-registration\/"},"modified":"2026-03-02T12:43:44","modified_gmt":"2026-03-02T12:43:44","slug":"inicio-de-sesion-y-registro","status":"publish","type":"page","link":"https:\/\/thorfortuneonline.org\/es\/inicio-de-sesion-y-registro\/","title":{"rendered":"Inicio de sesi\u00f3n y Registro"},"content":{"rendered":"<h1>Inicio de sesi\u00f3n y registro en la cuenta de Thorfortune<\/h1>\n<p>Desbloquear todas las oportunidades de nuestro casino es siempre f\u00e1cil con Thorfortune login. Se trata de un acceso sin obst\u00e1culos a nuestra plataforma de casino online insignia, que ofrece un entorno seguro y una interfaz f\u00e1cil de usar. Thorfortune Casino ofrece una seguridad robusta y una gesti\u00f3n de cuentas completa, lo que lo convierte en un refugio de juego fiable y atractivo para todos los aficionados espa\u00f1oles.<\/p>\n<p><div class=\"banner-wrap\" aria-label=\"Banner\"><img src=\"https:\/\/thorfortuneonline.org\/wp-content\/uploads\/2026\/03\/Thorfortune-bnr-pc.webp\" class=\"w-100 d-none d-lg-block img-pc main-banner-img\" alt=\"Thorfortune banner desktop\" fetchpriority=\"high\" decoding=\"async\"><img src=\"https:\/\/thorfortuneonline.org\/wp-content\/uploads\/2026\/03\/thorfortune-banner-mobile.webp\" class=\"w-100 d-none d-md-block d-lg-none main-banner-img\" alt=\"Thorfortune banner mobile\" fetchpriority=\"high\" decoding=\"async\"><img src=\"https:\/\/thorfortuneonline.org\/wp-content\/uploads\/2026\/03\/thorfortune-banner-mobile.webp\" class=\"w-100 d-md-none\" alt=\"Thorfortune banner mobile\" fetchpriority=\"high\" decoding=\"async\"><div class=\"banner-description\">\n<div class=\"banner-title\">Bonos de bienvenida<\/div>\n<p class=\"banner-header-title\">1500 \u20ac<\/p>\n<div class=\"banner-header-AdditionalText\">+ 250 Tiradas gratis<\/div>\n<button data-item=\"homepage_banner_link\" class=\"goto m-button m-gradient-border m-button--primary m-button--large banner-button btn-orange\">\n            <div class=\"m-button-content\">\n                <span>Reg\u00edstrate ahora<\/span>\n                <span><\/span>\n            <\/div>\n        <\/button>\n<\/div>\n<div class=\"WelcomePack\">\n<p><img loading=\"lazy\" decoding=\"async\" class=\"alignnone size-full wp-image-1849\" src=\"https:\/\/thor-fortune.org\/wp-content\/uploads\/2026\/03\/welcome-crown.png\" alt=\"welcome crown\" width=\"25\" height=\"26\" \/><\/p>\n<div class=\"WelcomePack-Info\">Reembolso semanal de hasta el 25 %<\/div>\n<p><img loading=\"lazy\" decoding=\"async\" class=\"alignnone size-full wp-image-1849\" src=\"https:\/\/thor-fortune.org\/wp-content\/uploads\/2026\/03\/welcome-crown.png\" alt=\"welcome crown\" width=\"25\" height=\"26\" \/><\/p>\n<\/div>\n<\/div><div class=\"scrollable-content-wrap my-5\"><div class=\"scrollable-content-inner\"><h2>Registro de nuevos usuarios en Thor Fortune<\/h2>\n<p>Sabemos que quieres una entrada exclusiva a nuestro Thorfortune Casino. Crear una nueva cuenta en Thor Fortune te da acceso a un sinf\u00edn de posibilidades de juego, bonificaciones especiales y caracter\u00edsticas \u00fanicas. Los nuevos usuarios tambi\u00e9n son muy bienvenidos: cada nuevo registro supone una sorpresa de bienvenida: \u00a11500 \u20ac y 250 tiradas gratis para cada nuevo miembro!<\/p>\n<p>Con el inicio de sesi\u00f3n en Thorfortune, nunca te perder\u00e1s bonos por dep\u00f3sito y giros gratis, lo que mejorar\u00e1 tu primera experiencia. Adem\u00e1s, el registro te dar\u00e1 acceso a promociones continuas, torneos y ventajas por fidelidad.<\/p>\n<p>En Thor Fortune nos encantan las visitas frecuentes y permitimos acumular puntos que se pueden convertir en dinero en efectivo o cr\u00e9ditos de bonificaci\u00f3n.<\/p>\n<h3>Crea tu cuenta<\/h3>\n<p>\u00bfTe apetece unirte a Thorfortune Casino? Si es as\u00ed, as\u00ed es como puedes hacerlo:<\/p>\n<ol>\n<li>Los botones \u00abReg\u00edstrate\u00bb y \u00abIniciar sesi\u00f3n\u00bb est\u00e1n uno al lado del otro. Puedes elegir \u00abReg\u00edstrate\u00bb y nuestro simp\u00e1tico banner con \u00abPaquete de bienvenida de hasta 1500 \u20ac + 250 tiradas gratis\u00bb te har\u00e1 sonre\u00edr.<\/li>\n<li>Haz clic en el campo para introducir tu direcci\u00f3n de correo electr\u00f3nico.<\/li>\n<li>Introduce una contrase\u00f1a \u00fanica y segura.<\/li>\n<li>Introduce nuestro c\u00f3digo promocional. Mucha gente nos pregunta c\u00f3mo conseguir c\u00f3digos promocionales. Si te suscribes a nuestro bolet\u00edn (lo puedes hacer en el campo de abajo de este formulario), a veces enviamos c\u00f3digos promocionales por correo electr\u00f3nico.<\/li>\n<li>Marca la casilla para confirmar que tienes 18 a\u00f1os o m\u00e1s.<\/li>\n<li>Haz clic en \u00abReg\u00edstrate\u00bb.<\/li>\n<li>Vaya a la bandeja de entrada de su correo electr\u00f3nico, busque el correo electr\u00f3nico de verificaci\u00f3n y siga el enlace que se le ofrece para activar la cuenta.<\/li>\n<li>Una vez activada, podr\u00e1s iniciar sesi\u00f3n con tu correo electr\u00f3nico y contrase\u00f1a para acceder a todas las funciones y empezar a jugar.<\/li>\n<li>Tambi\u00e9n puedes registrarte en Thorfortune Casino a trav\u00e9s de tu cuenta de Google.<\/li>\n<\/ol>\n<p><img loading=\"lazy\" decoding=\"async\" class=\"alignnone size-full wp-image-2033\" src=\"https:\/\/thor-fortune.org\/wp-content\/uploads\/2026\/03\/Thorfortune-login-page.webp\" alt=\"Thorfortune login page\" width=\"1248\" height=\"536\" srcset=\"https:\/\/thorfortuneonline.org\/wp-content\/uploads\/2026\/03\/Thorfortune-login-page.webp 1248w, https:\/\/thorfortuneonline.org\/wp-content\/uploads\/2026\/03\/Thorfortune-login-page-300x129.webp 300w, https:\/\/thorfortuneonline.org\/wp-content\/uploads\/2026\/03\/Thorfortune-login-page-1024x440.webp 1024w, https:\/\/thorfortuneonline.org\/wp-content\/uploads\/2026\/03\/Thorfortune-login-page-768x330.webp 768w\" sizes=\"(max-width: 1248px) 100vw, 1248px\" \/><\/p>\n<h2>Uso de una cuenta de Thorfortune Casino<\/h2>\n<p>El proceso es similar cuando realiza el procedimiento de inicio de sesi\u00f3n en Thorfortune.<\/p>\n<ol>\n<li>Haz clic en el bot\u00f3n \u00abIniciar sesi\u00f3n\u00bb junto al registro.<\/li>\n<li>Introduce tu correo electr\u00f3nico y contrase\u00f1a.<\/li>\n<li>Inicie sesi\u00f3n (o utilice la opci\u00f3n de inicio de sesi\u00f3n de Thorfortune con Google).<\/li>\n<\/ol>\n<p>Una vez que haya iniciado sesi\u00f3n, podr\u00e1 hacer muchas cosas. Veamos m\u00e1s de cerca las oportunidades de inicio de sesi\u00f3n en Thorfortune.<\/p>\n<p>Tu cuenta y seguridad:<\/p>\n<table>\n<tbody>\n<tr>\n<td>Caracter\u00edstica<\/td>\n<td>Descripci\u00f3n<\/td>\n<\/tr>\n<tr>\n<td>Depositar y retirar fondos<\/td>\n<td>Gestiona tu saldo sin esfuerzo con una variedad de opciones de pago seguras.<\/td>\n<\/tr>\n<tr>\n<td>Configuraci\u00f3n de seguridad<\/td>\n<td>Refuerza la seguridad de tu cuenta con la autenticaci\u00f3n de dos factores (2FA).<\/td>\n<\/tr>\n<\/tbody>\n<\/table>\n<p>Varias bonificaciones de Thor Fortune Casino:<\/p>\n<table>\n<tbody>\n<tr>\n<td>Caracter\u00edstica<\/td>\n<td>Descripci\u00f3n<\/td>\n<\/tr>\n<tr>\n<td>Canje de bonificaciones<\/td>\n<td>Desbloquea emocionantes promociones y mejora tu juego al instante.<\/td>\n<\/tr>\n<tr>\n<td>Programas de fidelidad y VIP<\/td>\n<td>\u00danete a clubes de recompensas de \u00e9lite y gana puntos para obtener bonificaciones y premios exclusivos.<\/td>\n<\/tr>\n<\/tbody>\n<\/table>\n<p>Panel de control:<\/p>\n<table>\n<tbody>\n<tr>\n<td>Caracter\u00edstica<\/td>\n<td>Descripci\u00f3n<\/td>\n<\/tr>\n<tr>\n<td>Historial de transacciones<\/td>\n<td>Realice un seguimiento de sus dep\u00f3sitos, retiradas y actividades de apuestas.<\/td>\n<\/tr>\n<tr>\n<td>Gesti\u00f3n del perfil<\/td>\n<td>Actualice f\u00e1cilmente su informaci\u00f3n personal, datos de contacto y m\u00e9todos de pago.<\/td>\n<\/tr>\n<\/tbody>\n<\/table>\n<p>La interfaz de la cuenta de Thorfortune es tan f\u00e1cil de usar que resulta muy sencilla de navegar, lo que significa que los jugadores pueden acceder a las funciones y crear su propia experiencia.<\/p>\n<h3>Verificaci\u00f3n y seguridad de la cuenta de Thorfortune Casino<\/h3>\n<p>Todos los jugadores de Thorfortune Casino deben pasar el proceso de verificaci\u00f3n KYC para poder transferir dinero sin problemas, obtener ganancias y moverse libremente dentro de la plataforma. Thor Fortune valora un entorno de juego seguro.<\/p>\n<p>Si cree que estos valores encuentran eco en su coraz\u00f3n, facil\u00edtenos lo antes posible los documentos oficiales de identidad (documentos de identidad y de domicilio emitidos por el gobierno) durante el proceso de verificaci\u00f3n. Esta medida se ajusta a las normas y regulaciones del sector, que contribuyen a la prevenci\u00f3n del fraude y al juego limpio.<\/p>\n<p>Thorfortune cuenta con varias medidas de seguridad, como el cifrado AES, los protocolos TLS 1.2 y 1.3, cortafuegos y supervisi\u00f3n del sistema las 24 horas del d\u00eda, los 7 d\u00edas de la semana. Protegemos la informaci\u00f3n personal y financiera contra el acceso no autorizado. Los jugadores tambi\u00e9n pueden habilitar la autenticaci\u00f3n de dos factores (2FA) y actualizar los datos de su cuenta peri\u00f3dicamente para mejorar a\u00fan m\u00e1s la seguridad. Las auditor\u00edas peri\u00f3dicas agilizan el proceso de retirada y, en caso de que se produzca, la recuperaci\u00f3n de la cuenta si los jugadores han sido completamente verificados y aprobados por nuestro equipo de asistencia.<\/p>\n<h3>\u00bfHa olvidado su contrase\u00f1a?<\/h3>\n<p>Y hablando de olvidar los datos de tu cuenta y del proceso de recuperaci\u00f3n, en Thor Fortune sabemos c\u00f3mo devolverte tu cuenta.<\/p>\n<ol>\n<li>Si haces clic en el inicio de sesi\u00f3n de Thorfortune, ver\u00e1s el banner \u00ab\u00bfHas olvidado tu contrase\u00f1a?\u00bb. Solo tienes que pulsarlo.<\/li>\n<li>Introduce la direcci\u00f3n de correo electr\u00f3nico.<\/li>\n<li>Sigue las instrucciones que se enviaron a tu correo electr\u00f3nico. Hay un enlace para restablecer la contrase\u00f1a.<\/li>\n<li>Crea una nueva contrase\u00f1a y verif\u00edcala.<\/li>\n<\/ol>\n<p>Para superar cualquier dificultad en este proceso, el equipo de asistencia est\u00e1 disponible a trav\u00e9s del chat en vivo para ayudarte con la recuperaci\u00f3n y verificaci\u00f3n de la cuenta.<\/p>\n<h2>Preguntas frecuentes<\/h2>\n<h3>\u00bfC\u00f3mo completo el proceso de verificaci\u00f3n de la cuenta?<\/h3>\n<p>Para confirmar su cuenta en Thorfortune, suba copias legibles de documentos oficiales de identificaci\u00f3n y pruebas de domicilio a trav\u00e9s de un portal de carga seguro en la configuraci\u00f3n de su cuenta. El proceso de verificaci\u00f3n suele ser r\u00e1pido, por lo que no tiene que preocuparse de que le impida disfrutar.<\/p>\n<h3>\u00bfC\u00f3mo actualizo mi contrase\u00f1a o mi direcci\u00f3n de correo electr\u00f3nico?<\/h3>\n<p>Ve a la gesti\u00f3n de la cuenta despu\u00e9s de iniciar sesi\u00f3n en Thorfortune y elige actualizar tus datos. Thorfortune cuenta con medidas de seguridad que no permiten realizar actualizaciones sin autorizaci\u00f3n, y se deben llevar a cabo medidas de verificaci\u00f3n antes de realizar cualquier cambio. Por lo tanto, primero debes verificar que realmente eres t\u00fa.<\/p>\n<h3>\u00bfQu\u00e9 debo hacer si mi cuenta est\u00e1 bloqueada?<\/h3>\n<p>En caso de que tu cuenta no est\u00e9 disponible, ponte en contacto con el equipo de asistencia mediante el chat en vivo o por correo electr\u00f3nico. Es posible que tengas que verificar tu identidad por si acaso. Nuestro casino cuenta con asistencia multiling\u00fce, por lo que ofrecemos una gran variedad de idiomas. Por favor, escr\u00edbenos lo antes posible y cu\u00e9ntanos qu\u00e9 ha pasado, por qu\u00e9 no puedes iniciar sesi\u00f3n en Thorfortune, y te ayudaremos.<\/p>\n<\/div><\/div><\/p>\n","protected":false},"excerpt":{"rendered":"<p>Inicio de sesi\u00f3n y registro en la cuenta de Thorfortune Desbloquear todas las oportunidades de nuestro casino es siempre f\u00e1cil con Thorfortune login. Se trata de un acceso sin obst\u00e1culos a nuestra plataforma de casino online insignia, que ofrece un entorno seguro y una interfaz f\u00e1cil de usar. Thorfortune Casino ofrece una seguridad robusta y [&hellip;]<\/p>\n","protected":false},"author":1,"featured_media":0,"parent":0,"menu_order":0,"comment_status":"closed","ping_status":"closed","template":"template-builder.php","meta":{"_acf_changed":false,"inline_featured_image":false,"footnotes":""},"class_list":["post-1487","page","type-page","status-publish","hentry"],"acf":[],"yoast_head":"<!-- This site is optimized with the Yoast SEO plugin v24.4 - https:\/\/yoast.com\/wordpress\/plugins\/seo\/ -->\n<title>Thorfortune Inicio de sesi\u00f3n y registro<\/title>\n<meta name=\"description\" content=\"Crea, gestiona y verifica tu cuenta de Thorfortune Casino sin esfuerzo. Disfruta de un registro r\u00e1pido, una recuperaci\u00f3n de cuenta sencilla y un cierre seguro con Thorfortune Login, que mantiene tu cuenta protegida las 24 horas del d\u00eda.\" \/>\n<meta name=\"robots\" content=\"index, follow, max-snippet:-1, max-image-preview:large, max-video-preview:-1\" \/>\n<link rel=\"canonical\" href=\"https:\/\/thorfortuneonline.org\/es\/inicio-de-sesion-y-registro\/\" \/>\n<meta property=\"og:locale\" content=\"es_ES\" \/>\n<meta property=\"og:type\" content=\"article\" \/>\n<meta property=\"og:title\" content=\"Thorfortune Inicio de sesi\u00f3n y registro\" \/>\n<meta property=\"og:description\" content=\"Crea, gestiona y verifica tu cuenta de Thorfortune Casino sin esfuerzo. Disfruta de un registro r\u00e1pido, una recuperaci\u00f3n de cuenta sencilla y un cierre seguro con Thorfortune Login, que mantiene tu cuenta protegida las 24 horas del d\u00eda.\" \/>\n<meta property=\"og:url\" content=\"https:\/\/thorfortuneonline.org\/es\/inicio-de-sesion-y-registro\/\" \/>\n<meta property=\"og:site_name\" content=\"thorfortune\" \/>\n<meta property=\"article:modified_time\" content=\"2026-03-02T12:43:44+00:00\" \/>\n<meta name=\"twitter:card\" content=\"summary_large_image\" \/>\n<meta name=\"twitter:label1\" content=\"Est. reading time\" \/>\n\t<meta name=\"twitter:data1\" content=\"1 minute\" \/>\n<script type=\"application\/ld+json\" class=\"yoast-schema-graph\">{\"@context\":\"https:\/\/schema.org\",\"@graph\":[{\"@type\":\"WebPage\",\"@id\":\"https:\/\/thorfortuneonline.org\/es\/inicio-de-sesion-y-registro\/\",\"url\":\"https:\/\/thorfortuneonline.org\/es\/inicio-de-sesion-y-registro\/\",\"name\":\"Thorfortune Inicio de sesi\u00f3n y registro\",\"isPartOf\":{\"@id\":\"https:\/\/thorfortuneonline.org\/es\/#website\"},\"datePublished\":\"2026-01-20T12:11:11+00:00\",\"dateModified\":\"2026-03-02T12:43:44+00:00\",\"description\":\"Crea, gestiona y verifica tu cuenta de Thorfortune Casino sin esfuerzo. Disfruta de un registro r\u00e1pido, una recuperaci\u00f3n de cuenta sencilla y un cierre seguro con Thorfortune Login, que mantiene tu cuenta protegida las 24 horas del d\u00eda.\",\"breadcrumb\":{\"@id\":\"https:\/\/thorfortuneonline.org\/es\/inicio-de-sesion-y-registro\/#breadcrumb\"},\"inLanguage\":\"es-ES\",\"potentialAction\":[{\"@type\":\"ReadAction\",\"target\":[\"https:\/\/thorfortuneonline.org\/es\/inicio-de-sesion-y-registro\/\"]}]},{\"@type\":\"BreadcrumbList\",\"@id\":\"https:\/\/thorfortuneonline.org\/es\/inicio-de-sesion-y-registro\/#breadcrumb\",\"itemListElement\":[{\"@type\":\"ListItem\",\"position\":1,\"name\":\"Thorfortune\",\"item\":\"https:\/\/thorfortuneonline.org\/es\/\"},{\"@type\":\"ListItem\",\"position\":2,\"name\":\"Inicio de sesi\u00f3n y Registro\"}]},{\"@type\":\"WebSite\",\"@id\":\"https:\/\/thorfortuneonline.org\/es\/#website\",\"url\":\"https:\/\/thorfortuneonline.org\/es\/\",\"name\":\"Thorfortune\",\"description\":\"\",\"publisher\":{\"@id\":\"https:\/\/thorfortuneonline.org\/es\/#organization\"},\"potentialAction\":[{\"@type\":\"SearchAction\",\"target\":{\"@type\":\"EntryPoint\",\"urlTemplate\":\"https:\/\/thorfortuneonline.org\/es\/?s={search_term_string}\"},\"query-input\":{\"@type\":\"PropertyValueSpecification\",\"valueRequired\":true,\"valueName\":\"search_term_string\"}}],\"inLanguage\":\"es-ES\"},{\"@type\":\"Organization\",\"@id\":\"https:\/\/thorfortuneonline.org\/es\/#organization\",\"name\":\"Thorfortune\",\"url\":\"https:\/\/thorfortuneonline.org\/es\/\",\"logo\":{\"@type\":\"ImageObject\",\"inLanguage\":\"es-ES\",\"@id\":\"https:\/\/thorfortuneonline.org\/es\/#\/schema\/logo\/image\/\",\"url\":\"https:\/\/thorfortuneonline.org\/wp-content\/uploads\/2026\/03\/logo.png\",\"contentUrl\":\"https:\/\/thorfortuneonline.org\/wp-content\/uploads\/2026\/03\/logo.png\",\"width\":160,\"height\":37,\"caption\":\"Thorfortune\"},\"image\":{\"@id\":\"https:\/\/thorfortuneonline.org\/es\/#\/schema\/logo\/image\/\"}}]}<\/script>\n<!-- \/ Yoast SEO plugin. -->","yoast_head_json":{"title":"Thorfortune Inicio de sesi\u00f3n y registro","description":"Crea, gestiona y verifica tu cuenta de Thorfortune Casino sin esfuerzo. Disfruta de un registro r\u00e1pido, una recuperaci\u00f3n de cuenta sencilla y un cierre seguro con Thorfortune Login, que mantiene tu cuenta protegida las 24 horas del d\u00eda.","robots":{"index":"index","follow":"follow","max-snippet":"max-snippet:-1","max-image-preview":"max-image-preview:large","max-video-preview":"max-video-preview:-1"},"canonical":"https:\/\/thorfortuneonline.org\/es\/inicio-de-sesion-y-registro\/","og_locale":"es_ES","og_type":"article","og_title":"Thorfortune Inicio de sesi\u00f3n y registro","og_description":"Crea, gestiona y verifica tu cuenta de Thorfortune Casino sin esfuerzo. Disfruta de un registro r\u00e1pido, una recuperaci\u00f3n de cuenta sencilla y un cierre seguro con Thorfortune Login, que mantiene tu cuenta protegida las 24 horas del d\u00eda.","og_url":"https:\/\/thorfortuneonline.org\/es\/inicio-de-sesion-y-registro\/","og_site_name":"thorfortune","article_modified_time":"2026-03-02T12:43:44+00:00","twitter_card":"summary_large_image","twitter_misc":{"Est. reading time":"1 minute"},"schema":{"@context":"https:\/\/schema.org","@graph":[{"@type":"WebPage","@id":"https:\/\/thorfortuneonline.org\/es\/inicio-de-sesion-y-registro\/","url":"https:\/\/thorfortuneonline.org\/es\/inicio-de-sesion-y-registro\/","name":"Thorfortune Inicio de sesi\u00f3n y registro","isPartOf":{"@id":"https:\/\/thorfortuneonline.org\/es\/#website"},"datePublished":"2026-01-20T12:11:11+00:00","dateModified":"2026-03-02T12:43:44+00:00","description":"Crea, gestiona y verifica tu cuenta de Thorfortune Casino sin esfuerzo. Disfruta de un registro r\u00e1pido, una recuperaci\u00f3n de cuenta sencilla y un cierre seguro con Thorfortune Login, que mantiene tu cuenta protegida las 24 horas del d\u00eda.","breadcrumb":{"@id":"https:\/\/thorfortuneonline.org\/es\/inicio-de-sesion-y-registro\/#breadcrumb"},"inLanguage":"es-ES","potentialAction":[{"@type":"ReadAction","target":["https:\/\/thorfortuneonline.org\/es\/inicio-de-sesion-y-registro\/"]}]},{"@type":"BreadcrumbList","@id":"https:\/\/thorfortuneonline.org\/es\/inicio-de-sesion-y-registro\/#breadcrumb","itemListElement":[{"@type":"ListItem","position":1,"name":"Thorfortune","item":"https:\/\/thorfortuneonline.org\/es\/"},{"@type":"ListItem","position":2,"name":"Inicio de sesi\u00f3n y Registro"}]},{"@type":"WebSite","@id":"https:\/\/thorfortuneonline.org\/es\/#website","url":"https:\/\/thorfortuneonline.org\/es\/","name":"Thorfortune","description":"","publisher":{"@id":"https:\/\/thorfortuneonline.org\/es\/#organization"},"potentialAction":[{"@type":"SearchAction","target":{"@type":"EntryPoint","urlTemplate":"https:\/\/thorfortuneonline.org\/es\/?s={search_term_string}"},"query-input":{"@type":"PropertyValueSpecification","valueRequired":true,"valueName":"search_term_string"}}],"inLanguage":"es-ES"},{"@type":"Organization","@id":"https:\/\/thorfortuneonline.org\/es\/#organization","name":"Thorfortune","url":"https:\/\/thorfortuneonline.org\/es\/","logo":{"@type":"ImageObject","inLanguage":"es-ES","@id":"https:\/\/thorfortuneonline.org\/es\/#\/schema\/logo\/image\/","url":"https:\/\/thorfortuneonline.org\/wp-content\/uploads\/2026\/03\/logo.png","contentUrl":"https:\/\/thorfortuneonline.org\/wp-content\/uploads\/2026\/03\/logo.png","width":160,"height":37,"caption":"Thorfortune"},"image":{"@id":"https:\/\/thorfortuneonline.org\/es\/#\/schema\/logo\/image\/"}}]}},"_links":{"self":[{"href":"https:\/\/thorfortuneonline.org\/es\/wp-json\/wp\/v2\/pages\/1487"}],"collection":[{"href":"https:\/\/thorfortuneonline.org\/es\/wp-json\/wp\/v2\/pages"}],"about":[{"href":"https:\/\/thorfortuneonline.org\/es\/wp-json\/wp\/v2\/types\/page"}],"author":[{"embeddable":true,"href":"https:\/\/thorfortuneonline.org\/es\/wp-json\/wp\/v2\/users\/1"}],"replies":[{"embeddable":true,"href":"https:\/\/thorfortuneonline.org\/es\/wp-json\/wp\/v2\/comments?post=1487"}],"version-history":[{"count":3,"href":"https:\/\/thorfortuneonline.org\/es\/wp-json\/wp\/v2\/pages\/1487\/revisions"}],"predecessor-version":[{"id":2105,"href":"https:\/\/thorfortuneonline.org\/es\/wp-json\/wp\/v2\/pages\/1487\/revisions\/2105"}],"wp:attachment":[{"href":"https:\/\/thorfortuneonline.org\/es\/wp-json\/wp\/v2\/media?parent=1487"}],"curies":[{"name":"wp","href":"https:\/\/api.w.org\/{rel}","templated":true}]}}