{"id":1449,"date":"2026-01-20T12:08:23","date_gmt":"2026-01-20T12:08:23","guid":{"rendered":"https:\/\/bonuskongcasino.com\/app-2\/"},"modified":"2026-03-02T12:42:08","modified_gmt":"2026-03-02T12:42:08","slug":"aplicacion","status":"publish","type":"page","link":"https:\/\/thorfortuneonline.org\/es\/aplicacion\/","title":{"rendered":"Aplicaci\u00f3n"},"content":{"rendered":"<h1>Plataforma m\u00f3vil Thor Fortune<\/h1>\n<p>Thorfortune app es un casino m\u00f3vil todo en uno que permite a los jugadores espa\u00f1oles disfrutar de cualquier juego en sus tel\u00e9fonos. El software de nuestra plataforma cuenta con funciones avanzadas, alto rendimiento y f\u00e1cil navegaci\u00f3n. Puede estar seguro de que recibir\u00e1 una PWA orientada a la seguridad y el rendimiento. La diversidad de Thor Fortune en comparaci\u00f3n con otros dispositivos la convierte en una de las plataformas preferidas para los juegos m\u00f3viles.<\/p>\n<div class=\"banner-wrap\" aria-label=\"Banner\"><img src=\"https:\/\/thorfortuneonline.org\/wp-content\/uploads\/2026\/03\/Thorfortune-bnr-pc.webp\" class=\"w-100 d-none d-lg-block img-pc main-banner-img\" alt=\"Thorfortune banner desktop\" fetchpriority=\"high\" decoding=\"async\"><img src=\"https:\/\/thorfortuneonline.org\/wp-content\/uploads\/2026\/03\/thorfortune-banner-mobile.webp\" class=\"w-100 d-none d-md-block d-lg-none main-banner-img\" alt=\"Thorfortune banner mobile\" fetchpriority=\"high\" decoding=\"async\"><img src=\"https:\/\/thorfortuneonline.org\/wp-content\/uploads\/2026\/03\/thorfortune-banner-mobile.webp\" class=\"w-100 d-md-none\" alt=\"Thorfortune banner mobile\" fetchpriority=\"high\" decoding=\"async\"><div class=\"banner-description\">\n<div class=\"banner-title\">Bonos de bienvenida<\/div>\n<p class=\"banner-header-title\">1500 \u20ac<\/p>\n<div class=\"banner-header-AdditionalText\">+ 250 Tiradas gratis<\/div>\n<button data-item=\"homepage_banner_link\" class=\"goto m-button m-gradient-border m-button--primary m-button--large banner-button btn-orange\">\n            <div class=\"m-button-content\">\n                <span>Reg\u00edstrate ahora<\/span>\n                <span><\/span>\n            <\/div>\n        <\/button>\n<\/div>\n<div class=\"WelcomePack\">\n<p><img loading=\"lazy\" decoding=\"async\" class=\"alignnone size-full wp-image-1849\" src=\"https:\/\/thor-fortune.org\/wp-content\/uploads\/2026\/03\/welcome-crown.png\" alt=\"welcome crown\" width=\"25\" height=\"26\" \/><\/p>\n<div class=\"WelcomePack-Info\">Reembolso semanal de hasta el 25 %<\/div>\n<p><img loading=\"lazy\" decoding=\"async\" class=\"alignnone size-full wp-image-1849\" src=\"https:\/\/thor-fortune.org\/wp-content\/uploads\/2026\/03\/welcome-crown.png\" alt=\"welcome crown\" width=\"25\" height=\"26\" \/><\/p>\n<\/div>\n<\/div>\n<h2>Usar Thorfortune en el m\u00f3vil<\/h2>\n<p>El juego de casino m\u00f3vil Thorfortune lleva la experiencia de juego a un nivel superior y tiene una ventaja sobre los juegos de escritorio convencionales. La plataforma m\u00f3vil es realmente incre\u00edble. Enumeraremos las razones:<\/p>\n<ul>\n<li>Es muy r\u00e1pido en comparaci\u00f3n con otros servicios m\u00f3viles.<\/li>\n<li>Es f\u00e1cilmente accesible, ya que no es necesario buscar en las tiendas de aplicaciones;<\/li>\n<li>Es muy receptivo, ya que es ligero y no pesa casi nada;<\/li>\n<li>Todos los jugadores registrados pueden acceder sin problemas a una amplia selecci\u00f3n de tragamonedas en l\u00ednea, juegos con crupier en vivo y otros servicios de Thorfortune Casino.<\/li>\n<\/ul>\n<p>La aplicaci\u00f3n Thorfortune est\u00e1 dise\u00f1ada para funcionar en dispositivos port\u00e1tiles (Android y iPhone), a diferencia de las versiones de escritorio, y ofrece un entorno sin distracciones con una navegaci\u00f3n sencilla.<\/p>\n<p>El dise\u00f1o de la aplicaci\u00f3n se centra en un tiempo de carga r\u00e1pido y una configuraci\u00f3n m\u00ednima. Nuestros jugadores pueden acceder directamente a sus juegos favoritos. La aplicaci\u00f3n Thorfortune ofrece una experiencia de juego profesional, con gr\u00e1ficos de alta calidad y controles receptivos. Tambi\u00e9n cuenta con el mismo KYC r\u00e1pido, al igual que en el escritorio de Thor Fortune. Adem\u00e1s, garantizamos la seguridad de las transacciones, lo que va de la mano con el enfoque de la plataforma en la seguridad.<\/p>\n<p><div class=\"scrollable-content-wrap my-5\"><div class=\"scrollable-content-inner\"><h2>Aplicaci\u00f3n m\u00f3vil Thorfortune para Android<\/h2>\n<p>Los usuarios de Android pueden disfrutar de una plataforma de juego simplificada y de bajo consumo, compatible con una amplia variedad de dispositivos Android. Se trata de un h\u00edbrido entre una p\u00e1gina web y una aplicaci\u00f3n. Podr\u00e1s comprobar por ti mismo su alta velocidad de carga y su rendimiento constante. La interfaz de la aplicaci\u00f3n es f\u00e1cil de usar y permite encontrar f\u00e1cilmente las categor\u00edas de tragamonedas online, juegos con crupier en vivo y promociones.<\/p>\n<p>Las actualizaciones autom\u00e1ticas son una de las principales ventajas de la aplicaci\u00f3n Thorfortune para Android. No es necesario reinstalarla ni actualizarla manualmente. Cuenta con gr\u00e1ficos estables y de alta calidad que mejoran la experiencia de juego y ofrecen una jugabilidad fluida incluso en dispositivos de gama baja. La aplicaci\u00f3n tambi\u00e9n tiene como objetivo obtener informaci\u00f3n importante, como notificaciones push, mediante las cuales los jugadores se mantienen al d\u00eda sobre nuevos juegos y promociones y no se pierden nada sobre el estado de sus transacciones.<\/p>\n<h3>\u00bfPor qu\u00e9 PWA en lugar de APK?<\/h3>\n<p>Las PWA (aplicaciones web progresivas) ofrecen varias ventajas en comparaci\u00f3n con los archivos APK tradicionales. Las PWA no necesitan descargarse en las tiendas de aplicaciones, lo que reduce los problemas de seguridad y almacenamiento. Se cargan inmediatamente en navegadores como Chrome o Firefox sin comprometer el rendimiento. La aplicaci\u00f3n se actualiza autom\u00e1ticamente para incluir nuevas funciones y mantiene la compatibilidad con los est\u00e1ndares y medidas de seguridad de los navegadores en constante evoluci\u00f3n.<\/p>\n<p>Por el contrario, los archivos APK requieren una descarga y actualizaci\u00f3n manuales que pueden resultar problem\u00e1ticas en t\u00e9rminos de seguridad y compatibilidad. El m\u00e9todo PWA es la forma m\u00e1s f\u00e1cil de acceder y jugar en Thorfortune Casino. Te ofrecemos un acceso sencillo a trav\u00e9s de un entorno de juego seguro, estable y r\u00e1pido, que se entrega directamente en los navegadores de los dispositivos Android. No hay que preocuparse por complicaciones, ya que nuestra aplicaci\u00f3n Thorfortune tiene todo lo que tu m\u00f3vil necesita.<\/p>\n<p><img loading=\"lazy\" decoding=\"async\" class=\"alignnone size-full wp-image-2009\" src=\"https:\/\/thor-fortune.org\/wp-content\/uploads\/2026\/03\/Thorfortune-Android.webp\" alt=\"Thorfortune Android\" width=\"1248\" height=\"536\" srcset=\"https:\/\/thorfortuneonline.org\/wp-content\/uploads\/2026\/03\/Thorfortune-Android.webp 1248w, https:\/\/thorfortuneonline.org\/wp-content\/uploads\/2026\/03\/Thorfortune-Android-300x129.webp 300w, https:\/\/thorfortuneonline.org\/wp-content\/uploads\/2026\/03\/Thorfortune-Android-1024x440.webp 1024w, https:\/\/thorfortuneonline.org\/wp-content\/uploads\/2026\/03\/Thorfortune-Android-768x330.webp 768w\" sizes=\"(max-width: 1248px) 100vw, 1248px\" \/><\/p>\n<\/div><\/div><div style=\"clear: both\"><\/div><div class=\"d-flex justify-content-center\"><button data-item=\"decouvrez_link\" data-group=\"website_links\" class=\"goto fw-bold rounded-pill btn btn-orange\" aria-label=\"Descarga la aplicaci\u00f3n Thorfortune\" >Descarga la aplicaci\u00f3n Thorfortune<\/button><\/div><div class=\"scrollable-content-wrap my-5\"><div class=\"scrollable-content-inner\"><h2>Aplicaci\u00f3n m\u00f3vil Thorfortune para iOS<\/h2>\n<p>La aplicaci\u00f3n Thorfortune para iOS est\u00e1 dise\u00f1ada para dispositivos Apple: iPads, iPhones y MacBooks. Incluso si est\u00e1s acostumbrado a las aplicaciones nativas, nuestra PWA te sorprender\u00e1 gratamente por lo bien que funciona todo, sin necesidad de instalaciones ni b\u00fasquedas de archivos .exe en la App Store. Te encantar\u00e1 descubrir gr\u00e1ficos de calidad, una velocidad de carga r\u00e1pida y una plataforma segura con todas tus tragamonedas online y juegos con crupier en vivo favoritos, entre otras facilidades del casino. Live Thorfortune tambi\u00e9n funciona de maravilla: los crupieres nunca se congelan, el proceso es tan real como en la vida real. Y solo es un atajo, \u00bfte lo imaginas? \u00bfC\u00f3mo se instala? F\u00e1cil:<\/p>\n<ol>\n<li>Haz clic en la l\u00ednea de b\u00fasqueda que aparece debajo y que contiene el nombre de nuestro sitio web.<\/li>\n<li>Ver\u00e1s el s\u00edmbolo cuadrado de abajo; haz clic en \u00e9l.<\/li>\n<li>Se le redirigir\u00e1 para compartir la URL de Thorfortune Casino, no lo haga; en su lugar, seleccione la opci\u00f3n \u00abA\u00f1adir a la pantalla de inicio\u00bb en la lista.<\/li>\n<li>Eso es todo. \u00a1Ya tienes nuestro acceso directo a Thorfortune Casino en tu men\u00fa principal!<\/li>\n<\/ol>\n<p>A partir de ahora, podr\u00e1s estar al tanto de todas nuestras noticias, juegos y promociones, gestionar una cuenta y, por supuesto, jugar a los juegos de Thor Fortune Casino. Las nuevas versiones mantienen la plataforma en l\u00ednea con los est\u00e1ndares recientes de los juegos para m\u00f3viles, a\u00f1adiendo nuevas funciones y mejorando la estabilidad general, as\u00ed que no dejes de consultar la aplicaci\u00f3n.<\/p>\n<p><img loading=\"lazy\" decoding=\"async\" class=\"alignnone size-full wp-image-2025\" src=\"https:\/\/thor-fortune.org\/wp-content\/uploads\/2026\/03\/Thorfortune-iOS.webp\" alt=\"Thorfortune iOS\" width=\"1248\" height=\"536\" srcset=\"https:\/\/thorfortuneonline.org\/wp-content\/uploads\/2026\/03\/Thorfortune-iOS.webp 1248w, https:\/\/thorfortuneonline.org\/wp-content\/uploads\/2026\/03\/Thorfortune-iOS-300x129.webp 300w, https:\/\/thorfortuneonline.org\/wp-content\/uploads\/2026\/03\/Thorfortune-iOS-1024x440.webp 1024w, https:\/\/thorfortuneonline.org\/wp-content\/uploads\/2026\/03\/Thorfortune-iOS-768x330.webp 768w\" sizes=\"(max-width: 1248px) 100vw, 1248px\" \/><\/p>\n<\/div><\/div><div style=\"clear: both\"><\/div><div class=\"d-flex justify-content-center\"><button data-item=\"decouvrez_link\" data-group=\"website_links\" class=\"goto fw-bold rounded-pill btn btn-orange\" aria-label=\"Descargar Thorfortune\" >Descargar Thorfortune<\/button><\/div><div class=\"scrollable-content-wrap my-5\"><div class=\"scrollable-content-inner\"><h2>Aplicaciones para Windows y macOS<\/h2>\n<p>Thorfortune Casino tiene versiones para Windows y Mac, que est\u00e1n disponibles para los jugadores que juegan con un ordenador de sobremesa. Ofrecen una experiencia totalmente inmersiva y cuentan con gr\u00e1ficos de alta resoluci\u00f3n y una amplia variedad de funciones. Las versiones de escritorio son las m\u00e1s adecuadas para jugar a los t\u00edtulos con crupier en vivo de Thor Fortune, ya que se puede ampliar mucho o estirar a cualquier resoluci\u00f3n, pero otros juegos tambi\u00e9n funcionan bien. Sabemos que el 3D, el realismo y los detalles son esenciales y que los juegos son similares a los que se juegan en un casino real.<\/p>\n<p>Los accesos directos de la aplicaci\u00f3n Thorfortune para Windows y Mac son m\u00e1s grandes, est\u00e1n basados en la pantalla y ofrecen una navegaci\u00f3n sofisticada, acontecimientos de la cuenta en tiempo real (se puede comprobar todo tal y como est\u00e1) y no pueden sufrir retrasos, incluso si todos los miembros de Thorfortune Casino inician sesi\u00f3n al mismo tiempo.<\/p>\n<table>\n<tbody>\n<tr>\n<td>M\u00e9todo de acceso<\/td>\n<td>Compatibilidad<\/td>\n<td>Requisitos de almacenamiento<\/td>\n<td>Procedimiento de actualizaci\u00f3n<\/td>\n<td>Ventaja principal<\/td>\n<\/tr>\n<tr>\n<td>PWA (iOS\/Android)<\/td>\n<td>Basada en navegador<\/td>\n<td>Muy m\u00ednimos<\/td>\n<td>Autom\u00e1tico<\/td>\n<td>Acceso r\u00e1pido, sin descargas, seguro<\/td>\n<\/tr>\n<tr>\n<td>Escritorio (Windows\/macOS)<\/td>\n<td>Sistema operativo de escritorio<\/td>\n<td>Var\u00eda<\/td>\n<td>Actualizaciones autom\u00e1ticas<\/td>\n<td>Pantallas m\u00e1s grandes, funciones mejoradas<\/td>\n<\/tr>\n<\/tbody>\n<\/table>\n<p>Te invitamos a probar un entorno de juego profesional que resulta atractivo para los jugadores que apuestan fuerte y para las personas interesadas en un entorno de juego m\u00e1s sustancial. Las aplicaciones facilitan un juego fluido, pagos seguros y un acceso r\u00e1pido a todo el repertorio de funciones del casino.<\/p>\n<p><img loading=\"lazy\" decoding=\"async\" class=\"alignnone size-full wp-image-2017\" src=\"https:\/\/thor-fortune.org\/wp-content\/uploads\/2026\/03\/Thorfortune-Desktop.webp\" alt=\"Thorfortune Desktop\" width=\"1248\" height=\"536\" srcset=\"https:\/\/thorfortuneonline.org\/wp-content\/uploads\/2026\/03\/Thorfortune-Desktop.webp 1248w, https:\/\/thorfortuneonline.org\/wp-content\/uploads\/2026\/03\/Thorfortune-Desktop-300x129.webp 300w, https:\/\/thorfortuneonline.org\/wp-content\/uploads\/2026\/03\/Thorfortune-Desktop-1024x440.webp 1024w, https:\/\/thorfortuneonline.org\/wp-content\/uploads\/2026\/03\/Thorfortune-Desktop-768x330.webp 768w\" sizes=\"(max-width: 1248px) 100vw, 1248px\" \/><\/p>\n<\/div><\/div><div style=\"clear: both\"><\/div><div class=\"d-flex justify-content-center\"><button data-item=\"decouvrez_link\" data-group=\"website_links\" class=\"goto fw-bold rounded-pill btn btn-orange\" aria-label=\"Descarga la aplicaci\u00f3n Thorfortune\" >Descarga la aplicaci\u00f3n Thorfortune<\/button><\/div><div class=\"scrollable-content-wrap my-5\"><div class=\"scrollable-content-inner\"><h2>Preguntas frecuentes<\/h2>\n<h3>\u00bfEs necesario crear una cuenta para utilizar la aplicaci\u00f3n Thorfortune?<\/h3>\n<p>Para poder utilizar todas las funciones que ofrece Thorfortune Casino, es fundamental tener una cuenta verificada. El registro garantiza transacciones seguras, acceso a bonificaciones y asistencia mediante chat en vivo. El proceso de verificaci\u00f3n tambi\u00e9n se incluye en la pol\u00edtica de juego responsable de Thor Fortune Casino y en la seguridad de nuestra plataforma.<\/p>\n<h3>\u00bfLa aplicaci\u00f3n Thor Fortune Casino ofrece asistencia al cliente?<\/h3>\n<p>La aplicaci\u00f3n Thorfortune ofrece asistencia mediante chat en vivo (bot\u00f3n en nuestra p\u00e1gina web), correo electr\u00f3nico y otras formas de comunicaci\u00f3n. El equipo de asistencia se centra siempre en proporcionar ayuda inmediata con problemas t\u00e9cnicos, preguntas sobre elegibilidad y asistencia general a los jugadores para que disfruten de una experiencia de juego ininterrumpida.<\/p>\n<h3>\u00bfC\u00f3mo puedo actualizar la aplicaci\u00f3n Thorfortune Casino?<\/h3>\n<p>\u00a1Ya no es necesario actualizarla manualmente! La aplicaci\u00f3n Thorfortune es una PWA, por lo que se actualiza autom\u00e1ticamente cuando se abre en un navegador compatible. Los jugadores ya no tienen que descargar e instalar las actualizaciones manualmente, lo que supone un gran alivio para muchos, por lo que nunca se perder\u00e1n las \u00faltimas funciones y actualizaciones de seguridad. En el caso de las aplicaciones de escritorio, las actualizaciones las gestiona la propia aplicaci\u00f3n y se anuncian.<\/p>\n<\/div><\/div><\/p>\n","protected":false},"excerpt":{"rendered":"<p>Plataforma m\u00f3vil Thor Fortune Thorfortune app es un casino m\u00f3vil todo en uno que permite a los jugadores espa\u00f1oles disfrutar de cualquier juego en sus tel\u00e9fonos. El software de nuestra plataforma cuenta con funciones avanzadas, alto rendimiento y f\u00e1cil navegaci\u00f3n. Puede estar seguro de que recibir\u00e1 una PWA orientada a la seguridad y el rendimiento. [&hellip;]<\/p>\n","protected":false},"author":1,"featured_media":0,"parent":0,"menu_order":0,"comment_status":"closed","ping_status":"closed","template":"template-builder.php","meta":{"_acf_changed":false,"inline_featured_image":false,"footnotes":""},"class_list":["post-1449","page","type-page","status-publish","hentry"],"acf":[],"yoast_head":"<!-- This site is optimized with the Yoast SEO plugin v24.4 - https:\/\/yoast.com\/wordpress\/plugins\/seo\/ -->\n<title>Thorfortune App | Plataformas iOS y Android<\/title>\n<meta name=\"description\" content=\"La aplicaci\u00f3n Thorfortune ofrece una experiencia de juego fluida en casinos para Android, iOS, Windows y macOS, con cuentas sincronizadas, actualizaciones peri\u00f3dicas y asistencia al cliente integrada para una experiencia sin complicaciones.\" \/>\n<meta name=\"robots\" content=\"index, follow, max-snippet:-1, max-image-preview:large, max-video-preview:-1\" \/>\n<link rel=\"canonical\" href=\"https:\/\/thorfortuneonline.org\/es\/aplicacion\/\" \/>\n<meta property=\"og:locale\" content=\"es_ES\" \/>\n<meta property=\"og:type\" content=\"article\" \/>\n<meta property=\"og:title\" content=\"Thorfortune App | Plataformas iOS y Android\" \/>\n<meta property=\"og:description\" content=\"La aplicaci\u00f3n Thorfortune ofrece una experiencia de juego fluida en casinos para Android, iOS, Windows y macOS, con cuentas sincronizadas, actualizaciones peri\u00f3dicas y asistencia al cliente integrada para una experiencia sin complicaciones.\" \/>\n<meta property=\"og:url\" content=\"https:\/\/thorfortuneonline.org\/es\/aplicacion\/\" \/>\n<meta property=\"og:site_name\" content=\"thorfortune\" \/>\n<meta property=\"article:modified_time\" content=\"2026-03-02T12:42:08+00:00\" \/>\n<meta name=\"twitter:card\" content=\"summary_large_image\" \/>\n<meta name=\"twitter:label1\" content=\"Est. reading time\" \/>\n\t<meta name=\"twitter:data1\" content=\"2 minutes\" \/>\n<script type=\"application\/ld+json\" class=\"yoast-schema-graph\">{\"@context\":\"https:\/\/schema.org\",\"@graph\":[{\"@type\":\"WebPage\",\"@id\":\"https:\/\/thorfortuneonline.org\/es\/aplicacion\/\",\"url\":\"https:\/\/thorfortuneonline.org\/es\/aplicacion\/\",\"name\":\"Thorfortune App | Plataformas iOS y Android\",\"isPartOf\":{\"@id\":\"https:\/\/thorfortuneonline.org\/es\/#website\"},\"datePublished\":\"2026-01-20T12:08:23+00:00\",\"dateModified\":\"2026-03-02T12:42:08+00:00\",\"description\":\"La aplicaci\u00f3n Thorfortune ofrece una experiencia de juego fluida en casinos para Android, iOS, Windows y macOS, con cuentas sincronizadas, actualizaciones peri\u00f3dicas y asistencia al cliente integrada para una experiencia sin complicaciones.\",\"breadcrumb\":{\"@id\":\"https:\/\/thorfortuneonline.org\/es\/aplicacion\/#breadcrumb\"},\"inLanguage\":\"es-ES\",\"potentialAction\":[{\"@type\":\"ReadAction\",\"target\":[\"https:\/\/thorfortuneonline.org\/es\/aplicacion\/\"]}]},{\"@type\":\"BreadcrumbList\",\"@id\":\"https:\/\/thorfortuneonline.org\/es\/aplicacion\/#breadcrumb\",\"itemListElement\":[{\"@type\":\"ListItem\",\"position\":1,\"name\":\"Thorfortune\",\"item\":\"https:\/\/thorfortuneonline.org\/es\/\"},{\"@type\":\"ListItem\",\"position\":2,\"name\":\"Aplicaci\u00f3n\"}]},{\"@type\":\"WebSite\",\"@id\":\"https:\/\/thorfortuneonline.org\/es\/#website\",\"url\":\"https:\/\/thorfortuneonline.org\/es\/\",\"name\":\"Thorfortune\",\"description\":\"\",\"publisher\":{\"@id\":\"https:\/\/thorfortuneonline.org\/es\/#organization\"},\"potentialAction\":[{\"@type\":\"SearchAction\",\"target\":{\"@type\":\"EntryPoint\",\"urlTemplate\":\"https:\/\/thorfortuneonline.org\/es\/?s={search_term_string}\"},\"query-input\":{\"@type\":\"PropertyValueSpecification\",\"valueRequired\":true,\"valueName\":\"search_term_string\"}}],\"inLanguage\":\"es-ES\"},{\"@type\":\"Organization\",\"@id\":\"https:\/\/thorfortuneonline.org\/es\/#organization\",\"name\":\"Thorfortune\",\"url\":\"https:\/\/thorfortuneonline.org\/es\/\",\"logo\":{\"@type\":\"ImageObject\",\"inLanguage\":\"es-ES\",\"@id\":\"https:\/\/thorfortuneonline.org\/es\/#\/schema\/logo\/image\/\",\"url\":\"https:\/\/thorfortuneonline.org\/wp-content\/uploads\/2026\/03\/logo.png\",\"contentUrl\":\"https:\/\/thorfortuneonline.org\/wp-content\/uploads\/2026\/03\/logo.png\",\"width\":160,\"height\":37,\"caption\":\"Thorfortune\"},\"image\":{\"@id\":\"https:\/\/thorfortuneonline.org\/es\/#\/schema\/logo\/image\/\"}}]}<\/script>\n<!-- \/ Yoast SEO plugin. -->","yoast_head_json":{"title":"Thorfortune App | Plataformas iOS y Android","description":"La aplicaci\u00f3n Thorfortune ofrece una experiencia de juego fluida en casinos para Android, iOS, Windows y macOS, con cuentas sincronizadas, actualizaciones peri\u00f3dicas y asistencia al cliente integrada para una experiencia sin complicaciones.","robots":{"index":"index","follow":"follow","max-snippet":"max-snippet:-1","max-image-preview":"max-image-preview:large","max-video-preview":"max-video-preview:-1"},"canonical":"https:\/\/thorfortuneonline.org\/es\/aplicacion\/","og_locale":"es_ES","og_type":"article","og_title":"Thorfortune App | Plataformas iOS y Android","og_description":"La aplicaci\u00f3n Thorfortune ofrece una experiencia de juego fluida en casinos para Android, iOS, Windows y macOS, con cuentas sincronizadas, actualizaciones peri\u00f3dicas y asistencia al cliente integrada para una experiencia sin complicaciones.","og_url":"https:\/\/thorfortuneonline.org\/es\/aplicacion\/","og_site_name":"thorfortune","article_modified_time":"2026-03-02T12:42:08+00:00","twitter_card":"summary_large_image","twitter_misc":{"Est. reading time":"2 minutes"},"schema":{"@context":"https:\/\/schema.org","@graph":[{"@type":"WebPage","@id":"https:\/\/thorfortuneonline.org\/es\/aplicacion\/","url":"https:\/\/thorfortuneonline.org\/es\/aplicacion\/","name":"Thorfortune App | Plataformas iOS y Android","isPartOf":{"@id":"https:\/\/thorfortuneonline.org\/es\/#website"},"datePublished":"2026-01-20T12:08:23+00:00","dateModified":"2026-03-02T12:42:08+00:00","description":"La aplicaci\u00f3n Thorfortune ofrece una experiencia de juego fluida en casinos para Android, iOS, Windows y macOS, con cuentas sincronizadas, actualizaciones peri\u00f3dicas y asistencia al cliente integrada para una experiencia sin complicaciones.","breadcrumb":{"@id":"https:\/\/thorfortuneonline.org\/es\/aplicacion\/#breadcrumb"},"inLanguage":"es-ES","potentialAction":[{"@type":"ReadAction","target":["https:\/\/thorfortuneonline.org\/es\/aplicacion\/"]}]},{"@type":"BreadcrumbList","@id":"https:\/\/thorfortuneonline.org\/es\/aplicacion\/#breadcrumb","itemListElement":[{"@type":"ListItem","position":1,"name":"Thorfortune","item":"https:\/\/thorfortuneonline.org\/es\/"},{"@type":"ListItem","position":2,"name":"Aplicaci\u00f3n"}]},{"@type":"WebSite","@id":"https:\/\/thorfortuneonline.org\/es\/#website","url":"https:\/\/thorfortuneonline.org\/es\/","name":"Thorfortune","description":"","publisher":{"@id":"https:\/\/thorfortuneonline.org\/es\/#organization"},"potentialAction":[{"@type":"SearchAction","target":{"@type":"EntryPoint","urlTemplate":"https:\/\/thorfortuneonline.org\/es\/?s={search_term_string}"},"query-input":{"@type":"PropertyValueSpecification","valueRequired":true,"valueName":"search_term_string"}}],"inLanguage":"es-ES"},{"@type":"Organization","@id":"https:\/\/thorfortuneonline.org\/es\/#organization","name":"Thorfortune","url":"https:\/\/thorfortuneonline.org\/es\/","logo":{"@type":"ImageObject","inLanguage":"es-ES","@id":"https:\/\/thorfortuneonline.org\/es\/#\/schema\/logo\/image\/","url":"https:\/\/thorfortuneonline.org\/wp-content\/uploads\/2026\/03\/logo.png","contentUrl":"https:\/\/thorfortuneonline.org\/wp-content\/uploads\/2026\/03\/logo.png","width":160,"height":37,"caption":"Thorfortune"},"image":{"@id":"https:\/\/thorfortuneonline.org\/es\/#\/schema\/logo\/image\/"}}]}},"_links":{"self":[{"href":"https:\/\/thorfortuneonline.org\/es\/wp-json\/wp\/v2\/pages\/1449"}],"collection":[{"href":"https:\/\/thorfortuneonline.org\/es\/wp-json\/wp\/v2\/pages"}],"about":[{"href":"https:\/\/thorfortuneonline.org\/es\/wp-json\/wp\/v2\/types\/page"}],"author":[{"embeddable":true,"href":"https:\/\/thorfortuneonline.org\/es\/wp-json\/wp\/v2\/users\/1"}],"replies":[{"embeddable":true,"href":"https:\/\/thorfortuneonline.org\/es\/wp-json\/wp\/v2\/comments?post=1449"}],"version-history":[{"count":3,"href":"https:\/\/thorfortuneonline.org\/es\/wp-json\/wp\/v2\/pages\/1449\/revisions"}],"predecessor-version":[{"id":2103,"href":"https:\/\/thorfortuneonline.org\/es\/wp-json\/wp\/v2\/pages\/1449\/revisions\/2103"}],"wp:attachment":[{"href":"https:\/\/thorfortuneonline.org\/es\/wp-json\/wp\/v2\/media?parent=1449"}],"curies":[{"name":"wp","href":"https:\/\/api.w.org\/{rel}","templated":true}]}}