{"id":1483,"date":"2026-01-20T12:11:11","date_gmt":"2026-01-20T12:11:11","guid":{"rendered":"https:\/\/bonuskongcasino.com\/login-and-registration\/"},"modified":"2026-03-02T11:04:04","modified_gmt":"2026-03-02T11:04:04","slug":"anmeldung-und-registrierung","status":"publish","type":"page","link":"https:\/\/thorfortuneonline.org\/de\/anmeldung-und-registrierung\/","title":{"rendered":"Anmeldung und Registrierung"},"content":{"rendered":"<h1>Anmeldung und Registrierung bei Thorfortune<\/h1>\n<p>Wenn Sie sich bei Thorfortune login, k\u00f6nnen Sie ganz einfach alle M\u00f6glichkeiten unseres Casinos nutzen. Sie erhalten uneingeschr\u00e4nkten Zugang zu unserer f\u00fchrenden Online-Casino-Plattform, die eine sichere Umgebung und eine benutzerfreundliche Oberfl\u00e4che bietet. Thorfortune Casino bietet robuste Sicherheit und umfassende Kontoverwaltung und ist damit ein zuverl\u00e4ssiger und attraktiver Spielort f\u00fcr alle Fans.<\/p>\n<p><div class=\"banner-wrap\" aria-label=\"Banner\"><img src=\"https:\/\/thorfortuneonline.org\/wp-content\/uploads\/2026\/03\/Thorfortune-bnr-pc.webp\" class=\"w-100 d-none d-lg-block img-pc main-banner-img\" alt=\"Thorfortune banner desktop\" fetchpriority=\"high\" decoding=\"async\"><img src=\"https:\/\/thorfortuneonline.org\/wp-content\/uploads\/2026\/03\/thorfortune-banner-mobile.webp\" class=\"w-100 d-none d-md-block d-lg-none main-banner-img\" alt=\"Thorfortune banner mobile\" fetchpriority=\"high\" decoding=\"async\"><img src=\"https:\/\/thorfortuneonline.org\/wp-content\/uploads\/2026\/03\/thorfortune-banner-mobile.webp\" class=\"w-100 d-md-none\" alt=\"Thorfortune banner mobile\" fetchpriority=\"high\" decoding=\"async\"><div class=\"banner-description\">\n<div class=\"banner-title\">Willkommensboni<\/div>\n<p class=\"banner-header-title\">1500 \u20ac<\/p>\n<div class=\"banner-header-AdditionalText\">+ 250 Freispiele<\/div>\n<button data-item=\"homepage_banner_link\" class=\"goto m-button m-gradient-border m-button--primary m-button--large banner-button btn-orange\">\n            <div class=\"m-button-content\">\n                <span>Jetzt anmelden<\/span>\n                <span><\/span>\n            <\/div>\n        <\/button>\n<\/div>\n<div class=\"WelcomePack\">\n<p><img loading=\"lazy\" decoding=\"async\" class=\"alignnone size-full wp-image-1845\" src=\"https:\/\/thor-fortune.org\/wp-content\/uploads\/2026\/03\/welcome-crown.png\" alt=\"welcome crown\" width=\"25\" height=\"26\" \/><\/p>\n<div class=\"WelcomePack-Info\">W\u00f6chentlicher Cashback von bis zu 25 %<\/div>\n<p><img loading=\"lazy\" decoding=\"async\" class=\"alignnone size-full wp-image-1845\" src=\"https:\/\/thor-fortune.org\/wp-content\/uploads\/2026\/03\/welcome-crown.png\" alt=\"welcome crown\" width=\"25\" height=\"26\" \/><\/p>\n<\/div>\n<\/div><div class=\"scrollable-content-wrap my-5\"><div class=\"scrollable-content-inner\"><h2>Neuanmeldung bei Thor Fortune<\/h2>\n<p>Wir wissen, dass Sie einen exklusiven Zugang zu unserem Thorfortune Casino w\u00fcnschen. Wenn Sie ein neues Konto bei Thor Fortune erstellen, erhalten Sie Zugang zu einer Vielzahl von Spielm\u00f6glichkeiten, speziellen Boni und einzigartigen Funktionen. Neue Benutzer sind ebenfalls herzlich willkommen \u2013 jede neue Registrierung wird mit einer Willkommens\u00fcberraschung belohnt: 1.500 \u20ac und 250 Freispiele f\u00fcr jedes neue Mitglied!<\/p>\n<p>Mit dem Thorfortune Login verpassen Sie keine Einzahlungsboni und Freispiele mehr, die Ihr erstes Spielerlebnis verbessern w\u00fcrden. Dar\u00fcber hinaus erhalten Sie durch die Registrierung Zugang zu laufenden Aktionen, Turnieren und Treuevorteilen.<\/p>\n<p>Bei Thor Fortune freuen wir uns \u00fcber h\u00e4ufige Besuche und erm\u00f6glichen das Sammeln von Punkten, die in Bargeld oder Bonusguthaben umgewandelt werden k\u00f6nnen.<\/p>\n<h3>Erstellen Sie Ihr Konto<\/h3>\n<p>Sind Sie gespannt darauf, sich bei Thorfortune Casino anzumelden? Wenn ja, dann gehen Sie wie folgt vor:<\/p>\n<ol>\n<li>Die Schaltfl\u00e4chen \u201cRegistieren\u201c und \u201eAnmelden\u201c befinden sich direkt nebeneinander. W\u00e4hlen Sie \u201eRegistieren\u201c und unser freundliches Banner mit \u201eWillkommenspaket bis zu 1.500 \u20ac + 250 Freispiele\u201c wird Ihnen ein L\u00e4cheln ins Gesicht zaubern.<\/li>\n<li>Klicken Sie auf das Feld, um Ihre E-Mail-Adresse einzugeben.<\/li>\n<li>Geben Sie ein einzigartiges und sicheres Passwort ein.<\/li>\n<li>Geben Sie unseren Promo-Code ein. Viele Leute fragen uns, wie sie Promo-Codes erhalten k\u00f6nnen. Wenn Sie sich f\u00fcr unseren Newsletter anmelden (was Sie im Feld unten in diesem Formular tun k\u00f6nnen), senden wir Ihnen manchmal Promo-Codes per E-Mail zu.<\/li>\n<li>Kreuzen Sie an, dass Sie mindestens 18 Jahre alt sind.<\/li>\n<li>Klicken Sie auf \u201eRegistieren\u201c.<\/li>\n<li>Gehen Sie zu Ihrem E-Mail-Posteingang, suchen Sie die Best\u00e4tigungs-E-Mail und klicken Sie auf den darin enthaltenen Link, um Ihr Konto zu best\u00e4tigen.<\/li>\n<li>Nach der Aktivierung k\u00f6nnen Sie sich mit Ihrer E-Mail-Adresse und Ihrem Passwort anmelden, um alle Funktionen zu nutzen und mit dem Spielen zu beginnen.<\/li>\n<li>Alternativ k\u00f6nnen Sie sich \u00fcber Ihr Google-Konto bei Thorfortune Casino anmelden.<\/li>\n<\/ol>\n<p><img loading=\"lazy\" decoding=\"async\" class=\"alignnone size-full wp-image-2029\" src=\"https:\/\/thor-fortune.org\/wp-content\/uploads\/2026\/03\/Thorfortune-login-page.webp\" alt=\"Thorfortune login page\" width=\"1248\" height=\"536\" srcset=\"https:\/\/thorfortuneonline.org\/wp-content\/uploads\/2026\/03\/Thorfortune-login-page.webp 1248w, https:\/\/thorfortuneonline.org\/wp-content\/uploads\/2026\/03\/Thorfortune-login-page-300x129.webp 300w, https:\/\/thorfortuneonline.org\/wp-content\/uploads\/2026\/03\/Thorfortune-login-page-1024x440.webp 1024w, https:\/\/thorfortuneonline.org\/wp-content\/uploads\/2026\/03\/Thorfortune-login-page-768x330.webp 768w\" sizes=\"(max-width: 1248px) 100vw, 1248px\" \/><\/p>\n<h2>Verwendung eines Thorfortune Casino Kontos<\/h2>\n<p>Ein \u00e4hnlicher Vorgang findet statt, wenn Sie sich bei Thorfortune anmelden.<\/p>\n<ol>\n<li>Klicken Sie auf die Schaltfl\u00e4che \u201eAnmelden\u201c neben der Registrierung.<\/li>\n<li>Geben Sie Ihre E-Mail-Adresse und Ihr Passwort ein.<\/li>\n<li>Melden Sie sich an (oder verwenden Sie die Thorfortune Anmeldeoption mit Google).<\/li>\n<\/ol>\n<p>Sobald Sie angemeldet sind, k\u00f6nnen Sie viele Dinge tun. Sehen wir uns Ihre Anmeldem\u00f6glichkeiten bei Thorfortune einmal genauer an.<\/p>\n<p>Ihr Konto und Ihre Sicherheit:<\/p>\n<table>\n<tbody>\n<tr>\n<td>Funktion<\/td>\n<td>Beschreibung<\/td>\n<\/tr>\n<tr>\n<td>Ein- und Auszahlungen<\/td>\n<td>Verwalten Sie Ihren Kontostand m\u00fchelos mit einer Vielzahl sicherer Zahlungsoptionen.<\/td>\n<\/tr>\n<tr>\n<td>Sicherheitseinstellungen<\/td>\n<td>Erh\u00f6hen Sie die Sicherheit Ihres Kontos mit einer Zwei-Faktor-Authentifizierung (2FA).<\/td>\n<\/tr>\n<\/tbody>\n<\/table>\n<p>Verschiedene Thor Fortune Casino Boni:<\/p>\n<table>\n<tbody>\n<tr>\n<td>Funktion<\/td>\n<td>Beschreibung<\/td>\n<\/tr>\n<tr>\n<td>Bonus-Einl\u00f6sung<\/td>\n<td>Schalten Sie spannende Aktionen frei und verbessern Sie Ihr Spielerlebnis sofort.<\/td>\n<\/tr>\n<tr>\n<td>Treue- und VIP-Programme<\/td>\n<td>Treten Sie exklusiven Pr\u00e4mienclubs bei und sammeln Sie Punkte f\u00fcr exklusive Boni und Preise.<\/td>\n<\/tr>\n<\/tbody>\n<\/table>\n<p>Dashboard:<\/p>\n<table>\n<tbody>\n<tr>\n<td>Funktion<\/td>\n<td>Beschreibung<\/td>\n<\/tr>\n<tr>\n<td>Transaktionsverlauf<\/td>\n<td>Behalten Sie den \u00dcberblick \u00fcber Ihre Einzahlungen, Auszahlungen und Wettaktivit\u00e4ten.<\/td>\n<\/tr>\n<tr>\n<td>Profilverwaltung<\/td>\n<td>Aktualisieren Sie ganz einfach Ihre pers\u00f6nlichen Daten, Kontaktdaten und Zahlungsmethoden.<\/td>\n<\/tr>\n<\/tbody>\n<\/table>\n<p>Die Benutzeroberfl\u00e4che des Thorfortune-Kontos ist so benutzerfreundlich, dass die Navigation ganz einfach ist, sodass Spieler auf Funktionen zugreifen und ihre eigene Erfahrung gestalten k\u00f6nnen.<\/p>\n<h3>Thorfortune Casino-Kontoverifizierung und Sicherheit<\/h3>\n<p>Jeder Spieler bei Thorfortune Casino muss den KYC-Verifizierungsprozess durchlaufen, um reibungslos Geld \u00fcberweisen, Gewinne erzielen und sich frei auf der Plattform bewegen zu k\u00f6nnen. Thor Fortune legt gro\u00dfen Wert auf eine sichere Spielumgebung.<\/p>\n<p>Wenn Sie glauben, dass diese Werte in Ihrem Herzen Anklang finden, dann legen Sie uns bitte so schnell wie m\u00f6glich w\u00e4hrend des Verifizierungsprozesses offizielle Ausweisdokumente \u2013 von Beh\u00f6rden ausgestellte Ausweise und Adressnachweise \u2013 vor. Diese Ma\u00dfnahme entspricht den Branchenstandards und Vorschriften, die zur Betrugsbek\u00e4mpfung und zu fairem Spiel beitragen.<\/p>\n<p>Thorfortune verf\u00fcgt \u00fcber mehrere Sicherheitsma\u00dfnahmen, wie AES-Verschl\u00fcsselung, TLS 1.2- und 1.3-Protokolle, Firewalls und eine 24\/7-\u00dcberwachung des Systems. Wir sch\u00fctzen personenbezogene und finanzielle Daten vor unbefugtem Zugriff. Spieler k\u00f6nnen au\u00dferdem 2FA aktivieren und ihre Kontodaten regelm\u00e4\u00dfig aktualisieren, um die Sicherheit noch weiter zu verbessern. Regelm\u00e4\u00dfige Audits beschleunigen die Auszahlung und, falls erforderlich, die Wiederherstellung des Kontos, wenn die Spieler von unserem Support-Team vollst\u00e4ndig \u00fcberpr\u00fcft und genehmigt wurden.<\/p>\n<h3>Haben Sie Ihr Passwort vergessen?<\/h3>\n<p>Apropos Vergessen Ihrer Kontodaten und Wiederherstellungsprozess: Wir bei Thor Fortune wissen, wie wir Ihr Konto wiederherstellen k\u00f6nnen.<\/p>\n<ol>\n<li>Wenn Sie auf den Thorfortune Login klicken, sehen Sie das Banner \u201ePasswort vergessen?\u201c. Tippen Sie einfach darauf.<\/li>\n<li>Geben Sie die E-Mail-Adresse ein.<\/li>\n<li>Befolgen Sie die Anweisungen, die Ihnen per E-Mail zugesandt wurden. Dort finden Sie einen Link zum Zur\u00fccksetzen.<\/li>\n<li>Legen Sie ein neues Passwort fest und best\u00e4tigen Sie es.<\/li>\n<\/ol>\n<p>Um alle Herausforderungen in diesem Prozess zu meistern, steht Ihnen das Support-Team per Live Chat zur Verf\u00fcgung, um Ihnen bei der Wiederherstellung und Verifizierung Ihres Kontos zu helfen.<\/p>\n<h2>FAQ<\/h2>\n<h3>Wie schlie\u00dfe ich den Kontoverifizierungsprozess ab?<\/h3>\n<p>Um Ihr Konto bei Thorfortune zu best\u00e4tigen, laden Sie bitte klare Kopien Ihrer offiziellen Ausweisdokumente und Adressnachweise \u00fcber ein sicheres Upload-Portal in Ihren Kontoeinstellungen hoch. Die \u00dcberpr\u00fcfung erfolgt in der Regel schnell, sodass Sie sich keine Sorgen machen m\u00fcssen, dass Ihr Spielspa\u00df dadurch beeintr\u00e4chtigt wird.<\/p>\n<h3>Wie aktualisiere ich mein Passwort oder meine E-Mail-Adresse?<\/h3>\n<p>Gehen Sie nach der Anmeldung bei Thorfortune zur Kontoverwaltung und w\u00e4hlen Sie die Option zur Aktualisierung Ihrer Daten. Thorfortune verf\u00fcgt \u00fcber Sicherheitsma\u00dfnahmen, die keine Aktualisierungen ohne Autorisierung zulassen, und vor jeder \u00c4nderung m\u00fcssen Verifizierungsma\u00dfnahmen durchgef\u00fchrt werden. Daher m\u00fcssen Sie zun\u00e4chst best\u00e4tigen, dass Sie es tats\u00e4chlich sind.<\/p>\n<h3>Was soll ich tun, wenn mein Konto gesperrt ist?<\/h3>\n<p>Falls Ihr Konto nicht verf\u00fcgbar ist, wenden Sie sich bitte per Live-Chat oder E-Mail an den Kundendienst. M\u00f6glicherweise m\u00fcssen Sie sich vorsichtshalber verifizieren lassen. Unser Casino bietet mehrsprachigen Support, sodass wir eine Vielzahl von Sprachen anbieten. Schreiben Sie uns bitte so schnell wie m\u00f6glich und teilen Sie uns mit, was passiert ist und warum Sie sich nicht bei Thorfortune anmelden k\u00f6nnen. Wir helfen Ihnen gerne weiter.<\/p>\n<\/div><\/div><\/p>\n","protected":false},"excerpt":{"rendered":"<p>Anmeldung und Registrierung bei Thorfortune Wenn Sie sich bei Thorfortune login, k\u00f6nnen Sie ganz einfach alle M\u00f6glichkeiten unseres Casinos nutzen. Sie erhalten uneingeschr\u00e4nkten Zugang zu unserer f\u00fchrenden Online-Casino-Plattform, die eine sichere Umgebung und eine benutzerfreundliche Oberfl\u00e4che bietet. Thorfortune Casino bietet robuste Sicherheit und umfassende Kontoverwaltung und ist damit ein zuverl\u00e4ssiger und attraktiver Spielort f\u00fcr alle [&hellip;]<\/p>\n","protected":false},"author":1,"featured_media":0,"parent":0,"menu_order":0,"comment_status":"closed","ping_status":"closed","template":"template-builder.php","meta":{"_acf_changed":false,"inline_featured_image":false,"footnotes":""},"class_list":["post-1483","page","type-page","status-publish","hentry"],"acf":[],"yoast_head":"<!-- This site is optimized with the Yoast SEO plugin v24.4 - https:\/\/yoast.com\/wordpress\/plugins\/seo\/ -->\n<title>Thorfortune Login und Registrierung<\/title>\n<meta name=\"description\" content=\"Erstellen, verwalten und verifizieren Sie m\u00fchelos Ihr Thorfortune Casino-Konto. Genie\u00dfen Sie eine schnelle Registrierung, einfache Kontowiederherstellung und sichere Schlie\u00dfung mit Thorfortune Login, wodurch Ihr Konto rund um die Uhr gesch\u00fctzt ist.\" \/>\n<meta name=\"robots\" content=\"index, follow, max-snippet:-1, max-image-preview:large, max-video-preview:-1\" \/>\n<link rel=\"canonical\" href=\"https:\/\/thorfortuneonline.org\/de\/anmeldung-und-registrierung\/\" \/>\n<meta property=\"og:locale\" content=\"de_DE\" \/>\n<meta property=\"og:type\" content=\"article\" \/>\n<meta property=\"og:title\" content=\"Thorfortune Login und Registrierung\" \/>\n<meta property=\"og:description\" content=\"Erstellen, verwalten und verifizieren Sie m\u00fchelos Ihr Thorfortune Casino-Konto. Genie\u00dfen Sie eine schnelle Registrierung, einfache Kontowiederherstellung und sichere Schlie\u00dfung mit Thorfortune Login, wodurch Ihr Konto rund um die Uhr gesch\u00fctzt ist.\" \/>\n<meta property=\"og:url\" content=\"https:\/\/thorfortuneonline.org\/de\/anmeldung-und-registrierung\/\" \/>\n<meta property=\"og:site_name\" content=\"thorfortune\" \/>\n<meta property=\"article:modified_time\" content=\"2026-03-02T11:04:04+00:00\" \/>\n<meta name=\"twitter:card\" content=\"summary_large_image\" \/>\n<meta name=\"twitter:label1\" content=\"Gesch\u00e4tzte Lesezeit\" \/>\n\t<meta name=\"twitter:data1\" content=\"1\u00a0Minute\" \/>\n<script type=\"application\/ld+json\" class=\"yoast-schema-graph\">{\"@context\":\"https:\/\/schema.org\",\"@graph\":[{\"@type\":\"WebPage\",\"@id\":\"https:\/\/thorfortuneonline.org\/de\/anmeldung-und-registrierung\/\",\"url\":\"https:\/\/thorfortuneonline.org\/de\/anmeldung-und-registrierung\/\",\"name\":\"Thorfortune Login und Registrierung\",\"isPartOf\":{\"@id\":\"https:\/\/thorfortuneonline.org\/de\/#website\"},\"datePublished\":\"2026-01-20T12:11:11+00:00\",\"dateModified\":\"2026-03-02T11:04:04+00:00\",\"description\":\"Erstellen, verwalten und verifizieren Sie m\u00fchelos Ihr Thorfortune Casino-Konto. Genie\u00dfen Sie eine schnelle Registrierung, einfache Kontowiederherstellung und sichere Schlie\u00dfung mit Thorfortune Login, wodurch Ihr Konto rund um die Uhr gesch\u00fctzt ist.\",\"breadcrumb\":{\"@id\":\"https:\/\/thorfortuneonline.org\/de\/anmeldung-und-registrierung\/#breadcrumb\"},\"inLanguage\":\"de\",\"potentialAction\":[{\"@type\":\"ReadAction\",\"target\":[\"https:\/\/thorfortuneonline.org\/de\/anmeldung-und-registrierung\/\"]}]},{\"@type\":\"BreadcrumbList\",\"@id\":\"https:\/\/thorfortuneonline.org\/de\/anmeldung-und-registrierung\/#breadcrumb\",\"itemListElement\":[{\"@type\":\"ListItem\",\"position\":1,\"name\":\"Thorfortune\",\"item\":\"https:\/\/thorfortuneonline.org\/de\/\"},{\"@type\":\"ListItem\",\"position\":2,\"name\":\"Anmeldung und Registrierung\"}]},{\"@type\":\"WebSite\",\"@id\":\"https:\/\/thorfortuneonline.org\/de\/#website\",\"url\":\"https:\/\/thorfortuneonline.org\/de\/\",\"name\":\"Thorfortune\",\"description\":\"\",\"publisher\":{\"@id\":\"https:\/\/thorfortuneonline.org\/de\/#organization\"},\"potentialAction\":[{\"@type\":\"SearchAction\",\"target\":{\"@type\":\"EntryPoint\",\"urlTemplate\":\"https:\/\/thorfortuneonline.org\/de\/?s={search_term_string}\"},\"query-input\":{\"@type\":\"PropertyValueSpecification\",\"valueRequired\":true,\"valueName\":\"search_term_string\"}}],\"inLanguage\":\"de\"},{\"@type\":\"Organization\",\"@id\":\"https:\/\/thorfortuneonline.org\/de\/#organization\",\"name\":\"Thorfortune\",\"url\":\"https:\/\/thorfortuneonline.org\/de\/\",\"logo\":{\"@type\":\"ImageObject\",\"inLanguage\":\"de\",\"@id\":\"https:\/\/thorfortuneonline.org\/de\/#\/schema\/logo\/image\/\",\"url\":\"https:\/\/thorfortuneonline.org\/wp-content\/uploads\/2026\/03\/logo.png\",\"contentUrl\":\"https:\/\/thorfortuneonline.org\/wp-content\/uploads\/2026\/03\/logo.png\",\"width\":160,\"height\":37,\"caption\":\"Thorfortune\"},\"image\":{\"@id\":\"https:\/\/thorfortuneonline.org\/de\/#\/schema\/logo\/image\/\"}}]}<\/script>\n<!-- \/ Yoast SEO plugin. -->","yoast_head_json":{"title":"Thorfortune Login und Registrierung","description":"Erstellen, verwalten und verifizieren Sie m\u00fchelos Ihr Thorfortune Casino-Konto. Genie\u00dfen Sie eine schnelle Registrierung, einfache Kontowiederherstellung und sichere Schlie\u00dfung mit Thorfortune Login, wodurch Ihr Konto rund um die Uhr gesch\u00fctzt ist.","robots":{"index":"index","follow":"follow","max-snippet":"max-snippet:-1","max-image-preview":"max-image-preview:large","max-video-preview":"max-video-preview:-1"},"canonical":"https:\/\/thorfortuneonline.org\/de\/anmeldung-und-registrierung\/","og_locale":"de_DE","og_type":"article","og_title":"Thorfortune Login und Registrierung","og_description":"Erstellen, verwalten und verifizieren Sie m\u00fchelos Ihr Thorfortune Casino-Konto. Genie\u00dfen Sie eine schnelle Registrierung, einfache Kontowiederherstellung und sichere Schlie\u00dfung mit Thorfortune Login, wodurch Ihr Konto rund um die Uhr gesch\u00fctzt ist.","og_url":"https:\/\/thorfortuneonline.org\/de\/anmeldung-und-registrierung\/","og_site_name":"thorfortune","article_modified_time":"2026-03-02T11:04:04+00:00","twitter_card":"summary_large_image","twitter_misc":{"Gesch\u00e4tzte Lesezeit":"1\u00a0Minute"},"schema":{"@context":"https:\/\/schema.org","@graph":[{"@type":"WebPage","@id":"https:\/\/thorfortuneonline.org\/de\/anmeldung-und-registrierung\/","url":"https:\/\/thorfortuneonline.org\/de\/anmeldung-und-registrierung\/","name":"Thorfortune Login und Registrierung","isPartOf":{"@id":"https:\/\/thorfortuneonline.org\/de\/#website"},"datePublished":"2026-01-20T12:11:11+00:00","dateModified":"2026-03-02T11:04:04+00:00","description":"Erstellen, verwalten und verifizieren Sie m\u00fchelos Ihr Thorfortune Casino-Konto. Genie\u00dfen Sie eine schnelle Registrierung, einfache Kontowiederherstellung und sichere Schlie\u00dfung mit Thorfortune Login, wodurch Ihr Konto rund um die Uhr gesch\u00fctzt ist.","breadcrumb":{"@id":"https:\/\/thorfortuneonline.org\/de\/anmeldung-und-registrierung\/#breadcrumb"},"inLanguage":"de","potentialAction":[{"@type":"ReadAction","target":["https:\/\/thorfortuneonline.org\/de\/anmeldung-und-registrierung\/"]}]},{"@type":"BreadcrumbList","@id":"https:\/\/thorfortuneonline.org\/de\/anmeldung-und-registrierung\/#breadcrumb","itemListElement":[{"@type":"ListItem","position":1,"name":"Thorfortune","item":"https:\/\/thorfortuneonline.org\/de\/"},{"@type":"ListItem","position":2,"name":"Anmeldung und Registrierung"}]},{"@type":"WebSite","@id":"https:\/\/thorfortuneonline.org\/de\/#website","url":"https:\/\/thorfortuneonline.org\/de\/","name":"Thorfortune","description":"","publisher":{"@id":"https:\/\/thorfortuneonline.org\/de\/#organization"},"potentialAction":[{"@type":"SearchAction","target":{"@type":"EntryPoint","urlTemplate":"https:\/\/thorfortuneonline.org\/de\/?s={search_term_string}"},"query-input":{"@type":"PropertyValueSpecification","valueRequired":true,"valueName":"search_term_string"}}],"inLanguage":"de"},{"@type":"Organization","@id":"https:\/\/thorfortuneonline.org\/de\/#organization","name":"Thorfortune","url":"https:\/\/thorfortuneonline.org\/de\/","logo":{"@type":"ImageObject","inLanguage":"de","@id":"https:\/\/thorfortuneonline.org\/de\/#\/schema\/logo\/image\/","url":"https:\/\/thorfortuneonline.org\/wp-content\/uploads\/2026\/03\/logo.png","contentUrl":"https:\/\/thorfortuneonline.org\/wp-content\/uploads\/2026\/03\/logo.png","width":160,"height":37,"caption":"Thorfortune"},"image":{"@id":"https:\/\/thorfortuneonline.org\/de\/#\/schema\/logo\/image\/"}}]}},"_links":{"self":[{"href":"https:\/\/thorfortuneonline.org\/de\/wp-json\/wp\/v2\/pages\/1483"}],"collection":[{"href":"https:\/\/thorfortuneonline.org\/de\/wp-json\/wp\/v2\/pages"}],"about":[{"href":"https:\/\/thorfortuneonline.org\/de\/wp-json\/wp\/v2\/types\/page"}],"author":[{"embeddable":true,"href":"https:\/\/thorfortuneonline.org\/de\/wp-json\/wp\/v2\/users\/1"}],"replies":[{"embeddable":true,"href":"https:\/\/thorfortuneonline.org\/de\/wp-json\/wp\/v2\/comments?post=1483"}],"version-history":[{"count":3,"href":"https:\/\/thorfortuneonline.org\/de\/wp-json\/wp\/v2\/pages\/1483\/revisions"}],"predecessor-version":[{"id":2073,"href":"https:\/\/thorfortuneonline.org\/de\/wp-json\/wp\/v2\/pages\/1483\/revisions\/2073"}],"wp:attachment":[{"href":"https:\/\/thorfortuneonline.org\/de\/wp-json\/wp\/v2\/media?parent=1483"}],"curies":[{"name":"wp","href":"https:\/\/api.w.org\/{rel}","templated":true}]}}