{"id":1442,"date":"2026-01-20T12:08:23","date_gmt":"2026-01-20T12:08:23","guid":{"rendered":"https:\/\/bonuskongcasino.com\/app-2\/"},"modified":"2026-03-02T11:01:40","modified_gmt":"2026-03-02T11:01:40","slug":"app","status":"publish","type":"page","link":"https:\/\/thorfortuneonline.org\/de\/app\/","title":{"rendered":"App"},"content":{"rendered":"<h1>Thor Fortune Mobile Plattform<\/h1>\n<p>Die Thorfortune App ist ein All-in-One Mobilcasino, mit dem Nutzer jedes Spiel auf ihrem Smartphone spielen k\u00f6nnen. Die Software unserer Plattform verf\u00fcgt \u00fcber fortschrittliche Funktionen, hohe Leistung und einfache Navigation. Sie k\u00f6nnen sicher sein, dass Sie eine sicherheits- und leistungsorientierte PWA erhalten. Die Vielfalt von Thor Fortune im Vergleich zu anderen Ger\u00e4ten macht es zu einer der Plattformen der Wahl f\u00fcr mobiles Gaming.<\/p>\n<div class=\"banner-wrap\" aria-label=\"Banner\"><img src=\"https:\/\/thorfortuneonline.org\/wp-content\/uploads\/2026\/03\/Thorfortune-bnr-pc.webp\" class=\"w-100 d-none d-lg-block img-pc main-banner-img\" alt=\"Thorfortune banner desktop\" fetchpriority=\"high\" decoding=\"async\"><img src=\"https:\/\/thorfortuneonline.org\/wp-content\/uploads\/2026\/03\/thorfortune-banner-mobile.webp\" class=\"w-100 d-none d-md-block d-lg-none main-banner-img\" alt=\"Thorfortune banner mobile\" fetchpriority=\"high\" decoding=\"async\"><img src=\"https:\/\/thorfortuneonline.org\/wp-content\/uploads\/2026\/03\/thorfortune-banner-mobile.webp\" class=\"w-100 d-md-none\" alt=\"Thorfortune banner mobile\" fetchpriority=\"high\" decoding=\"async\"><div class=\"banner-description\">\n<div class=\"banner-title\">Willkommensboni<\/div>\n<p class=\"banner-header-title\">1500 \u20ac<\/p>\n<div class=\"banner-header-AdditionalText\">+ 250 Freispiele<\/div>\n<button data-item=\"homepage_banner_link\" class=\"goto m-button m-gradient-border m-button--primary m-button--large banner-button btn-orange\">\n            <div class=\"m-button-content\">\n                <span>Jetzt anmelden<\/span>\n                <span><\/span>\n            <\/div>\n        <\/button>\n<\/div>\n<div class=\"WelcomePack\">\n<p><img loading=\"lazy\" decoding=\"async\" class=\"alignnone size-full wp-image-1845\" src=\"https:\/\/thor-fortune.org\/wp-content\/uploads\/2026\/03\/welcome-crown.png\" alt=\"welcome crown\" width=\"25\" height=\"26\" \/><\/p>\n<div class=\"WelcomePack-Info\">W\u00f6chentlicher Cashback von bis zu 25 %<\/div>\n<p><img loading=\"lazy\" decoding=\"async\" class=\"alignnone size-full wp-image-1845\" src=\"https:\/\/thor-fortune.org\/wp-content\/uploads\/2026\/03\/welcome-crown.png\" alt=\"welcome crown\" width=\"25\" height=\"26\" \/><\/p>\n<\/div>\n<\/div>\n<h2>Verwendung von Thorfortune auf Mobilger\u00e4ten<\/h2>\n<p>Das mobile Casino-Spiel Thorfortune hebt das Spielerlebnis auf ein neues Niveau und hat gegen\u00fcber herk\u00f6mmlichen Desktop-Spielen einen Vorteil. Die mobile Plattform ist wirklich erstaunlich. Wir z\u00e4hlen Ihnen auf, warum:<\/p>\n<ul>\n<li>Es ist im Vergleich zu anderen mobilen Diensten sehr schnell.<\/li>\n<li>Es ist leicht zug\u00e4nglich, da keine App Stores durchsucht werden m\u00fcssen.<\/li>\n<li>Es ist sehr reaktionsschnell, da es leicht ist und fast nichts wiegt.<\/li>\n<li>Jeder registrierte Spieler hat problemlos Zugriff auf eine gro\u00dfe Auswahl an Online-Slots, Live-Dealer-Spielen und anderen Thorfortune Casino Diensten.<\/li>\n<\/ul>\n<p>Die Thorfortune App ist im Gegensatz zu den Desktop-Versionen f\u00fcr die Nutzung auf tragbaren Ger\u00e4ten (Android und iPhone) konzipiert und bietet eine ablenkungsfreie Umgebung mit einfacher Navigation.<\/p>\n<p>Das Design der App konzentriert sich auf schnelle Ladezeiten und minimale Einstellungen. Unsere Spieler k\u00f6nnen direkt mit ihren Lieblingsspielen loslegen. Die Thorfortune App bietet ein professionelles Spielerlebnis mit hochwertiger Grafik und reaktionsschnellen Steuerelementen. Sie verf\u00fcgt au\u00dferdem \u00fcber die gleiche schnelle KYC-Funktion wie die Thor Fortune Desktopversion. Und wir sichern auch Transaktionen, was mit dem Fokus der Plattform auf Sicherheit einhergeht.<\/p>\n<p><div class=\"scrollable-content-wrap my-5\"><div class=\"scrollable-content-inner\"><h2>Thorfortune Android Mobile App<\/h2>\n<p>Android-Nutzer k\u00f6nnen eine vereinfachte und energiesparende Gaming-Plattform genie\u00dfen, die mit einer Vielzahl von Android-Ger\u00e4ten kompatibel ist. Es handelt sich um eine Mischung aus Website und App-Erlebnis. Sie k\u00f6nnen sich selbst von der hohen Ladegeschwindigkeit und der konstanten Leistung \u00fcberzeugen. Die Benutzeroberfl\u00e4che der App ist benutzerfreundlich und man findet leicht die Kategorien Online Slots, Live-Dealer-Spiele und Werbeaktionen.<\/p>\n<p>Automatische Updates sind einer der gr\u00f6\u00dften Vorteile der Thorfortune-Android-Anwendung. Eine manuelle Neuinstallation oder Aktualisierung ist nicht erforderlich. Die App verf\u00fcgt \u00fcber stabile und hochwertige Grafiken, die das Spielerlebnis verbessern und selbst auf Low-End-Ger\u00e4ten ein fl\u00fcssiges Gameplay bieten. Die Anwendung zielt auch darauf ab, wichtige Informationen wie Push-Benachrichtigungen zu erhalten, mit denen die Spieler rechtzeitig \u00fcber neue Spiele und Werbeaktionen informiert werden und nichts \u00fcber ihren Transaktionsstatus verpassen.<\/p>\n<h3>Warum PWA statt APK?<\/h3>\n<p>Die PWA (Progressive Web App) hat gegen\u00fcber herk\u00f6mmlichen APK-Dateien mehrere Vorteile. PWAs m\u00fcssen nicht aus den App-Stores heruntergeladen werden, was Sicherheits- und Speicherprobleme verringert. Sie laden Thor Fortune Casino sofort in Browsern wie Chrome oder Firefox, ohne die Leistung zu beeintr\u00e4chtigen. Die App wird automatisch aktualisiert, um neue Funktionen zu integrieren, und bleibt mit den sich weiterentwickelnden Browserstandards und Sicherheitsma\u00dfnahmen kompatibel.<\/p>\n<p>Im Gegensatz dazu m\u00fcssen APK-Dateien manuell heruntergeladen und aktualisiert werden, was in Bezug auf Sicherheit und Kompatibilit\u00e4t problematisch sein kann. Die PWA-Methode ist der einfachste Weg, um auf Thorfortune Casino zuzugreifen und dort zu spielen. Wir bieten Ihnen einen einfachen Zugang \u00fcber eine sichere, stabile und schnelle Spielumgebung, die direkt in den Browsern von Android-Ger\u00e4ten bereitgestellt wird. Sie m\u00fcssen sich keine Sorgen um Komplikationen machen, denn unsere Thorfortune App bietet alles, was Ihr Mobilger\u00e4t ben\u00f6tigt.<\/p>\n<p><img loading=\"lazy\" decoding=\"async\" class=\"alignnone size-full wp-image-2005\" src=\"https:\/\/thor-fortune.org\/wp-content\/uploads\/2026\/03\/Thorfortune-Android.webp\" alt=\"Thorfortune Android\" width=\"1248\" height=\"536\" srcset=\"https:\/\/thorfortuneonline.org\/wp-content\/uploads\/2026\/03\/Thorfortune-Android.webp 1248w, https:\/\/thorfortuneonline.org\/wp-content\/uploads\/2026\/03\/Thorfortune-Android-300x129.webp 300w, https:\/\/thorfortuneonline.org\/wp-content\/uploads\/2026\/03\/Thorfortune-Android-1024x440.webp 1024w, https:\/\/thorfortuneonline.org\/wp-content\/uploads\/2026\/03\/Thorfortune-Android-768x330.webp 768w\" sizes=\"(max-width: 1248px) 100vw, 1248px\" \/><\/p>\n<\/div><\/div><div style=\"clear: both\"><\/div><div class=\"d-flex justify-content-center\"><button data-item=\"decouvrez_link\" data-group=\"website_links\" class=\"goto fw-bold rounded-pill btn btn-orange\" aria-label=\"Laden Sie die Thorfortune-App herunter\" >Laden Sie die Thorfortune-App herunter<\/button><\/div><div class=\"scrollable-content-wrap my-5\"><div class=\"scrollable-content-inner\"><h2>Thorfortune iOS Mobile App<\/h2>\n<p>Die Thorfortune iOS-Anwendung ist auf Apple-Ger\u00e4te zugeschnitten \u2013 iPads, iPhones und MacBooks. Selbst wenn Sie an native Anwendungen gew\u00f6hnt sind, wird Sie unsere PWA angenehm \u00fcberraschen, wie reibungslos alles funktioniert, ohne dass Sie Installationen vornehmen oder im App Store nach .exe-Dateien suchen m\u00fcssen. Sie werden sich \u00fcber hochwertige Grafiken, eine schnelle Ladezeit und eine sichere Plattform mit all Ihren Lieblings-Online-Slots und Live-Dealer-Spielen sowie weiteren Casino-Einrichtungen freuen. Live Thorfortune wirkt ebenfalls Wunder \u2013 die Croupiers frieren nie ein, der Ablauf ist so live wie im echten Leben. Und das ist nur eine Abk\u00fcrzung, k\u00f6nnen Sie sich das vorstellen? Wie installiert man es? Ganz einfach:<\/p>\n<ol>\n<li>Klicken Sie auf die Suchzeile unten, die den Namen unserer Website enth\u00e4lt.<\/li>\n<li>Unten sehen Sie das quadratische Symbol; klicken Sie darauf.<\/li>\n<li>Sie werden weitergeleitet, um die URL von Thorfortune Casino zu teilen \u2013 tun Sie das nicht, sondern w\u00e4hlen Sie stattdessen die Option \u201eZum Startbildschirm hinzuf\u00fcgen\u201c in der Liste.<\/li>\n<li>Das ist alles. Sie haben nun unsere Verkn\u00fcpfung zum Thorfortune Casino in Ihrem Hauptmen\u00fc!<\/li>\n<\/ol>\n<p>Von nun an k\u00f6nnen Sie sich \u00fcber alle Neuigkeiten, Spiele und Aktionen informieren, Ihr Konto verwalten und nat\u00fcrlich die Spiele von Thor Fortune Casino spielen. Durch neue Releases entspricht die Plattform den aktuellen Standards f\u00fcr mobile Spiele, es werden neue Funktionen hinzugef\u00fcgt und die allgemeine Stabilit\u00e4t verbessert. Schauen Sie also regelm\u00e4\u00dfig in der App vorbei.<\/p>\n<p><img loading=\"lazy\" decoding=\"async\" class=\"alignnone size-full wp-image-2021\" src=\"https:\/\/thor-fortune.org\/wp-content\/uploads\/2026\/03\/Thorfortune-iOS.webp\" alt=\"Thorfortune iOS\" width=\"1248\" height=\"536\" srcset=\"https:\/\/thorfortuneonline.org\/wp-content\/uploads\/2026\/03\/Thorfortune-iOS.webp 1248w, https:\/\/thorfortuneonline.org\/wp-content\/uploads\/2026\/03\/Thorfortune-iOS-300x129.webp 300w, https:\/\/thorfortuneonline.org\/wp-content\/uploads\/2026\/03\/Thorfortune-iOS-1024x440.webp 1024w, https:\/\/thorfortuneonline.org\/wp-content\/uploads\/2026\/03\/Thorfortune-iOS-768x330.webp 768w\" sizes=\"(max-width: 1248px) 100vw, 1248px\" \/><\/p>\n<\/div><\/div><div style=\"clear: both\"><\/div><div class=\"d-flex justify-content-center\"><button data-item=\"decouvrez_link\" data-group=\"website_links\" class=\"goto fw-bold rounded-pill btn btn-orange\" aria-label=\"Thorfortune herunterladen\" >Thorfortune herunterladen<\/button><\/div><div class=\"scrollable-content-wrap my-5\"><div class=\"scrollable-content-inner\"><h2>Windows- und macOS-Anwendungen<\/h2>\n<p>Thorfortune Casino gibt es als Windows- und Mac-Version f\u00fcr Spieler, die mit einem Desktop-Computer spielen. Sie bieten ein umfassendes Spielerlebnis mit hochaufl\u00f6sender Grafik und einer Vielzahl von Funktionen. Die Desktop-Versionen eignen sich am besten f\u00fcr Live-Dealer-Titel von Thor Fortune, da Sie stark zoomen oder auf jede beliebige Aufl\u00f6sung vergr\u00f6\u00dfern k\u00f6nnen, aber auch andere Spiele funktionieren einwandfrei. Wir wissen, dass 3D, Realismus und Details unerl\u00e4sslich sind und dass die Spiele denen \u00e4hneln, die in einem echten Casino gespielt werden.<\/p>\n<p>Die Windows- und Mac-Shortcuts der Thorfortune App sind gr\u00f6\u00dfer, bildschirmbasiert und bieten eine ausgekl\u00fcgelte Navigation sowie Echtzeit-Kontoereignisse \u2013 Sie k\u00f6nnen alles so \u00fcberpr\u00fcfen, wie es ist \u2013 und sie k\u00f6nnen unm\u00f6glich verz\u00f6gert werden, selbst wenn sich alle Mitglieder des Thorfortune Casino gleichzeitig anmelden.<\/p>\n<table>\n<tbody>\n<tr>\n<td>Zugriffsmethode<\/td>\n<td>Kompatibilit\u00e4t<\/td>\n<td>Speicheranforderungen<\/td>\n<td>Aktualisierungsverfahren<\/td>\n<td>Hauptvorteil<\/td>\n<\/tr>\n<tr>\n<td>PWA (iOS\/Android)<\/td>\n<td>Browserbasiert<\/td>\n<td>Sehr gering<\/td>\n<td>Automatisch<\/td>\n<td>Schneller Zugriff, keine Downloads, sicher<\/td>\n<\/tr>\n<tr>\n<td>Desktop (Windows\/macOS)<\/td>\n<td>Desktop-Betriebssystem<\/td>\n<td>Variiert<\/td>\n<td>Automatische Updates<\/td>\n<td>Gr\u00f6\u00dfere Bildschirme, erweiterte Funktionen<\/td>\n<\/tr>\n<\/tbody>\n<\/table>\n<p>Probieren Sie eine professionelle Spielumgebung aus, die f\u00fcr High-Stakes-Spieler und alle, die an einer anspruchsvolleren Spielumgebung interessiert sind, attraktiv ist. Die Apps erm\u00f6glichen ein fl\u00fcssiges Spielvergn\u00fcgen, sichere Zahlungen und schnellen Zugriff auf das gesamte Repertoire an Casino-Funktionen.<\/p>\n<p><img loading=\"lazy\" decoding=\"async\" class=\"alignnone size-full wp-image-2013\" src=\"https:\/\/thor-fortune.org\/wp-content\/uploads\/2026\/03\/Thorfortune-Desktop.webp\" alt=\"Thorfortune Desktop\" width=\"1248\" height=\"536\" srcset=\"https:\/\/thorfortuneonline.org\/wp-content\/uploads\/2026\/03\/Thorfortune-Desktop.webp 1248w, https:\/\/thorfortuneonline.org\/wp-content\/uploads\/2026\/03\/Thorfortune-Desktop-300x129.webp 300w, https:\/\/thorfortuneonline.org\/wp-content\/uploads\/2026\/03\/Thorfortune-Desktop-1024x440.webp 1024w, https:\/\/thorfortuneonline.org\/wp-content\/uploads\/2026\/03\/Thorfortune-Desktop-768x330.webp 768w\" sizes=\"(max-width: 1248px) 100vw, 1248px\" \/><\/p>\n<\/div><\/div><div style=\"clear: both\"><\/div><div class=\"d-flex justify-content-center\"><button data-item=\"decouvrez_link\" data-group=\"website_links\" class=\"goto fw-bold rounded-pill btn btn-orange\" aria-label=\"Laden Sie die Thorfortune-App herunter\" >Laden Sie die Thorfortune-App herunter<\/button><\/div><div class=\"scrollable-content-wrap my-5\"><div class=\"scrollable-content-inner\"><h2>FAQ<\/h2>\n<h3>Ist f\u00fcr die Nutzung der Thorfortune App die Erstellung eines Kontos erforderlich?<\/h3>\n<p>Um alle Funktionen von Thorfortune Casino nutzen zu k\u00f6nnen, ist es unerl\u00e4sslich, ein verifiziertes Konto zu haben. Die Registrierung garantiert sichere Transaktionen, Zugang zu Boni und Live-Chat-Support. Der Verifizierungsprozess ist auch Teil der Richtlinien f\u00fcr verantwortungsbewusstes Spielen von Thor Fortune Casino und der Sicherheit unserer Plattform.<\/p>\n<h3>Bietet die Thor Fortune Casino App Kundensupport?<\/h3>\n<p>Die Thorfortune App bietet Support per Live-Chat (Button-Banner auf unserer Website), E-Mail und anderen Kommunikationsformen. Das Support-Team ist stets bem\u00fcht, sofortige Hilfe bei technischen Problemen, Fragen zur Teilnahmeberechtigung und allgemeinen Unterst\u00fctzung f\u00fcr die Spieler zu leisten, damit ein unterbrechungsfreies Spielerlebnis gew\u00e4hrleistet ist.<\/p>\n<h3>Wie kann ich die Thorfortune Casino App aktualisieren?<\/h3>\n<p>Eine manuelle Aktualisierung ist nicht mehr erforderlich! Die Thorfortune App ist eine PWA und aktualisiert sich daher automatisch, wenn sie in einem unterst\u00fctzten Browser ge\u00f6ffnet wird. Spieler m\u00fcssen Updates nicht mehr manuell herunterladen und installieren \u2013 was f\u00fcr viele eine gro\u00dfe Erleichterung ist \u2013, sodass Sie nie die neuesten Funktionen und Sicherheitsupdates verpassen. Bei Desktop-Anwendungen werden Updates von der Anwendung selbst durchgef\u00fchrt und angek\u00fcndigt.<\/p>\n<\/div><\/div><\/p>\n","protected":false},"excerpt":{"rendered":"<p>Thor Fortune Mobile Plattform Die Thorfortune App ist ein All-in-One Mobilcasino, mit dem Nutzer jedes Spiel auf ihrem Smartphone spielen k\u00f6nnen. Die Software unserer Plattform verf\u00fcgt \u00fcber fortschrittliche Funktionen, hohe Leistung und einfache Navigation. Sie k\u00f6nnen sicher sein, dass Sie eine sicherheits- und leistungsorientierte PWA erhalten. Die Vielfalt von Thor Fortune im Vergleich zu anderen [&hellip;]<\/p>\n","protected":false},"author":1,"featured_media":0,"parent":0,"menu_order":0,"comment_status":"closed","ping_status":"closed","template":"template-builder.php","meta":{"_acf_changed":false,"inline_featured_image":false,"footnotes":""},"class_list":["post-1442","page","type-page","status-publish","hentry"],"acf":[],"yoast_head":"<!-- This site is optimized with the Yoast SEO plugin v24.4 - https:\/\/yoast.com\/wordpress\/plugins\/seo\/ -->\n<title>Thorfortune App | iOS- und Android-Plattformen<\/title>\n<meta name=\"description\" content=\"Die Thorfortune-App bietet reibungsloses Casino-Gaming auf Android, iOS, Windows und macOS mit synchronisierten Konten, regelm\u00e4\u00dfigen Updates und integriertem Kundensupport f\u00fcr ein stressfreies Erlebnis.\" \/>\n<meta name=\"robots\" content=\"index, follow, max-snippet:-1, max-image-preview:large, max-video-preview:-1\" \/>\n<link rel=\"canonical\" href=\"https:\/\/thorfortuneonline.org\/de\/app\/\" \/>\n<meta property=\"og:locale\" content=\"de_DE\" \/>\n<meta property=\"og:type\" content=\"article\" \/>\n<meta property=\"og:title\" content=\"Thorfortune App | iOS- und Android-Plattformen\" \/>\n<meta property=\"og:description\" content=\"Die Thorfortune-App bietet reibungsloses Casino-Gaming auf Android, iOS, Windows und macOS mit synchronisierten Konten, regelm\u00e4\u00dfigen Updates und integriertem Kundensupport f\u00fcr ein stressfreies Erlebnis.\" \/>\n<meta property=\"og:url\" content=\"https:\/\/thorfortuneonline.org\/de\/app\/\" \/>\n<meta property=\"og:site_name\" content=\"thorfortune\" \/>\n<meta property=\"article:modified_time\" content=\"2026-03-02T11:01:40+00:00\" \/>\n<meta name=\"twitter:card\" content=\"summary_large_image\" \/>\n<meta name=\"twitter:label1\" content=\"Gesch\u00e4tzte Lesezeit\" \/>\n\t<meta name=\"twitter:data1\" content=\"2\u00a0Minuten\" \/>\n<script type=\"application\/ld+json\" class=\"yoast-schema-graph\">{\"@context\":\"https:\/\/schema.org\",\"@graph\":[{\"@type\":\"WebPage\",\"@id\":\"https:\/\/thorfortuneonline.org\/de\/app\/\",\"url\":\"https:\/\/thorfortuneonline.org\/de\/app\/\",\"name\":\"Thorfortune App | iOS- und Android-Plattformen\",\"isPartOf\":{\"@id\":\"https:\/\/thorfortuneonline.org\/de\/#website\"},\"datePublished\":\"2026-01-20T12:08:23+00:00\",\"dateModified\":\"2026-03-02T11:01:40+00:00\",\"description\":\"Die Thorfortune-App bietet reibungsloses Casino-Gaming auf Android, iOS, Windows und macOS mit synchronisierten Konten, regelm\u00e4\u00dfigen Updates und integriertem Kundensupport f\u00fcr ein stressfreies Erlebnis.\",\"breadcrumb\":{\"@id\":\"https:\/\/thorfortuneonline.org\/de\/app\/#breadcrumb\"},\"inLanguage\":\"de\",\"potentialAction\":[{\"@type\":\"ReadAction\",\"target\":[\"https:\/\/thorfortuneonline.org\/de\/app\/\"]}]},{\"@type\":\"BreadcrumbList\",\"@id\":\"https:\/\/thorfortuneonline.org\/de\/app\/#breadcrumb\",\"itemListElement\":[{\"@type\":\"ListItem\",\"position\":1,\"name\":\"Thorfortune\",\"item\":\"https:\/\/thorfortuneonline.org\/de\/\"},{\"@type\":\"ListItem\",\"position\":2,\"name\":\"App\"}]},{\"@type\":\"WebSite\",\"@id\":\"https:\/\/thorfortuneonline.org\/de\/#website\",\"url\":\"https:\/\/thorfortuneonline.org\/de\/\",\"name\":\"Thorfortune\",\"description\":\"\",\"publisher\":{\"@id\":\"https:\/\/thorfortuneonline.org\/de\/#organization\"},\"potentialAction\":[{\"@type\":\"SearchAction\",\"target\":{\"@type\":\"EntryPoint\",\"urlTemplate\":\"https:\/\/thorfortuneonline.org\/de\/?s={search_term_string}\"},\"query-input\":{\"@type\":\"PropertyValueSpecification\",\"valueRequired\":true,\"valueName\":\"search_term_string\"}}],\"inLanguage\":\"de\"},{\"@type\":\"Organization\",\"@id\":\"https:\/\/thorfortuneonline.org\/de\/#organization\",\"name\":\"Thorfortune\",\"url\":\"https:\/\/thorfortuneonline.org\/de\/\",\"logo\":{\"@type\":\"ImageObject\",\"inLanguage\":\"de\",\"@id\":\"https:\/\/thorfortuneonline.org\/de\/#\/schema\/logo\/image\/\",\"url\":\"https:\/\/thorfortuneonline.org\/wp-content\/uploads\/2026\/03\/logo.png\",\"contentUrl\":\"https:\/\/thorfortuneonline.org\/wp-content\/uploads\/2026\/03\/logo.png\",\"width\":160,\"height\":37,\"caption\":\"Thorfortune\"},\"image\":{\"@id\":\"https:\/\/thorfortuneonline.org\/de\/#\/schema\/logo\/image\/\"}}]}<\/script>\n<!-- \/ Yoast SEO plugin. -->","yoast_head_json":{"title":"Thorfortune App | iOS- und Android-Plattformen","description":"Die Thorfortune-App bietet reibungsloses Casino-Gaming auf Android, iOS, Windows und macOS mit synchronisierten Konten, regelm\u00e4\u00dfigen Updates und integriertem Kundensupport f\u00fcr ein stressfreies Erlebnis.","robots":{"index":"index","follow":"follow","max-snippet":"max-snippet:-1","max-image-preview":"max-image-preview:large","max-video-preview":"max-video-preview:-1"},"canonical":"https:\/\/thorfortuneonline.org\/de\/app\/","og_locale":"de_DE","og_type":"article","og_title":"Thorfortune App | iOS- und Android-Plattformen","og_description":"Die Thorfortune-App bietet reibungsloses Casino-Gaming auf Android, iOS, Windows und macOS mit synchronisierten Konten, regelm\u00e4\u00dfigen Updates und integriertem Kundensupport f\u00fcr ein stressfreies Erlebnis.","og_url":"https:\/\/thorfortuneonline.org\/de\/app\/","og_site_name":"thorfortune","article_modified_time":"2026-03-02T11:01:40+00:00","twitter_card":"summary_large_image","twitter_misc":{"Gesch\u00e4tzte Lesezeit":"2\u00a0Minuten"},"schema":{"@context":"https:\/\/schema.org","@graph":[{"@type":"WebPage","@id":"https:\/\/thorfortuneonline.org\/de\/app\/","url":"https:\/\/thorfortuneonline.org\/de\/app\/","name":"Thorfortune App | iOS- und Android-Plattformen","isPartOf":{"@id":"https:\/\/thorfortuneonline.org\/de\/#website"},"datePublished":"2026-01-20T12:08:23+00:00","dateModified":"2026-03-02T11:01:40+00:00","description":"Die Thorfortune-App bietet reibungsloses Casino-Gaming auf Android, iOS, Windows und macOS mit synchronisierten Konten, regelm\u00e4\u00dfigen Updates und integriertem Kundensupport f\u00fcr ein stressfreies Erlebnis.","breadcrumb":{"@id":"https:\/\/thorfortuneonline.org\/de\/app\/#breadcrumb"},"inLanguage":"de","potentialAction":[{"@type":"ReadAction","target":["https:\/\/thorfortuneonline.org\/de\/app\/"]}]},{"@type":"BreadcrumbList","@id":"https:\/\/thorfortuneonline.org\/de\/app\/#breadcrumb","itemListElement":[{"@type":"ListItem","position":1,"name":"Thorfortune","item":"https:\/\/thorfortuneonline.org\/de\/"},{"@type":"ListItem","position":2,"name":"App"}]},{"@type":"WebSite","@id":"https:\/\/thorfortuneonline.org\/de\/#website","url":"https:\/\/thorfortuneonline.org\/de\/","name":"Thorfortune","description":"","publisher":{"@id":"https:\/\/thorfortuneonline.org\/de\/#organization"},"potentialAction":[{"@type":"SearchAction","target":{"@type":"EntryPoint","urlTemplate":"https:\/\/thorfortuneonline.org\/de\/?s={search_term_string}"},"query-input":{"@type":"PropertyValueSpecification","valueRequired":true,"valueName":"search_term_string"}}],"inLanguage":"de"},{"@type":"Organization","@id":"https:\/\/thorfortuneonline.org\/de\/#organization","name":"Thorfortune","url":"https:\/\/thorfortuneonline.org\/de\/","logo":{"@type":"ImageObject","inLanguage":"de","@id":"https:\/\/thorfortuneonline.org\/de\/#\/schema\/logo\/image\/","url":"https:\/\/thorfortuneonline.org\/wp-content\/uploads\/2026\/03\/logo.png","contentUrl":"https:\/\/thorfortuneonline.org\/wp-content\/uploads\/2026\/03\/logo.png","width":160,"height":37,"caption":"Thorfortune"},"image":{"@id":"https:\/\/thorfortuneonline.org\/de\/#\/schema\/logo\/image\/"}}]}},"_links":{"self":[{"href":"https:\/\/thorfortuneonline.org\/de\/wp-json\/wp\/v2\/pages\/1442"}],"collection":[{"href":"https:\/\/thorfortuneonline.org\/de\/wp-json\/wp\/v2\/pages"}],"about":[{"href":"https:\/\/thorfortuneonline.org\/de\/wp-json\/wp\/v2\/types\/page"}],"author":[{"embeddable":true,"href":"https:\/\/thorfortuneonline.org\/de\/wp-json\/wp\/v2\/users\/1"}],"replies":[{"embeddable":true,"href":"https:\/\/thorfortuneonline.org\/de\/wp-json\/wp\/v2\/comments?post=1442"}],"version-history":[{"count":3,"href":"https:\/\/thorfortuneonline.org\/de\/wp-json\/wp\/v2\/pages\/1442\/revisions"}],"predecessor-version":[{"id":2071,"href":"https:\/\/thorfortuneonline.org\/de\/wp-json\/wp\/v2\/pages\/1442\/revisions\/2071"}],"wp:attachment":[{"href":"https:\/\/thorfortuneonline.org\/de\/wp-json\/wp\/v2\/media?parent=1442"}],"curies":[{"name":"wp","href":"https:\/\/api.w.org\/{rel}","templated":true}]}}